{"id":8189,"date":"2024-03-07T16:21:28","date_gmt":"2024-03-07T13:21:28","guid":{"rendered":"https:\/\/palmiyesusleme.com\/index.php\/urun\/pirinc-kaplamali-paslanmaz-altin-sarisi-ayakli-yuvarlak-mermer-dis-mekan-telli-masa-prs9686\/"},"modified":"2024-03-07T16:21:41","modified_gmt":"2024-03-07T13:21:41","slug":"pirinc-kaplamali-paslanmaz-altin-sarisi-ayakli-yuvarlak-mermer-dis-mekan-telli-masa-prs9686","status":"publish","type":"product","link":"https:\/\/palmiyesusleme.com\/index.php\/urun\/pirinc-kaplamali-paslanmaz-altin-sarisi-ayakli-yuvarlak-mermer-dis-mekan-telli-masa-prs9686\/","title":{"rendered":"Pirin\u00e7 Kaplamal\u0131 Paslanmaz Alt\u0131n Sar\u0131s\u0131  Ayakl\u0131 Yuvarlak Mermer D\u0131\u015f Mekan Telli Masa prs9686"},"content":{"rendered":"<p>&lt;p&gt;Paslanmaz Telli Masa&lt;br&gt;&lt;\/p&gt;<\/p>\n","protected":false},"excerpt":{"rendered":"<p>&lt;p&gt;Paslanmaz Telli Masa&lt;br&gt;&lt;\/p&gt;<\/p>\n","protected":false},"featured_media":8190,"comment_status":"closed","ping_status":"open","template":"","meta":{"_joinchat":[]},"product_cat":[97,60,203],"product_tag":[],"class_list":{"0":"post-8189","1":"product","2":"type-product","3":"status-publish","4":"has-post-thumbnail","6":"product_cat-mermer-masalar","7":"product_cat-paslanmaz-masalar","8":"product_cat-telli-metal-masa","10":"first","11":"instock","12":"product-type-simple"},"_links":{"self":[{"href":"https:\/\/palmiyesusleme.com\/index.php\/wp-json\/wp\/v2\/product\/8189","targetHints":{"allow":["GET"]}}],"collection":[{"href":"https:\/\/palmiyesusleme.com\/index.php\/wp-json\/wp\/v2\/product"}],"about":[{"href":"https:\/\/palmiyesusleme.com\/index.php\/wp-json\/wp\/v2\/types\/product"}],"replies":[{"embeddable":true,"href":"https:\/\/palmiyesusleme.com\/index.php\/wp-json\/wp\/v2\/comments?post=8189"}],"wp:featuredmedia":[{"embeddable":true,"href":"https:\/\/palmiyesusleme.com\/index.php\/wp-json\/wp\/v2\/media\/8190"}],"wp:attachment":[{"href":"https:\/\/palmiyesusleme.com\/index.php\/wp-json\/wp\/v2\/media?parent=8189"}],"wp:term":[{"taxonomy":"product_cat","embeddable":true,"href":"https:\/\/palmiyesusleme.com\/index.php\/wp-json\/wp\/v2\/product_cat?post=8189"},{"taxonomy":"product_tag","embeddable":true,"href":"https:\/\/palmiyesusleme.com\/index.php\/wp-json\/wp\/v2\/product_tag?post=8189"}],"curies":[{"name":"wp","href":"https:\/\/api.w.org\/{rel}","templated":true}]}}