{"id":8199,"date":"2024-03-07T16:21:28","date_gmt":"2024-03-07T13:21:28","guid":{"rendered":"https:\/\/palmiyesusleme.com\/index.php\/urun\/pirinc-kaplamali-paslanmaz-altin-sarisi-ayakli-x-desenli-cam-dis-mekan-telli-masa-prs9695\/"},"modified":"2024-03-07T16:21:44","modified_gmt":"2024-03-07T13:21:44","slug":"pirinc-kaplamali-paslanmaz-altin-sarisi-ayakli-x-desenli-cam-dis-mekan-telli-masa-prs9695","status":"publish","type":"product","link":"https:\/\/palmiyesusleme.com\/index.php\/urun\/pirinc-kaplamali-paslanmaz-altin-sarisi-ayakli-x-desenli-cam-dis-mekan-telli-masa-prs9695\/","title":{"rendered":"Pirin\u00e7 Kaplamal\u0131 Paslanmaz Alt\u0131n Sar\u0131s\u0131  Ayakl\u0131 X Desenli Cam D\u0131\u015f Mekan Telli Masa prs9695"},"content":{"rendered":"<p>&lt;p&gt;Paslanmaz Telli Masa&lt;br&gt;&lt;\/p&gt;<\/p>\n","protected":false},"excerpt":{"rendered":"<p>&lt;p&gt;Paslanmaz Telli Masa&lt;br&gt;&lt;\/p&gt;<\/p>\n","protected":false},"featured_media":8200,"comment_status":"closed","ping_status":"open","template":"","meta":{"_joinchat":[]},"product_cat":[60,203],"product_tag":[],"class_list":{"0":"post-8199","1":"product","2":"type-product","3":"status-publish","4":"has-post-thumbnail","6":"product_cat-paslanmaz-masalar","7":"product_cat-telli-metal-masa","9":"first","10":"instock","11":"product-type-simple"},"_links":{"self":[{"href":"https:\/\/palmiyesusleme.com\/index.php\/wp-json\/wp\/v2\/product\/8199","targetHints":{"allow":["GET"]}}],"collection":[{"href":"https:\/\/palmiyesusleme.com\/index.php\/wp-json\/wp\/v2\/product"}],"about":[{"href":"https:\/\/palmiyesusleme.com\/index.php\/wp-json\/wp\/v2\/types\/product"}],"replies":[{"embeddable":true,"href":"https:\/\/palmiyesusleme.com\/index.php\/wp-json\/wp\/v2\/comments?post=8199"}],"wp:featuredmedia":[{"embeddable":true,"href":"https:\/\/palmiyesusleme.com\/index.php\/wp-json\/wp\/v2\/media\/8200"}],"wp:attachment":[{"href":"https:\/\/palmiyesusleme.com\/index.php\/wp-json\/wp\/v2\/media?parent=8199"}],"wp:term":[{"taxonomy":"product_cat","embeddable":true,"href":"https:\/\/palmiyesusleme.com\/index.php\/wp-json\/wp\/v2\/product_cat?post=8199"},{"taxonomy":"product_tag","embeddable":true,"href":"https:\/\/palmiyesusleme.com\/index.php\/wp-json\/wp\/v2\/product_tag?post=8199"}],"curies":[{"name":"wp","href":"https:\/\/api.w.org\/{rel}","templated":true}]}}