{"id":8219,"date":"2024-03-07T16:21:47","date_gmt":"2024-03-07T13:21:47","guid":{"rendered":"https:\/\/palmiyesusleme.com\/index.php\/urun\/paslanmaz-dis-mekan-siyah-diktortgen-telli-masa-prs9724\/"},"modified":"2024-03-07T16:21:55","modified_gmt":"2024-03-07T13:21:55","slug":"paslanmaz-dis-mekan-siyah-diktortgen-telli-masa-prs9724","status":"publish","type":"product","link":"https:\/\/palmiyesusleme.com\/index.php\/urun\/paslanmaz-dis-mekan-siyah-diktortgen-telli-masa-prs9724\/","title":{"rendered":"Paslanmaz D\u0131\u015f Mekan Siyah Dikt\u00f6rtgen Telli Masa prs9724"},"content":{"rendered":"<p>Paslanmaz Telli Masa<\/p>\n","protected":false},"excerpt":{"rendered":"<p>Paslanmaz Telli Masa<\/p>\n","protected":false},"featured_media":8220,"comment_status":"closed","ping_status":"open","template":"","meta":{"_joinchat":[]},"product_cat":[60,203],"product_tag":[],"class_list":{"0":"post-8219","1":"product","2":"type-product","3":"status-publish","4":"has-post-thumbnail","6":"product_cat-paslanmaz-masalar","7":"product_cat-telli-metal-masa","9":"first","10":"instock","11":"product-type-simple"},"_links":{"self":[{"href":"https:\/\/palmiyesusleme.com\/index.php\/wp-json\/wp\/v2\/product\/8219","targetHints":{"allow":["GET"]}}],"collection":[{"href":"https:\/\/palmiyesusleme.com\/index.php\/wp-json\/wp\/v2\/product"}],"about":[{"href":"https:\/\/palmiyesusleme.com\/index.php\/wp-json\/wp\/v2\/types\/product"}],"replies":[{"embeddable":true,"href":"https:\/\/palmiyesusleme.com\/index.php\/wp-json\/wp\/v2\/comments?post=8219"}],"wp:featuredmedia":[{"embeddable":true,"href":"https:\/\/palmiyesusleme.com\/index.php\/wp-json\/wp\/v2\/media\/8220"}],"wp:attachment":[{"href":"https:\/\/palmiyesusleme.com\/index.php\/wp-json\/wp\/v2\/media?parent=8219"}],"wp:term":[{"taxonomy":"product_cat","embeddable":true,"href":"https:\/\/palmiyesusleme.com\/index.php\/wp-json\/wp\/v2\/product_cat?post=8219"},{"taxonomy":"product_tag","embeddable":true,"href":"https:\/\/palmiyesusleme.com\/index.php\/wp-json\/wp\/v2\/product_tag?post=8219"}],"curies":[{"name":"wp","href":"https:\/\/api.w.org\/{rel}","templated":true}]}}