{"id":8404,"date":"2024-03-07T16:23:18","date_gmt":"2024-03-07T13:23:18","guid":{"rendered":"https:\/\/palmiyesusleme.com\/index.php\/urun\/kumas-dosemeli-kayin-retro-ayakli-sandalye-imalati\/"},"modified":"2024-03-07T16:23:19","modified_gmt":"2024-03-07T13:23:19","slug":"kumas-dosemeli-kayin-retro-ayakli-sandalye-imalati","status":"publish","type":"product","link":"https:\/\/palmiyesusleme.com\/index.php\/urun\/kumas-dosemeli-kayin-retro-ayakli-sandalye-imalati\/","title":{"rendered":"Kuma\u015f D\u00f6\u015femeli Kay\u0131n Retro Ayakl\u0131 Sandalye \u0130malat\u0131"},"content":{"rendered":"<p>Kuma\u015f D&ouml;\u015femeli Kay\u0131n Retro Ayakl\u0131 Sandalye \u0130malat\u0131<\/p>\n","protected":false},"excerpt":{"rendered":"<p>Kuma\u015f D&ouml;\u015femeli Kay\u0131n Retro Ayakl\u0131 Sandalye \u0130malat\u0131<\/p>\n","protected":false},"featured_media":8405,"comment_status":"closed","ping_status":"open","template":"","meta":{"_joinchat":[]},"product_cat":[130,105],"product_tag":[],"class_list":{"0":"post-8404","1":"product","2":"type-product","3":"status-publish","4":"has-post-thumbnail","6":"product_cat-hastane-sandalyeleri","7":"product_cat-poliuretan-sandalyeler","9":"first","10":"instock","11":"product-type-simple"},"_links":{"self":[{"href":"https:\/\/palmiyesusleme.com\/index.php\/wp-json\/wp\/v2\/product\/8404","targetHints":{"allow":["GET"]}}],"collection":[{"href":"https:\/\/palmiyesusleme.com\/index.php\/wp-json\/wp\/v2\/product"}],"about":[{"href":"https:\/\/palmiyesusleme.com\/index.php\/wp-json\/wp\/v2\/types\/product"}],"replies":[{"embeddable":true,"href":"https:\/\/palmiyesusleme.com\/index.php\/wp-json\/wp\/v2\/comments?post=8404"}],"wp:featuredmedia":[{"embeddable":true,"href":"https:\/\/palmiyesusleme.com\/index.php\/wp-json\/wp\/v2\/media\/8405"}],"wp:attachment":[{"href":"https:\/\/palmiyesusleme.com\/index.php\/wp-json\/wp\/v2\/media?parent=8404"}],"wp:term":[{"taxonomy":"product_cat","embeddable":true,"href":"https:\/\/palmiyesusleme.com\/index.php\/wp-json\/wp\/v2\/product_cat?post=8404"},{"taxonomy":"product_tag","embeddable":true,"href":"https:\/\/palmiyesusleme.com\/index.php\/wp-json\/wp\/v2\/product_tag?post=8404"}],"curies":[{"name":"wp","href":"https:\/\/api.w.org\/{rel}","templated":true}]}}