{"id":8448,"date":"2024-03-07T16:23:34","date_gmt":"2024-03-07T13:23:34","guid":{"rendered":"https:\/\/palmiyesusleme.com\/index.php\/urun\/retro-ayak-polipropilen-kollu-modern-koltuk-sandalye\/"},"modified":"2024-03-07T16:23:37","modified_gmt":"2024-03-07T13:23:37","slug":"retro-ayak-polipropilen-kollu-modern-koltuk-sandalye","status":"publish","type":"product","link":"https:\/\/palmiyesusleme.com\/index.php\/urun\/retro-ayak-polipropilen-kollu-modern-koltuk-sandalye\/","title":{"rendered":"Retro Ayak Polipropilen Kollu Modern Koltuk Sandalye"},"content":{"rendered":"<p>&lt;p&gt;Retro Ayak Polipropilen Kollu Modern Koltuk Sandalye&lt;br&gt;&lt;\/p&gt;&lt;p&gt;Krem, Beyaz, Sar\u0131, Siyah, K\u0131rm\u0131z\u0131, Turuncu, Ye\u015fil, Mavi ve Gri Renkleri mevcuttur.&lt;\/p&gt;&lt;p&gt;Ah\u015fap Retro Ayak Polipropilen Kollu Modern Koltuk Sandalye&lt;\/p&gt;&lt;p&gt;Yemek ve Oturma Odas\u0131nda kullan\u0131m\u0131n\u0131n d\u0131\u015f\u0131nda ofisinizde de kullanabilece\u011finiz harika bir se\u00e7enek&lt;\/p&gt;<br \/>\n&lt;p&gt;&lt;\/p&gt;&lt;p&gt;&lt;b&gt;2020 Trend Modern Sandalyeler&lt;\/b&gt;&lt;\/p&gt;&lt;p&gt;\u00d6zel Kuma\u015f Modelleri ile d\u00f6\u015fenmi\u015f; \u015f\u0131k ve \u00e7ekici, evlerde ve ofislerde ortam\u0131n\u0131z\u0131 renkli hale getirmek i\u00e7in rahat ve sa\u011flam bu sandalyeyi sizlere sunuyoruz.&lt;\/p&gt;&lt;p&gt;Yuvarlak masalarla harika kombinler olu\u015fturabilirsiniz.&lt;\/p&gt;<br \/>\n&lt;div class=&quot;table-responsive&quot;&gt;<br \/>\n&lt;table class=&quot;table table-bordered&quot;&gt;<br \/>\n&lt;tbody&gt;<br \/>\n&lt;tr&gt;<br \/>\n&lt;td colspan=&quot;5&quot; class=&quot;text-center&quot; style=&quot;vertical-align:middle&quot;&gt;&lt;img src=&quot;\/image\/urun-olculeri\/ahsap-modern-kollu-sandalye-olculeri.png&quot; alt=&quot;\u00d6l\u00e7\u00fc&quot;&gt;&lt;\/td&gt;<br \/>\n&lt;\/tr&gt;<br \/>\n&lt;tr&gt;<br \/>\n&lt;td class=&quot;text-center&quot; style=&quot;vertical-align:middle&quot;&gt;&lt;span class=&quot;text-center&quot; style=&quot;vertical-align:middle&quot;&gt;&lt;strong&gt;Geni\u015flik&lt;\/strong&gt;&lt;\/span&gt;&lt;\/td&gt;<br \/>\n&lt;td class=&quot;text-center&quot; style=&quot;vertical-align:middle&quot;&gt;&lt;span class=&quot;text-center&quot; style=&quot;vertical-align:middle&quot;&gt;&lt;strong&gt;Oturum Y\u00fcksekli\u011fi&lt;\/strong&gt;&lt;\/span&gt;&lt;\/td&gt;<br \/>\n&lt;td class=&quot;text-center&quot; style=&quot;vertical-align:middle&quot;&gt;&lt;span class=&quot;text-center&quot; style=&quot;vertical-align:middle&quot;&gt;&lt;strong&gt;Derinlik&lt;\/strong&gt;&lt;\/span&gt;&lt;\/td&gt;<br \/>\n&lt;td class=&quot;text-center&quot; style=&quot;vertical-align:middle&quot;&gt;&lt;span class=&quot;text-center&quot; style=&quot;vertical-align:middle&quot;&gt;&lt;strong&gt;Y\u00fckseklik&lt;\/strong&gt;&lt;\/span&gt;&lt;\/td&gt;<br \/>\n&lt;td class=&quot;text-center&quot; style=&quot;vertical-align:middle&quot;&gt;&lt;span class=&quot;text-center&quot; style=&quot;vertical-align:middle&quot;&gt;&lt;strong&gt;Kol Y\u00fcksekli\u011fi&lt;\/strong&gt;&lt;\/span&gt;&lt;\/td&gt;<br \/>\n&lt;\/tr&gt;<br \/>\n&lt;tr&gt;<br \/>\n&lt;td class=&quot;text-center&quot; style=&quot;vertical-align:middle&quot;&gt;40 cm&lt;\/td&gt;<br \/>\n&lt;td class=&quot;text-center&quot; style=&quot;vertical-align:middle&quot;&gt;44 cm&lt;\/td&gt;<br \/>\n&lt;td class=&quot;text-center&quot; style=&quot;vertical-align:middle&quot;&gt;40 cm&lt;\/td&gt;<br \/>\n&lt;td class=&quot;text-center&quot; style=&quot;vertical-align:middle&quot;&gt;83 cm&lt;\/td&gt;<br \/>\n&lt;td class=&quot;text-center&quot; style=&quot;vertical-align:middle&quot;&gt;64 cm&lt;\/td&gt;<br \/>\n&lt;\/tr&gt;<br \/>\n&lt;tr&gt;<br \/>\n&lt;td class=&quot;text-center&quot; style=&quot;vertical-align:middle&quot; colspan=&quot;5&quot;&gt;\u0130ste\u011fe \u00f6zel olarak malzeme cinsinde (ah\u015fap,boya,kuma\u015f,deri) ve \u00fcr\u00fcn \u00f6l\u00e7\u00fclerinde de\u011fi\u015fiklik yap\u0131labilir.&lt;\/td&gt;<br \/>\n&lt;\/tr&gt;<br \/>\n&lt;\/tbody&gt;<br \/>\n&lt;\/table&gt;<br \/>\n&lt;\/div&gt;<br \/>\n&lt;img src=&quot;\/image\/catalog\/urun-diger\/koltuk-retro-ayak-dekorasyon-resim-1.jpg&quot; alt=&quot;\u00dcr\u00fcn Resim&quot;&gt;<br \/>\n&lt;hr&gt;<br \/>\n&lt;img src=&quot;\/image\/catalog\/urun-diger\/koltuk-retro-ayak-dekorasyon-resim-2.jpg&quot; alt=&quot;\u00dcr\u00fcn Resim&quot;&gt;<br \/>\n&lt;p&gt;&lt;b&gt;&lt;br&gt;&lt;\/b&gt;&lt;\/p&gt;&lt;p&gt;&lt;b&gt;Y\u00fckleme Bilgileri&lt;\/b&gt;&lt;\/p&gt;&lt;p&gt;TIR : 592&lt;br&gt;&lt;\/p&gt;<br \/>\n20&#039; DC : 220&lt;p&gt;&lt;\/p&gt;&lt;p&gt;40&#039; DC : 440&lt;\/p&gt;&lt;p&gt;40&#039; HC : 516&lt;\/p&gt;<\/p>\n","protected":false},"excerpt":{"rendered":"<p>&lt;p&gt;Retro Ayak Polipropilen Kollu Modern Koltuk Sandalye&lt;br&gt;&lt;\/p&gt;&lt;p&gt;Krem, Beyaz, Sar\u0131, Siyah, K\u0131rm\u0131z\u0131, Turuncu, Ye\u015fil, Mavi ve Gri Renkleri mevcuttur.&lt;\/p&gt;&lt;p&gt;Ah\u015fap Retro Ayak Polipropilen Kollu Modern Koltuk Sandalye&lt;\/p&gt;&lt;p&gt;Yemek ve Oturma Odas\u0131nda kullan\u0131m\u0131n\u0131n d\u0131\u015f\u0131nda ofisinizde de kullanabilece\u011finiz harika bir se\u00e7enek&lt;\/p&gt; &lt;p&gt;&lt;\/p&gt;&lt;p&gt;&lt;b&gt;2020 Trend Modern Sandalyeler&lt;\/b&gt;&lt;\/p&gt;&lt;p&gt;\u00d6zel Kuma\u015f Modelleri ile d\u00f6\u015fenmi\u015f; \u015f\u0131k ve \u00e7ekici, evlerde ve ofislerde ortam\u0131n\u0131z\u0131 renkli hale getirmek i\u00e7in [&hellip;]<\/p>\n","protected":false},"featured_media":8449,"comment_status":"closed","ping_status":"open","template":"","meta":{"_joinchat":[]},"product_cat":[183,105],"product_tag":[],"class_list":{"0":"post-8448","1":"product","2":"type-product","3":"status-publish","4":"has-post-thumbnail","6":"product_cat-ahsap-modern-kollu-sandalye","7":"product_cat-poliuretan-sandalyeler","9":"first","10":"instock","11":"product-type-simple"},"_links":{"self":[{"href":"https:\/\/palmiyesusleme.com\/index.php\/wp-json\/wp\/v2\/product\/8448","targetHints":{"allow":["GET"]}}],"collection":[{"href":"https:\/\/palmiyesusleme.com\/index.php\/wp-json\/wp\/v2\/product"}],"about":[{"href":"https:\/\/palmiyesusleme.com\/index.php\/wp-json\/wp\/v2\/types\/product"}],"replies":[{"embeddable":true,"href":"https:\/\/palmiyesusleme.com\/index.php\/wp-json\/wp\/v2\/comments?post=8448"}],"wp:featuredmedia":[{"embeddable":true,"href":"https:\/\/palmiyesusleme.com\/index.php\/wp-json\/wp\/v2\/media\/8449"}],"wp:attachment":[{"href":"https:\/\/palmiyesusleme.com\/index.php\/wp-json\/wp\/v2\/media?parent=8448"}],"wp:term":[{"taxonomy":"product_cat","embeddable":true,"href":"https:\/\/palmiyesusleme.com\/index.php\/wp-json\/wp\/v2\/product_cat?post=8448"},{"taxonomy":"product_tag","embeddable":true,"href":"https:\/\/palmiyesusleme.com\/index.php\/wp-json\/wp\/v2\/product_tag?post=8448"}],"curies":[{"name":"wp","href":"https:\/\/api.w.org\/{rel}","templated":true}]}}