{"id":8583,"date":"2024-03-07T16:24:23","date_gmt":"2024-03-07T13:24:23","guid":{"rendered":"https:\/\/palmiyesusleme.com\/index.php\/urun\/bej-kumas-dosemeli-paslanmaz-ayakli-amartisorlu-kollu-sandalye\/"},"modified":"2024-03-07T16:24:33","modified_gmt":"2024-03-07T13:24:33","slug":"bej-kumas-dosemeli-paslanmaz-ayakli-amartisorlu-kollu-sandalye","status":"publish","type":"product","link":"https:\/\/palmiyesusleme.com\/index.php\/urun\/bej-kumas-dosemeli-paslanmaz-ayakli-amartisorlu-kollu-sandalye\/","title":{"rendered":"Bej Kuma\u015f D\u00f6\u015femeli Paslanmaz Ayakl\u0131 Amartis\u00f6rl\u00fc Kollu Sandalye"},"content":{"rendered":"<p>Bej Kuma\u015f D&ouml;\u015femeli Paslanmaz Ayakl\u0131 Amartis&ouml;rl&uuml; Kollu Sandalyemiz, hastane sandalyeleri grubumuzun en \u015f\u0131k &uuml;yelerinden biri&#8230;Showrooma bekliyoruz.&lt;hr&gt;&lt;img src=&quot;\/image\/urun-olculeri\/ahsap-modern-kollu-sandalye-olculeri.png&quot;&gt;&lt;\/p&gt;&lt;table class=&quot;table table-bordered&quot;&gt;&lt;tbody&gt;&lt;tr&gt;&lt;td&gt;Geni\u015flik&lt;\/td&gt;&lt;td&gt;&lt;br&gt;&lt;\/td&gt;&lt;\/tr&gt;&lt;tr&gt;&lt;td&gt;Oturum Y&uuml;ksekli\u011fi&lt;\/td&gt;&lt;td&gt;&lt;br&gt;&lt;\/td&gt;&lt;\/tr&gt;&lt;tr&gt;&lt;td&gt;Derinlik&lt;\/td&gt;&lt;td&gt;&lt;br&gt;&lt;\/td&gt;&lt;\/tr&gt;&lt;tr&gt;&lt;td&gt;Y&uuml;kseklik&lt;\/td&gt;&lt;td&gt;&lt;br&gt;&lt;\/td&gt;&lt;\/tr&gt;&lt;tr&gt;&lt;td&gt;Kol Y&uuml;ksekli\u011fi&lt;\/td&gt;&lt;td&gt;&lt;br&gt;&lt;\/td&gt;&lt;\/tr&gt;&lt;\/tbody&gt;&lt;\/table&gt;&lt;p&gt;&lt;b&gt;&lt;br&gt;&lt;\/b&gt;&lt;\/p&gt;&lt;\/table&gt;&lt;p&gt;\u0130ste\u011fe &ouml;zel olarak malzeme cinsinde (ah\u015fap,boya,kuma\u015f,deri) ve &uuml;r&uuml;n &ouml;l&ccedil;&uuml;lerinde de\u011fi\u015fiklik yap\u0131labilir.&lt;\/p&gt;&lt;table class=&quot;table table-bordered&quot;&gt;<br \/>\n&lt;tbody&gt;<br \/>\n&lt;tr&gt;<br \/>\n&lt;td colspan=&quot;4&quot; class=&quot;text-center&quot; style=&quot;vertical-align:middle&quot;&gt;&lt;img src=&quot;\/image\/urun-olculeri\/ahsap-klasik-kollu-sandalye-olculer.png&quot; alt=&quot;&Ouml;l&ccedil;&uuml;&quot;&gt;&lt;\/td&gt;<br \/>\n&lt;\/tr&gt;<br \/>\n&lt;tr&gt;<br \/>\n&lt;td class=&quot;text-center&quot; style=&quot;vertical-align:middle&quot;&gt;&lt;span class=&quot;text-center&quot; style=&quot;vertical-align:middle&quot;&gt;&lt;strong&gt;Geni\u015flik&lt;\/strong&gt;&lt;\/span&gt;&lt;\/td&gt;<br \/>\n&lt;td class=&quot;text-center&quot; style=&quot;vertical-align:middle&quot;&gt;&lt;span class=&quot;text-center&quot; style=&quot;vertical-align:middle&quot;&gt;&lt;strong&gt;Oturum Y&uuml;ksekli\u011fi&lt;\/strong&gt;&lt;\/span&gt;&lt;\/td&gt;<br \/>\n&lt;td class=&quot;text-center&quot; style=&quot;vertical-align:middle&quot;&gt;&lt;span class=&quot;text-center&quot; style=&quot;vertical-align:middle&quot;&gt;&lt;strong&gt;Derinlik&lt;\/strong&gt;&lt;\/span&gt;&lt;\/td&gt;<br \/>\n&lt;td class=&quot;text-center&quot; style=&quot;vertical-align:middle&quot;&gt;&lt;span class=&quot;text-center&quot; style=&quot;vertical-align:middle&quot;&gt;&lt;strong&gt;Y&uuml;kseklik&lt;\/strong&gt;&lt;\/span&gt;&lt;\/td&gt;<br \/>\n&lt;\/tr&gt;<br \/>\n&lt;tr&gt;<br \/>\n&lt;td class=&quot;text-center&quot; style=&quot;vertical-align:middle&quot;&gt;&nbsp;&lt;\/td&gt;<br \/>\n&lt;td class=&quot;text-center&quot; style=&quot;vertical-align:middle&quot;&gt;&nbsp;&lt;\/td&gt;<br \/>\n&lt;td class=&quot;text-center&quot; style=&quot;vertical-align:middle&quot;&gt;&nbsp;&lt;\/td&gt;<br \/>\n&lt;td class=&quot;text-center&quot; style=&quot;vertical-align:middle&quot;&gt;&nbsp;&lt;\/td&gt;<br \/>\n&lt;\/tr&gt;<br \/>\n&lt;tr&gt;<br \/>\n&lt;td class=&quot;text-center&quot; style=&quot;vertical-align:middle&quot; colspan=&quot;4&quot;&gt;\u0130ste\u011fe &ouml;zel olarak malzeme cinsinde (ah\u015fap,boya,kuma\u015f,deri) ve &uuml;r&uuml;n &ouml;l&ccedil;&uuml;lerinde de\u011fi\u015fiklik yap\u0131labilir.&lt;\/td&gt;<br \/>\n&lt;\/tr&gt;<br \/>\n&lt;\/tbody&gt;<br \/>\n&lt;\/table&gt;<br \/>\n&lt;hr&gt;<\/p>\n","protected":false},"excerpt":{"rendered":"<p>Bej Kuma\u015f D&ouml;\u015femeli Paslanmaz Ayakl\u0131 Amartis&ouml;rl&uuml; Kollu Sandalyemiz, hastane sandalyeleri grubumuzun en \u015f\u0131k &uuml;yelerinden biri&#8230;Showrooma bekliyoruz.&lt;hr&gt;&lt;img src=&quot;\/image\/urun-olculeri\/ahsap-modern-kollu-sandalye-olculeri.png&quot;&gt;&lt;\/p&gt;&lt;table class=&quot;table table-bordered&quot;&gt;&lt;tbody&gt;&lt;tr&gt;&lt;td&gt;Geni\u015flik&lt;\/td&gt;&lt;td&gt;&lt;br&gt;&lt;\/td&gt;&lt;\/tr&gt;&lt;tr&gt;&lt;td&gt;Oturum Y&uuml;ksekli\u011fi&lt;\/td&gt;&lt;td&gt;&lt;br&gt;&lt;\/td&gt;&lt;\/tr&gt;&lt;tr&gt;&lt;td&gt;Derinlik&lt;\/td&gt;&lt;td&gt;&lt;br&gt;&lt;\/td&gt;&lt;\/tr&gt;&lt;tr&gt;&lt;td&gt;Y&uuml;kseklik&lt;\/td&gt;&lt;td&gt;&lt;br&gt;&lt;\/td&gt;&lt;\/tr&gt;&lt;tr&gt;&lt;td&gt;Kol Y&uuml;ksekli\u011fi&lt;\/td&gt;&lt;td&gt;&lt;br&gt;&lt;\/td&gt;&lt;\/tr&gt;&lt;\/tbody&gt;&lt;\/table&gt;&lt;p&gt;&lt;b&gt;&lt;br&gt;&lt;\/b&gt;&lt;\/p&gt;&lt;\/table&gt;&lt;p&gt;\u0130ste\u011fe &ouml;zel olarak malzeme cinsinde (ah\u015fap,boya,kuma\u015f,deri) ve &uuml;r&uuml;n &ouml;l&ccedil;&uuml;lerinde de\u011fi\u015fiklik yap\u0131labilir.&lt;\/p&gt;&lt;table class=&quot;table table-bordered&quot;&gt; &lt;tbody&gt; &lt;tr&gt; &lt;td colspan=&quot;4&quot; class=&quot;text-center&quot; style=&quot;vertical-align:middle&quot;&gt;&lt;img src=&quot;\/image\/urun-olculeri\/ahsap-klasik-kollu-sandalye-olculer.png&quot; alt=&quot;&Ouml;l&ccedil;&uuml;&quot;&gt;&lt;\/td&gt; &lt;\/tr&gt; &lt;tr&gt; &lt;td class=&quot;text-center&quot; style=&quot;vertical-align:middle&quot;&gt;&lt;span class=&quot;text-center&quot; style=&quot;vertical-align:middle&quot;&gt;&lt;strong&gt;Geni\u015flik&lt;\/strong&gt;&lt;\/span&gt;&lt;\/td&gt; &lt;td class=&quot;text-center&quot; style=&quot;vertical-align:middle&quot;&gt;&lt;span class=&quot;text-center&quot; style=&quot;vertical-align:middle&quot;&gt;&lt;strong&gt;Oturum Y&uuml;ksekli\u011fi&lt;\/strong&gt;&lt;\/span&gt;&lt;\/td&gt; &lt;td [&hellip;]<\/p>\n","protected":false},"featured_media":8584,"comment_status":"closed","ping_status":"open","template":"","meta":{"_joinchat":[]},"product_cat":[130,105,36],"product_tag":[],"class_list":{"0":"post-8583","1":"product","2":"type-product","3":"status-publish","4":"has-post-thumbnail","6":"product_cat-hastane-sandalyeleri","7":"product_cat-poliuretan-sandalyeler","8":"product_cat-sandalye-modelleri","10":"first","11":"instock","12":"product-type-simple"},"_links":{"self":[{"href":"https:\/\/palmiyesusleme.com\/index.php\/wp-json\/wp\/v2\/product\/8583","targetHints":{"allow":["GET"]}}],"collection":[{"href":"https:\/\/palmiyesusleme.com\/index.php\/wp-json\/wp\/v2\/product"}],"about":[{"href":"https:\/\/palmiyesusleme.com\/index.php\/wp-json\/wp\/v2\/types\/product"}],"replies":[{"embeddable":true,"href":"https:\/\/palmiyesusleme.com\/index.php\/wp-json\/wp\/v2\/comments?post=8583"}],"wp:featuredmedia":[{"embeddable":true,"href":"https:\/\/palmiyesusleme.com\/index.php\/wp-json\/wp\/v2\/media\/8584"}],"wp:attachment":[{"href":"https:\/\/palmiyesusleme.com\/index.php\/wp-json\/wp\/v2\/media?parent=8583"}],"wp:term":[{"taxonomy":"product_cat","embeddable":true,"href":"https:\/\/palmiyesusleme.com\/index.php\/wp-json\/wp\/v2\/product_cat?post=8583"},{"taxonomy":"product_tag","embeddable":true,"href":"https:\/\/palmiyesusleme.com\/index.php\/wp-json\/wp\/v2\/product_tag?post=8583"}],"curies":[{"name":"wp","href":"https:\/\/api.w.org\/{rel}","templated":true}]}}