{"id":8647,"date":"2024-03-07T16:24:59","date_gmt":"2024-03-07T13:24:59","guid":{"rendered":"https:\/\/palmiyesusleme.com\/index.php\/urun\/bitmis-60x60-metal-ayakli-bistro-masa-1-kalite\/"},"modified":"2024-03-07T16:25:01","modified_gmt":"2024-03-07T13:25:01","slug":"bitmis-60x60-metal-ayakli-bistro-masa-1-kalite","status":"publish","type":"product","link":"https:\/\/palmiyesusleme.com\/index.php\/urun\/bitmis-60x60-metal-ayakli-bistro-masa-1-kalite\/","title":{"rendered":"Bitmi\u015f 60&#215;60 Metal Ayakl\u0131 Bistro Masa 1. Kalite"},"content":{"rendered":"<p>Bitmi\u015f 60&#215;60 Metal Ayakl\u0131 Bistro Masa 1. Kalite<\/p>\n","protected":false},"excerpt":{"rendered":"<p>Bitmi\u015f 60&#215;60 Metal Ayakl\u0131 Bistro Masa 1. Kalite<\/p>\n","protected":false},"featured_media":8648,"comment_status":"closed","ping_status":"open","template":"","meta":{"_joinchat":[]},"product_cat":[93],"product_tag":[],"class_list":{"0":"post-8647","1":"product","2":"type-product","3":"status-publish","4":"has-post-thumbnail","6":"product_cat-bistro-masa","8":"first","9":"instock","10":"product-type-simple"},"_links":{"self":[{"href":"https:\/\/palmiyesusleme.com\/index.php\/wp-json\/wp\/v2\/product\/8647","targetHints":{"allow":["GET"]}}],"collection":[{"href":"https:\/\/palmiyesusleme.com\/index.php\/wp-json\/wp\/v2\/product"}],"about":[{"href":"https:\/\/palmiyesusleme.com\/index.php\/wp-json\/wp\/v2\/types\/product"}],"replies":[{"embeddable":true,"href":"https:\/\/palmiyesusleme.com\/index.php\/wp-json\/wp\/v2\/comments?post=8647"}],"wp:featuredmedia":[{"embeddable":true,"href":"https:\/\/palmiyesusleme.com\/index.php\/wp-json\/wp\/v2\/media\/8648"}],"wp:attachment":[{"href":"https:\/\/palmiyesusleme.com\/index.php\/wp-json\/wp\/v2\/media?parent=8647"}],"wp:term":[{"taxonomy":"product_cat","embeddable":true,"href":"https:\/\/palmiyesusleme.com\/index.php\/wp-json\/wp\/v2\/product_cat?post=8647"},{"taxonomy":"product_tag","embeddable":true,"href":"https:\/\/palmiyesusleme.com\/index.php\/wp-json\/wp\/v2\/product_tag?post=8647"}],"curies":[{"name":"wp","href":"https:\/\/api.w.org\/{rel}","templated":true}]}}