{"id":8709,"date":"2024-03-07T16:25:22","date_gmt":"2024-03-07T13:25:22","guid":{"rendered":"https:\/\/palmiyesusleme.com\/index.php\/urun\/pirinc-kaplama-dis-mekan-paslanmaz-sandalye-siyah-renkli-pts7001\/"},"modified":"2024-03-07T16:25:34","modified_gmt":"2024-03-07T13:25:34","slug":"pirinc-kaplama-dis-mekan-paslanmaz-sandalye-siyah-renkli-pts7001","status":"publish","type":"product","link":"https:\/\/palmiyesusleme.com\/index.php\/urun\/pirinc-kaplama-dis-mekan-paslanmaz-sandalye-siyah-renkli-pts7001\/","title":{"rendered":"Pirin\u00e7 Kaplama D\u0131\u015f mekan Paslanmaz Sandalye Siyah Renkli  pts7001"},"content":{"rendered":"<p>&lt;p&gt;Paslanmaz Sandalye&lt;br&gt;&lt;\/p&gt;<\/p>\n","protected":false},"excerpt":{"rendered":"<p>&lt;p&gt;Paslanmaz Sandalye&lt;br&gt;&lt;\/p&gt;<\/p>\n","protected":false},"featured_media":8710,"comment_status":"closed","ping_status":"open","template":"","meta":{"_joinchat":[]},"product_cat":[16],"product_tag":[],"class_list":{"0":"post-8709","1":"product","2":"type-product","3":"status-publish","4":"has-post-thumbnail","6":"product_cat-paslanmaz-sandalye","8":"first","9":"instock","10":"product-type-simple"},"_links":{"self":[{"href":"https:\/\/palmiyesusleme.com\/index.php\/wp-json\/wp\/v2\/product\/8709","targetHints":{"allow":["GET"]}}],"collection":[{"href":"https:\/\/palmiyesusleme.com\/index.php\/wp-json\/wp\/v2\/product"}],"about":[{"href":"https:\/\/palmiyesusleme.com\/index.php\/wp-json\/wp\/v2\/types\/product"}],"replies":[{"embeddable":true,"href":"https:\/\/palmiyesusleme.com\/index.php\/wp-json\/wp\/v2\/comments?post=8709"}],"wp:featuredmedia":[{"embeddable":true,"href":"https:\/\/palmiyesusleme.com\/index.php\/wp-json\/wp\/v2\/media\/8710"}],"wp:attachment":[{"href":"https:\/\/palmiyesusleme.com\/index.php\/wp-json\/wp\/v2\/media?parent=8709"}],"wp:term":[{"taxonomy":"product_cat","embeddable":true,"href":"https:\/\/palmiyesusleme.com\/index.php\/wp-json\/wp\/v2\/product_cat?post=8709"},{"taxonomy":"product_tag","embeddable":true,"href":"https:\/\/palmiyesusleme.com\/index.php\/wp-json\/wp\/v2\/product_tag?post=8709"}],"curies":[{"name":"wp","href":"https:\/\/api.w.org\/{rel}","templated":true}]}}