{"id":8715,"date":"2024-03-07T16:25:22","date_gmt":"2024-03-07T13:25:22","guid":{"rendered":"https:\/\/palmiyesusleme.com\/index.php\/urun\/desenli-armer-pirinc-kaplama-dis-mekan-siyah-renkli-kollu-paslanmaz-sandalye-pts-7004\/"},"modified":"2024-03-07T16:25:37","modified_gmt":"2024-03-07T13:25:37","slug":"desenli-armer-pirinc-kaplama-dis-mekan-siyah-renkli-kollu-paslanmaz-sandalye-pts-7004","status":"publish","type":"product","link":"https:\/\/palmiyesusleme.com\/index.php\/urun\/desenli-armer-pirinc-kaplama-dis-mekan-siyah-renkli-kollu-paslanmaz-sandalye-pts-7004\/","title":{"rendered":"Desenli Armer Pirin\u00e7 Kaplama D\u0131\u015f mekan Siyah Renkli Kollu Paslanmaz Sandalye pts 7004"},"content":{"rendered":"<p>&lt;p&gt;Paslanmaz Sandalye&lt;br&gt;&lt;\/p&gt;<\/p>\n","protected":false},"excerpt":{"rendered":"<p>&lt;p&gt;Paslanmaz Sandalye&lt;br&gt;&lt;\/p&gt;<\/p>\n","protected":false},"featured_media":8716,"comment_status":"closed","ping_status":"open","template":"","meta":{"_joinchat":[]},"product_cat":[16],"product_tag":[],"class_list":{"0":"post-8715","1":"product","2":"type-product","3":"status-publish","4":"has-post-thumbnail","6":"product_cat-paslanmaz-sandalye","8":"first","9":"instock","10":"product-type-simple"},"_links":{"self":[{"href":"https:\/\/palmiyesusleme.com\/index.php\/wp-json\/wp\/v2\/product\/8715","targetHints":{"allow":["GET"]}}],"collection":[{"href":"https:\/\/palmiyesusleme.com\/index.php\/wp-json\/wp\/v2\/product"}],"about":[{"href":"https:\/\/palmiyesusleme.com\/index.php\/wp-json\/wp\/v2\/types\/product"}],"replies":[{"embeddable":true,"href":"https:\/\/palmiyesusleme.com\/index.php\/wp-json\/wp\/v2\/comments?post=8715"}],"wp:featuredmedia":[{"embeddable":true,"href":"https:\/\/palmiyesusleme.com\/index.php\/wp-json\/wp\/v2\/media\/8716"}],"wp:attachment":[{"href":"https:\/\/palmiyesusleme.com\/index.php\/wp-json\/wp\/v2\/media?parent=8715"}],"wp:term":[{"taxonomy":"product_cat","embeddable":true,"href":"https:\/\/palmiyesusleme.com\/index.php\/wp-json\/wp\/v2\/product_cat?post=8715"},{"taxonomy":"product_tag","embeddable":true,"href":"https:\/\/palmiyesusleme.com\/index.php\/wp-json\/wp\/v2\/product_tag?post=8715"}],"curies":[{"name":"wp","href":"https:\/\/api.w.org\/{rel}","templated":true}]}}