{"id":8815,"date":"2024-03-07T16:26:25","date_gmt":"2024-03-07T13:26:25","guid":{"rendered":"https:\/\/palmiyesusleme.com\/index.php\/urun\/modern-ahsap-ayakli-puf\/"},"modified":"2024-03-07T16:26:30","modified_gmt":"2024-03-07T13:26:30","slug":"modern-ahsap-ayakli-puf","status":"publish","type":"product","link":"https:\/\/palmiyesusleme.com\/index.php\/urun\/modern-ahsap-ayakli-puf\/","title":{"rendered":"Modern Ah\u015fap Ayakl\u0131 Puf"},"content":{"rendered":"<p>&lt;h2 style=&quot;text-align: center; border: 0px solid rgb(217, 217, 227); &#8211;tw-border-spacing-x: 0; &#8211;tw-border-spacing-y: 0; &#8211;tw-translate-x: 0; &#8211;tw-translate-y: 0; &#8211;tw-rotate: 0; &#8211;tw-skew-x: 0; &#8211;tw-skew-y: 0; &#8211;tw-scale-x: 1; &#8211;tw-scale-y: 1; &#8211;tw-pan-x: ; &#8211;tw-pan-y: ; &#8211;tw-pinch-zoom: ; &#8211;tw-scroll-snap-strictness: proximity; &#8211;tw-gradient-from-position: ; &#8211;tw-gradient-via-position: ; &#8211;tw-gradient-to-position: ; &#8211;tw-ordinal: ; &#8211;tw-slashed-zero: ; &#8211;tw-numeric-figure: ; &#8211;tw-numeric-spacing: ; &#8211;tw-numeric-fraction: ; &#8211;tw-ring-inset: ; &#8211;tw-ring-offset-width: 0px; &#8211;tw-ring-offset-color: #fff; &#8211;tw-ring-color: rgba(69,89,164,.5); &#8211;tw-ring-offset-shadow: 0 0 transparent; &#8211;tw-ring-shadow: 0 0 transparent; &#8211;tw-shadow: 0 0 transparent; &#8211;tw-shadow-colored: 0 0 transparent; &#8211;tw-blur: ; &#8211;tw-brightness: ; &#8211;tw-contrast: ; &#8211;tw-grayscale: ; &#8211;tw-hue-rotate: ; &#8211;tw-invert: ; &#8211;tw-saturate: ; &#8211;tw-sepia: ; &#8211;tw-drop-shadow: ; &#8211;tw-backdrop-blur: ; &#8211;tw-backdrop-brightness: ; &#8211;tw-backdrop-contrast: ; &#8211;tw-backdrop-grayscale: ; &#8211;tw-backdrop-hue-rotate: ; &#8211;tw-backdrop-invert: ; &#8211;tw-backdrop-opacity: ; &#8211;tw-backdrop-saturate: ; &#8211;tw-backdrop-sepia: ; margin-top: 1.25em; margin-bottom: 1.25em;&quot;&gt;&lt;b&gt;Modern Ah\u015fap Ayakl\u0131 Puf&lt;\/b&gt;&lt;\/h2&gt;&lt;p style=&quot;text-align: center; border: 0px solid rgb(217, 217, 227); &#8211;tw-border-spacing-x: 0; &#8211;tw-border-spacing-y: 0; &#8211;tw-translate-x: 0; &#8211;tw-translate-y: 0; &#8211;tw-rotate: 0; &#8211;tw-skew-x: 0; &#8211;tw-skew-y: 0; &#8211;tw-scale-x: 1; &#8211;tw-scale-y: 1; &#8211;tw-pan-x: ; &#8211;tw-pan-y: ; &#8211;tw-pinch-zoom: ; &#8211;tw-scroll-snap-strictness: proximity; &#8211;tw-gradient-from-position: ; &#8211;tw-gradient-via-position: ; &#8211;tw-gradient-to-position: ; &#8211;tw-ordinal: ; &#8211;tw-slashed-zero: ; &#8211;tw-numeric-figure: ; &#8211;tw-numeric-spacing: ; &#8211;tw-numeric-fraction: ; &#8211;tw-ring-inset: ; &#8211;tw-ring-offset-width: 0px; &#8211;tw-ring-offset-color: #fff; &#8211;tw-ring-color: rgba(69,89,164,.5); &#8211;tw-ring-offset-shadow: 0 0 transparent; &#8211;tw-ring-shadow: 0 0 transparent; &#8211;tw-shadow: 0 0 transparent; &#8211;tw-shadow-colored: 0 0 transparent; &#8211;tw-blur: ; &#8211;tw-brightness: ; &#8211;tw-contrast: ; &#8211;tw-grayscale: ; &#8211;tw-hue-rotate: ; &#8211;tw-invert: ; &#8211;tw-saturate: ; &#8211;tw-sepia: ; &#8211;tw-drop-shadow: ; &#8211;tw-backdrop-blur: ; &#8211;tw-backdrop-brightness: ; &#8211;tw-backdrop-contrast: ; &#8211;tw-backdrop-grayscale: ; &#8211;tw-backdrop-hue-rotate: ; &#8211;tw-backdrop-invert: ; &#8211;tw-backdrop-opacity: ; &#8211;tw-backdrop-saturate: ; &#8211;tw-backdrop-sepia: ; margin-top: 1.25em; margin-bottom: 1.25em;&quot;&gt;&lt;img src=&quot;https:\/\/www.palmiyekocak.com\/image\/catalog\/urun\/puf\/puf4-min.png&quot; style=&quot;width: 1303px;&quot;&gt;&lt;\/p&gt;&lt;h2 style=&quot;font-family: &amp;quot;Open Sans&amp;quot;, sans-serif; color: rgb(84, 84, 84); margin-top: 1.25em; margin-bottom: 1.25em; text-align: center; border: 0px solid rgb(217, 217, 227); &#8211;tw-border-spacing-x: 0; &#8211;tw-border-spacing-y: 0; &#8211;tw-translate-x: 0; &#8211;tw-translate-y: 0; &#8211;tw-rotate: 0; &#8211;tw-skew-x: 0; &#8211;tw-skew-y: 0; &#8211;tw-scale-x: 1; &#8211;tw-scale-y: 1; &#8211;tw-pan-x: ; &#8211;tw-pan-y: ; &#8211;tw-pinch-zoom: ; &#8211;tw-scroll-snap-strictness: proximity; &#8211;tw-gradient-from-position: ; &#8211;tw-gradient-via-position: ; &#8211;tw-gradient-to-position: ; &#8211;tw-ordinal: ; &#8211;tw-slashed-zero: ; &#8211;tw-numeric-figure: ; &#8211;tw-numeric-spacing: ; &#8211;tw-numeric-fraction: ; &#8211;tw-ring-inset: ; &#8211;tw-ring-offset-width: 0px; &#8211;tw-ring-offset-color: #fff; &#8211;tw-ring-color: rgba(69,89,164,.5); &#8211;tw-ring-offset-shadow: 0 0 transparent; &#8211;tw-ring-shadow: 0 0 transparent; &#8211;tw-shadow: 0 0 transparent; &#8211;tw-shadow-colored: 0 0 transparent; &#8211;tw-blur: ; &#8211;tw-brightness: ; &#8211;tw-contrast: ; &#8211;tw-grayscale: ; &#8211;tw-hue-rotate: ; &#8211;tw-invert: ; &#8211;tw-saturate: ; &#8211;tw-sepia: ; &#8211;tw-drop-shadow: ; &#8211;tw-backdrop-blur: ; &#8211;tw-backdrop-brightness: ; &#8211;tw-backdrop-contrast: ; &#8211;tw-backdrop-grayscale: ; &#8211;tw-backdrop-hue-rotate: ; &#8211;tw-backdrop-invert: ; &#8211;tw-backdrop-opacity: ; &#8211;tw-backdrop-saturate: ; &#8211;tw-backdrop-sepia: ;&quot;&gt;&lt;img src=&quot;https:\/\/www.palmiyekocak.com\/image\/catalog\/urun\/puf\/zsd.png&quot; style=&quot;width: 1303px;&quot;&gt;&lt;\/h2&gt;&lt;h2 style=&quot;font-family: &amp;quot;Open Sans&amp;quot;, sans-serif; color: rgb(84, 84, 84); margin-top: 1.25em; margin-bottom: 1.25em; text-align: center; border: 0px solid rgb(217, 217, 227); &#8211;tw-border-spacing-x: 0; &#8211;tw-border-spacing-y: 0; &#8211;tw-translate-x: 0; &#8211;tw-translate-y: 0; &#8211;tw-rotate: 0; &#8211;tw-skew-x: 0; &#8211;tw-skew-y: 0; &#8211;tw-scale-x: 1; &#8211;tw-scale-y: 1; &#8211;tw-pan-x: ; &#8211;tw-pan-y: ; &#8211;tw-pinch-zoom: ; &#8211;tw-scroll-snap-strictness: proximity; &#8211;tw-gradient-from-position: ; &#8211;tw-gradient-via-position: ; &#8211;tw-gradient-to-position: ; &#8211;tw-ordinal: ; &#8211;tw-slashed-zero: ; &#8211;tw-numeric-figure: ; &#8211;tw-numeric-spacing: ; &#8211;tw-numeric-fraction: ; &#8211;tw-ring-inset: ; &#8211;tw-ring-offset-width: 0px; &#8211;tw-ring-offset-color: #fff; &#8211;tw-ring-color: rgba(69,89,164,.5); &#8211;tw-ring-offset-shadow: 0 0 transparent; &#8211;tw-ring-shadow: 0 0 transparent; &#8211;tw-shadow: 0 0 transparent; &#8211;tw-shadow-colored: 0 0 transparent; &#8211;tw-blur: ; &#8211;tw-brightness: ; &#8211;tw-contrast: ; &#8211;tw-grayscale: ; &#8211;tw-hue-rotate: ; &#8211;tw-invert: ; &#8211;tw-saturate: ; &#8211;tw-sepia: ; &#8211;tw-drop-shadow: ; &#8211;tw-backdrop-blur: ; &#8211;tw-backdrop-brightness: ; &#8211;tw-backdrop-contrast: ; &#8211;tw-backdrop-grayscale: ; &#8211;tw-backdrop-hue-rotate: ; &#8211;tw-backdrop-invert: ; &#8211;tw-backdrop-opacity: ; &#8211;tw-backdrop-saturate: ; &#8211;tw-backdrop-sepia: ;&quot;&gt;&lt;img src=&quot;https:\/\/www.palmiyekocak.com\/image\/catalog\/urun\/puf\/dfs.png&quot; style=&quot;width: 1303px;&quot;&gt;&lt;\/h2&gt;&lt;p style=&quot;font-family: &amp;quot;Open Sans&amp;quot;, sans-serif; color: rgb(84, 84, 84); margin-top: 1.25em; margin-bottom: 1.25em; text-align: center; border: 0px solid rgb(217, 217, 227); &#8211;tw-border-spacing-x: 0; &#8211;tw-border-spacing-y: 0; &#8211;tw-translate-x: 0; &#8211;tw-translate-y: 0; &#8211;tw-rotate: 0; &#8211;tw-skew-x: 0; &#8211;tw-skew-y: 0; &#8211;tw-scale-x: 1; &#8211;tw-scale-y: 1; &#8211;tw-pan-x: ; &#8211;tw-pan-y: ; &#8211;tw-pinch-zoom: ; &#8211;tw-scroll-snap-strictness: proximity; &#8211;tw-gradient-from-position: ; &#8211;tw-gradient-via-position: ; &#8211;tw-gradient-to-position: ; &#8211;tw-ordinal: ; &#8211;tw-slashed-zero: ; &#8211;tw-numeric-figure: ; &#8211;tw-numeric-spacing: ; &#8211;tw-numeric-fraction: ; &#8211;tw-ring-inset: ; &#8211;tw-ring-offset-width: 0px; &#8211;tw-ring-offset-color: #fff; &#8211;tw-ring-color: rgba(69,89,164,.5); &#8211;tw-ring-offset-shadow: 0 0 transparent; &#8211;tw-ring-shadow: 0 0 transparent; &#8211;tw-shadow: 0 0 transparent; &#8211;tw-shadow-colored: 0 0 transparent; &#8211;tw-blur: ; &#8211;tw-brightness: ; &#8211;tw-contrast: ; &#8211;tw-grayscale: ; &#8211;tw-hue-rotate: ; &#8211;tw-invert: ; &#8211;tw-saturate: ; &#8211;tw-sepia: ; &#8211;tw-drop-shadow: ; &#8211;tw-backdrop-blur: ; &#8211;tw-backdrop-brightness: ; &#8211;tw-backdrop-contrast: ; &#8211;tw-backdrop-grayscale: ; &#8211;tw-backdrop-hue-rotate: ; &#8211;tw-backdrop-invert: ; &#8211;tw-backdrop-opacity: ; &#8211;tw-backdrop-saturate: ; &#8211;tw-backdrop-sepia: ;&quot;&gt;&lt;br&gt;&lt;\/p&gt;&lt;p style=&quot;font-family: &amp;quot;Open Sans&amp;quot;, sans-serif; color: rgb(84, 84, 84); margin-top: 1.25em; margin-bottom: 1.25em; text-align: center; border: 0px solid rgb(217, 217, 227); &#8211;tw-border-spacing-x: 0; &#8211;tw-border-spacing-y: 0; &#8211;tw-translate-x: 0; &#8211;tw-translate-y: 0; &#8211;tw-rotate: 0; &#8211;tw-skew-x: 0; &#8211;tw-skew-y: 0; &#8211;tw-scale-x: 1; &#8211;tw-scale-y: 1; &#8211;tw-pan-x: ; &#8211;tw-pan-y: ; &#8211;tw-pinch-zoom: ; &#8211;tw-scroll-snap-strictness: proximity; &#8211;tw-gradient-from-position: ; &#8211;tw-gradient-via-position: ; &#8211;tw-gradient-to-position: ; &#8211;tw-ordinal: ; &#8211;tw-slashed-zero: ; &#8211;tw-numeric-figure: ; &#8211;tw-numeric-spacing: ; &#8211;tw-numeric-fraction: ; &#8211;tw-ring-inset: ; &#8211;tw-ring-offset-width: 0px; &#8211;tw-ring-offset-color: #fff; &#8211;tw-ring-color: rgba(69,89,164,.5); &#8211;tw-ring-offset-shadow: 0 0 transparent; &#8211;tw-ring-shadow: 0 0 transparent; &#8211;tw-shadow: 0 0 transparent; &#8211;tw-shadow-colored: 0 0 transparent; &#8211;tw-blur: ; &#8211;tw-brightness: ; &#8211;tw-contrast: ; &#8211;tw-grayscale: ; &#8211;tw-hue-rotate: ; &#8211;tw-invert: ; &#8211;tw-saturate: ; &#8211;tw-sepia: ; &#8211;tw-drop-shadow: ; &#8211;tw-backdrop-blur: ; &#8211;tw-backdrop-brightness: ; &#8211;tw-backdrop-contrast: ; &#8211;tw-backdrop-grayscale: ; &#8211;tw-backdrop-hue-rotate: ; &#8211;tw-backdrop-invert: ; &#8211;tw-backdrop-opacity: ; &#8211;tw-backdrop-saturate: ; &#8211;tw-backdrop-sepia: ;&quot;&gt;&lt;br&gt;&lt;\/p&gt;&lt;h2 style=&quot;font-family: &amp;quot;Open Sans&amp;quot;, sans-serif; color: rgb(84, 84, 84); margin-top: 1.25em; margin-bottom: 1.25em; text-align: center; border: 0px solid rgb(217, 217, 227); &#8211;tw-border-spacing-x: 0; &#8211;tw-border-spacing-y: 0; &#8211;tw-translate-x: 0; &#8211;tw-translate-y: 0; &#8211;tw-rotate: 0; &#8211;tw-skew-x: 0; &#8211;tw-skew-y: 0; &#8211;tw-scale-x: 1; &#8211;tw-scale-y: 1; &#8211;tw-pan-x: ; &#8211;tw-pan-y: ; &#8211;tw-pinch-zoom: ; &#8211;tw-scroll-snap-strictness: proximity; &#8211;tw-gradient-from-position: ; &#8211;tw-gradient-via-position: ; &#8211;tw-gradient-to-position: ; &#8211;tw-ordinal: ; &#8211;tw-slashed-zero: ; &#8211;tw-numeric-figure: ; &#8211;tw-numeric-spacing: ; &#8211;tw-numeric-fraction: ; &#8211;tw-ring-inset: ; &#8211;tw-ring-offset-width: 0px; &#8211;tw-ring-offset-color: #fff; &#8211;tw-ring-color: rgba(69,89,164,.5); &#8211;tw-ring-offset-shadow: 0 0 transparent; &#8211;tw-ring-shadow: 0 0 transparent; &#8211;tw-shadow: 0 0 transparent; &#8211;tw-shadow-colored: 0 0 transparent; &#8211;tw-blur: ; &#8211;tw-brightness: ; &#8211;tw-contrast: ; &#8211;tw-grayscale: ; &#8211;tw-hue-rotate: ; &#8211;tw-invert: ; &#8211;tw-saturate: ; &#8211;tw-sepia: ; &#8211;tw-drop-shadow: ; &#8211;tw-backdrop-blur: ; &#8211;tw-backdrop-brightness: ; &#8211;tw-backdrop-contrast: ; &#8211;tw-backdrop-grayscale: ; &#8211;tw-backdrop-hue-rotate: ; &#8211;tw-backdrop-invert: ; &#8211;tw-backdrop-opacity: ; &#8211;tw-backdrop-saturate: ; &#8211;tw-backdrop-sepia: ;&quot;&gt;&lt;b&gt;Modern Ah\u015fap Ayakl\u0131 Puf&lt;\/b&gt;&lt;\/h2&gt;&lt;blockquote style=&quot;text-align: center; border: 0px solid rgb(217, 217, 227); &#8211;tw-border-spacing-x: 0; &#8211;tw-border-spacing-y: 0; &#8211;tw-translate-x: 0; &#8211;tw-translate-y: 0; &#8211;tw-rotate: 0; &#8211;tw-skew-x: 0; &#8211;tw-skew-y: 0; &#8211;tw-scale-x: 1; &#8211;tw-scale-y: 1; &#8211;tw-pan-x: ; &#8211;tw-pan-y: ; &#8211;tw-pinch-zoom: ; &#8211;tw-scroll-snap-strictness: proximity; &#8211;tw-gradient-from-position: ; &#8211;tw-gradient-via-position: ; &#8211;tw-gradient-to-position: ; &#8211;tw-ordinal: ; &#8211;tw-slashed-zero: ; &#8211;tw-numeric-figure: ; &#8211;tw-numeric-spacing: ; &#8211;tw-numeric-fraction: ; &#8211;tw-ring-inset: ; &#8211;tw-ring-offset-width: 0px; &#8211;tw-ring-offset-color: #fff; &#8211;tw-ring-color: rgba(69,89,164,.5); &#8211;tw-ring-offset-shadow: 0 0 transparent; &#8211;tw-ring-shadow: 0 0 transparent; &#8211;tw-shadow: 0 0 transparent; &#8211;tw-shadow-colored: 0 0 transparent; &#8211;tw-blur: ; &#8211;tw-brightness: ; &#8211;tw-contrast: ; &#8211;tw-grayscale: ; &#8211;tw-hue-rotate: ; &#8211;tw-invert: ; &#8211;tw-saturate: ; &#8211;tw-sepia: ; &#8211;tw-drop-shadow: ; &#8211;tw-backdrop-blur: ; &#8211;tw-backdrop-brightness: ; &#8211;tw-backdrop-contrast: ; &#8211;tw-backdrop-grayscale: ; &#8211;tw-backdrop-hue-rotate: ; &#8211;tw-backdrop-invert: ; &#8211;tw-backdrop-opacity: ; &#8211;tw-backdrop-saturate: ; &#8211;tw-backdrop-sepia: ; margin-top: 1.25em; margin-bottom: 1.25em;&quot;&gt;&lt;p&gt;G\u00fcn\u00fcm\u00fczde, i\u00e7 mekan tasar\u0131m\u0131nda mobilyalar\u0131n i\u015flevsel ve \u015f\u0131k olmas\u0131 \u00f6nemli bir rol oynamaktad\u0131r. Bu nedenle, bir\u00e7ok tasar\u0131mc\u0131 ve t\u00fcketiciler, estetik a\u00e7\u0131dan ho\u015f g\u00f6r\u00fcnen ve ayn\u0131 zamanda kullan\u0131\u015fl\u0131 olan modern mobilya par\u00e7alar\u0131na y\u00f6nelmektedir. Bu ba\u011flamda, modern ah\u015fap ayakl\u0131 puf, i\u00e7 mekanlarda pop\u00fcler bir se\u00e7enek haline gelmi\u015ftir.&lt;br&gt;Modern ah\u015fap ayakl\u0131 puf, ah\u015fap bir \u00e7er\u00e7eveye sahip olan ve genellikle yumu\u015fak bir d\u00f6\u015femeye sahip olan bir oturma par\u00e7as\u0131d\u0131r. Bu puf t\u00fcr\u00fc, farkl\u0131 boyutlarda ve \u015fekillerde bulunabilse de, genellikle d\u00fcz, yuvarlak veya kare \u015feklinde gelir. Ah\u015fap ayaklar, pufa dayan\u0131kl\u0131l\u0131k ve stabilite kazand\u0131r\u0131rken, ah\u015fap malzeme, do\u011fal bir g\u00f6r\u00fcn\u00fcm ve s\u0131cak bir his sunar.&lt;\/p&gt;&lt;\/blockquote&gt;&lt;p&gt;&lt;br&gt;&lt;\/p&gt;&lt;blockquote style=&quot;text-align: center; border: 0px solid rgb(217, 217, 227); &#8211;tw-border-spacing-x: 0; &#8211;tw-border-spacing-y: 0; &#8211;tw-translate-x: 0; &#8211;tw-translate-y: 0; &#8211;tw-rotate: 0; &#8211;tw-skew-x: 0; &#8211;tw-skew-y: 0; &#8211;tw-scale-x: 1; &#8211;tw-scale-y: 1; &#8211;tw-pan-x: ; &#8211;tw-pan-y: ; &#8211;tw-pinch-zoom: ; &#8211;tw-scroll-snap-strictness: proximity; &#8211;tw-gradient-from-position: ; &#8211;tw-gradient-via-position: ; &#8211;tw-gradient-to-position: ; &#8211;tw-ordinal: ; &#8211;tw-slashed-zero: ; &#8211;tw-numeric-figure: ; &#8211;tw-numeric-spacing: ; &#8211;tw-numeric-fraction: ; &#8211;tw-ring-inset: ; &#8211;tw-ring-offset-width: 0px; &#8211;tw-ring-offset-color: #fff; &#8211;tw-ring-color: rgba(69,89,164,.5); &#8211;tw-ring-offset-shadow: 0 0 transparent; &#8211;tw-ring-shadow: 0 0 transparent; &#8211;tw-shadow: 0 0 transparent; &#8211;tw-shadow-colored: 0 0 transparent; &#8211;tw-blur: ; &#8211;tw-brightness: ; &#8211;tw-contrast: ; &#8211;tw-grayscale: ; &#8211;tw-hue-rotate: ; &#8211;tw-invert: ; &#8211;tw-saturate: ; &#8211;tw-sepia: ; &#8211;tw-drop-shadow: ; &#8211;tw-backdrop-blur: ; &#8211;tw-backdrop-brightness: ; &#8211;tw-backdrop-contrast: ; &#8211;tw-backdrop-grayscale: ; &#8211;tw-backdrop-hue-rotate: ; &#8211;tw-backdrop-invert: ; &#8211;tw-backdrop-opacity: ; &#8211;tw-backdrop-saturate: ; &#8211;tw-backdrop-sepia: ; margin-top: 1.25em; margin-bottom: 1.25em;&quot;&gt;&lt;p&gt;Bir\u00e7ok insan i\u00e7in modern ah\u015fap ayakl\u0131 puf, evlerinde veya ticari mekanlar\u0131nda ek bir oturma alan\u0131 sa\u011flaman\u0131n harika bir yoludur. K\u00fc\u00e7\u00fck bir oturma odas\u0131 veya st\u00fcdyo daire gibi s\u0131n\u0131rl\u0131 alanlara sahip olanlar i\u00e7in, bu puf t\u00fcr\u00fc m\u00fckemmel bir \u00e7\u00f6z\u00fcm olabilir. Ayr\u0131ca, oturma odas\u0131 veya yatak odas\u0131 gibi di\u011fer mekanlarda da dekoratif bir unsur olarak kullan\u0131labilir.&lt;\/p&gt;&lt;\/blockquote&gt;&lt;p&gt;&lt;br&gt;&lt;\/p&gt;&lt;blockquote style=&quot;text-align: center; border: 0px solid rgb(217, 217, 227); &#8211;tw-border-spacing-x: 0; &#8211;tw-border-spacing-y: 0; &#8211;tw-translate-x: 0; &#8211;tw-translate-y: 0; &#8211;tw-rotate: 0; &#8211;tw-skew-x: 0; &#8211;tw-skew-y: 0; &#8211;tw-scale-x: 1; &#8211;tw-scale-y: 1; &#8211;tw-pan-x: ; &#8211;tw-pan-y: ; &#8211;tw-pinch-zoom: ; &#8211;tw-scroll-snap-strictness: proximity; &#8211;tw-gradient-from-position: ; &#8211;tw-gradient-via-position: ; &#8211;tw-gradient-to-position: ; &#8211;tw-ordinal: ; &#8211;tw-slashed-zero: ; &#8211;tw-numeric-figure: ; &#8211;tw-numeric-spacing: ; &#8211;tw-numeric-fraction: ; &#8211;tw-ring-inset: ; &#8211;tw-ring-offset-width: 0px; &#8211;tw-ring-offset-color: #fff; &#8211;tw-ring-color: rgba(69,89,164,.5); &#8211;tw-ring-offset-shadow: 0 0 transparent; &#8211;tw-ring-shadow: 0 0 transparent; &#8211;tw-shadow: 0 0 transparent; &#8211;tw-shadow-colored: 0 0 transparent; &#8211;tw-blur: ; &#8211;tw-brightness: ; &#8211;tw-contrast: ; &#8211;tw-grayscale: ; &#8211;tw-hue-rotate: ; &#8211;tw-invert: ; &#8211;tw-saturate: ; &#8211;tw-sepia: ; &#8211;tw-drop-shadow: ; &#8211;tw-backdrop-blur: ; &#8211;tw-backdrop-brightness: ; &#8211;tw-backdrop-contrast: ; &#8211;tw-backdrop-grayscale: ; &#8211;tw-backdrop-hue-rotate: ; &#8211;tw-backdrop-invert: ; &#8211;tw-backdrop-opacity: ; &#8211;tw-backdrop-saturate: ; &#8211;tw-backdrop-sepia: ; margin-top: 1.25em; margin-bottom: 1.25em;&quot;&gt;&lt;p&gt;Modern ah\u015fap ayakl\u0131 pufun bir avantaj\u0131, \u00e7ok y\u00f6nl\u00fcl\u00fc\u011f\u00fcd\u00fcr. Bu puf, farkl\u0131 ama\u00e7lar i\u00e7in kullan\u0131labilir. \u00d6rne\u011fin, misafirleriniz geldi\u011finde ek bir oturma yeri olarak kullanabilirsiniz. Ayr\u0131ca, ayaklar\u0131n\u0131z\u0131 uzatmak veya bir kitap okurken destek olarak kullanmak i\u00e7in de idealdir. Baz\u0131 modeller, i\u00e7lerinde depolama alan\u0131 sa\u011flayan bir kapa\u011fa sahip olabilir, b\u00f6ylece e\u015fyalar\u0131n\u0131z\u0131 d\u00fczenli bir \u015fekilde saklamak i\u00e7in kullanabilirsiniz.&lt;\/p&gt;&lt;\/blockquote&gt;&lt;p&gt;&lt;br&gt;&lt;\/p&gt;&lt;blockquote style=&quot;text-align: center; border: 0px solid rgb(217, 217, 227); &#8211;tw-border-spacing-x: 0; &#8211;tw-border-spacing-y: 0; &#8211;tw-translate-x: 0; &#8211;tw-translate-y: 0; &#8211;tw-rotate: 0; &#8211;tw-skew-x: 0; &#8211;tw-skew-y: 0; &#8211;tw-scale-x: 1; &#8211;tw-scale-y: 1; &#8211;tw-pan-x: ; &#8211;tw-pan-y: ; &#8211;tw-pinch-zoom: ; &#8211;tw-scroll-snap-strictness: proximity; &#8211;tw-gradient-from-position: ; &#8211;tw-gradient-via-position: ; &#8211;tw-gradient-to-position: ; &#8211;tw-ordinal: ; &#8211;tw-slashed-zero: ; &#8211;tw-numeric-figure: ; &#8211;tw-numeric-spacing: ; &#8211;tw-numeric-fraction: ; &#8211;tw-ring-inset: ; &#8211;tw-ring-offset-width: 0px; &#8211;tw-ring-offset-color: #fff; &#8211;tw-ring-color: rgba(69,89,164,.5); &#8211;tw-ring-offset-shadow: 0 0 transparent; &#8211;tw-ring-shadow: 0 0 transparent; &#8211;tw-shadow: 0 0 transparent; &#8211;tw-shadow-colored: 0 0 transparent; &#8211;tw-blur: ; &#8211;tw-brightness: ; &#8211;tw-contrast: ; &#8211;tw-grayscale: ; &#8211;tw-hue-rotate: ; &#8211;tw-invert: ; &#8211;tw-saturate: ; &#8211;tw-sepia: ; &#8211;tw-drop-shadow: ; &#8211;tw-backdrop-blur: ; &#8211;tw-backdrop-brightness: ; &#8211;tw-backdrop-contrast: ; &#8211;tw-backdrop-grayscale: ; &#8211;tw-backdrop-hue-rotate: ; &#8211;tw-backdrop-invert: ; &#8211;tw-backdrop-opacity: ; &#8211;tw-backdrop-saturate: ; &#8211;tw-backdrop-sepia: ; margin-top: 1.25em; margin-bottom: 1.25em;&quot;&gt;&lt;p&gt;Modern ah\u015fap ayakl\u0131 pufun bir di\u011fer avantaj\u0131 da tasar\u0131m \u00e7e\u015fitlili\u011fidir. Farkl\u0131 renklerde ve desenlerde d\u00f6\u015femelerle birlikte gelir, b\u00f6ylece mevcut dekorunuza veya tarz\u0131n\u0131za uygun olan\u0131 se\u00e7ebilirsiniz. Ayr\u0131ca, \u00e7e\u015fitli ah\u015fap t\u00fcrleri aras\u0131ndan se\u00e7im yaparak, mekan\u0131n\u0131za istedi\u011finiz atmosferi yans\u0131tabilirsiniz. \u00d6rne\u011fin, a\u00e7\u0131k renkli bir ah\u015fap, modern ve minimalist bir g\u00f6r\u00fcn\u00fcm sa\u011flarken, koyu renkli bir ah\u015fap daha rustik ve geleneksel bir his verir.&lt;\/p&gt;&lt;\/blockquote&gt;<\/p>\n","protected":false},"excerpt":{"rendered":"<p>&lt;h2 style=&quot;text-align: center; border: 0px solid rgb(217, 217, 227); &#8211;tw-border-spacing-x: 0; &#8211;tw-border-spacing-y: 0; &#8211;tw-translate-x: 0; &#8211;tw-translate-y: 0; &#8211;tw-rotate: 0; &#8211;tw-skew-x: 0; &#8211;tw-skew-y: 0; &#8211;tw-scale-x: 1; &#8211;tw-scale-y: 1; &#8211;tw-pan-x: ; &#8211;tw-pan-y: ; &#8211;tw-pinch-zoom: ; &#8211;tw-scroll-snap-strictness: proximity; &#8211;tw-gradient-from-position: ; &#8211;tw-gradient-via-position: ; &#8211;tw-gradient-to-position: ; &#8211;tw-ordinal: ; &#8211;tw-slashed-zero: ; &#8211;tw-numeric-figure: ; &#8211;tw-numeric-spacing: ; &#8211;tw-numeric-fraction: ; &#8211;tw-ring-inset: ; &#8211;tw-ring-offset-width: 0px; [&hellip;]<\/p>\n","protected":false},"featured_media":8816,"comment_status":"closed","ping_status":"open","template":"","meta":{"_joinchat":[]},"product_cat":[198],"product_tag":[],"class_list":{"0":"post-8815","1":"product","2":"type-product","3":"status-publish","4":"has-post-thumbnail","6":"product_cat-puf","8":"first","9":"instock","10":"product-type-simple"},"_links":{"self":[{"href":"https:\/\/palmiyesusleme.com\/index.php\/wp-json\/wp\/v2\/product\/8815","targetHints":{"allow":["GET"]}}],"collection":[{"href":"https:\/\/palmiyesusleme.com\/index.php\/wp-json\/wp\/v2\/product"}],"about":[{"href":"https:\/\/palmiyesusleme.com\/index.php\/wp-json\/wp\/v2\/types\/product"}],"replies":[{"embeddable":true,"href":"https:\/\/palmiyesusleme.com\/index.php\/wp-json\/wp\/v2\/comments?post=8815"}],"wp:featuredmedia":[{"embeddable":true,"href":"https:\/\/palmiyesusleme.com\/index.php\/wp-json\/wp\/v2\/media\/8816"}],"wp:attachment":[{"href":"https:\/\/palmiyesusleme.com\/index.php\/wp-json\/wp\/v2\/media?parent=8815"}],"wp:term":[{"taxonomy":"product_cat","embeddable":true,"href":"https:\/\/palmiyesusleme.com\/index.php\/wp-json\/wp\/v2\/product_cat?post=8815"},{"taxonomy":"product_tag","embeddable":true,"href":"https:\/\/palmiyesusleme.com\/index.php\/wp-json\/wp\/v2\/product_tag?post=8815"}],"curies":[{"name":"wp","href":"https:\/\/api.w.org\/{rel}","templated":true}]}}