{"id":8855,"date":"2024-03-07T16:26:43","date_gmt":"2024-03-07T13:26:43","guid":{"rendered":"https:\/\/palmiyesusleme.com\/index.php\/urun\/ekonomik-tekli-okul-sirasi\/"},"modified":"2024-03-07T16:26:48","modified_gmt":"2024-03-07T13:26:48","slug":"ekonomik-tekli-okul-sirasi","status":"publish","type":"product","link":"https:\/\/palmiyesusleme.com\/index.php\/urun\/ekonomik-tekli-okul-sirasi\/","title":{"rendered":"Ekonomik Tekli Okul S\u0131ras\u0131"},"content":{"rendered":"<p>Werzalit Tablal\u0131 Plastik Metal Sandalyeli Ekonomik tekli okul s\u0131ras\u0131&lt;hr&gt;&lt;p&gt;Werzalit Tablal\u0131 Plastik Metal Sandalyeli B&uuml;t&ccedil;e Dostu Okul S\u0131ras\u0131&lt;\/p&gt;<\/p>\n","protected":false},"excerpt":{"rendered":"<p>Werzalit Tablal\u0131 Plastik Metal Sandalyeli Ekonomik tekli okul s\u0131ras\u0131&lt;hr&gt;&lt;p&gt;Werzalit Tablal\u0131 Plastik Metal Sandalyeli B&uuml;t&ccedil;e Dostu Okul S\u0131ras\u0131&lt;\/p&gt;<\/p>\n","protected":false},"featured_media":8856,"comment_status":"closed","ping_status":"open","template":"","meta":{"_joinchat":[]},"product_cat":[199],"product_tag":[],"class_list":{"0":"post-8855","1":"product","2":"type-product","3":"status-publish","4":"has-post-thumbnail","6":"product_cat-okul-siralari","8":"first","9":"instock","10":"product-type-simple"},"_links":{"self":[{"href":"https:\/\/palmiyesusleme.com\/index.php\/wp-json\/wp\/v2\/product\/8855","targetHints":{"allow":["GET"]}}],"collection":[{"href":"https:\/\/palmiyesusleme.com\/index.php\/wp-json\/wp\/v2\/product"}],"about":[{"href":"https:\/\/palmiyesusleme.com\/index.php\/wp-json\/wp\/v2\/types\/product"}],"replies":[{"embeddable":true,"href":"https:\/\/palmiyesusleme.com\/index.php\/wp-json\/wp\/v2\/comments?post=8855"}],"wp:featuredmedia":[{"embeddable":true,"href":"https:\/\/palmiyesusleme.com\/index.php\/wp-json\/wp\/v2\/media\/8856"}],"wp:attachment":[{"href":"https:\/\/palmiyesusleme.com\/index.php\/wp-json\/wp\/v2\/media?parent=8855"}],"wp:term":[{"taxonomy":"product_cat","embeddable":true,"href":"https:\/\/palmiyesusleme.com\/index.php\/wp-json\/wp\/v2\/product_cat?post=8855"},{"taxonomy":"product_tag","embeddable":true,"href":"https:\/\/palmiyesusleme.com\/index.php\/wp-json\/wp\/v2\/product_tag?post=8855"}],"curies":[{"name":"wp","href":"https:\/\/api.w.org\/{rel}","templated":true}]}}