{"id":8857,"date":"2024-03-07T16:26:43","date_gmt":"2024-03-07T13:26:43","guid":{"rendered":"https:\/\/palmiyesusleme.com\/index.php\/urun\/ekonomik-plastik-sandalyeli-sira\/"},"modified":"2024-03-07T16:26:49","modified_gmt":"2024-03-07T13:26:49","slug":"ekonomik-plastik-sandalyeli-sira","status":"publish","type":"product","link":"https:\/\/palmiyesusleme.com\/index.php\/urun\/ekonomik-plastik-sandalyeli-sira\/","title":{"rendered":"Ekonomik Plastik Sandalyeli S\u0131ra"},"content":{"rendered":"<p>&Uuml;r&uuml;n hakk\u0131nda bilgi ve fiyat almak i&ccedil;in &uuml;r&uuml;n kodunu ve adetini bize E-posta, Whatsapp veya Telefon yoluyla iletiniz. Sat\u0131\u015f ekibimiz en k\u0131sa s&uuml;rede size d&ouml;necektir.&lt;hr&gt;Ekonomik Plastik Sandalyeli S\u0131ra<\/p>\n","protected":false},"excerpt":{"rendered":"<p>&Uuml;r&uuml;n hakk\u0131nda bilgi ve fiyat almak i&ccedil;in &uuml;r&uuml;n kodunu ve adetini bize E-posta, Whatsapp veya Telefon yoluyla iletiniz. Sat\u0131\u015f ekibimiz en k\u0131sa s&uuml;rede size d&ouml;necektir.&lt;hr&gt;Ekonomik Plastik Sandalyeli S\u0131ra<\/p>\n","protected":false},"featured_media":8858,"comment_status":"closed","ping_status":"open","template":"","meta":{"_joinchat":[]},"product_cat":[199],"product_tag":[],"class_list":{"0":"post-8857","1":"product","2":"type-product","3":"status-publish","4":"has-post-thumbnail","6":"product_cat-okul-siralari","8":"first","9":"instock","10":"product-type-simple"},"_links":{"self":[{"href":"https:\/\/palmiyesusleme.com\/index.php\/wp-json\/wp\/v2\/product\/8857","targetHints":{"allow":["GET"]}}],"collection":[{"href":"https:\/\/palmiyesusleme.com\/index.php\/wp-json\/wp\/v2\/product"}],"about":[{"href":"https:\/\/palmiyesusleme.com\/index.php\/wp-json\/wp\/v2\/types\/product"}],"replies":[{"embeddable":true,"href":"https:\/\/palmiyesusleme.com\/index.php\/wp-json\/wp\/v2\/comments?post=8857"}],"wp:featuredmedia":[{"embeddable":true,"href":"https:\/\/palmiyesusleme.com\/index.php\/wp-json\/wp\/v2\/media\/8858"}],"wp:attachment":[{"href":"https:\/\/palmiyesusleme.com\/index.php\/wp-json\/wp\/v2\/media?parent=8857"}],"wp:term":[{"taxonomy":"product_cat","embeddable":true,"href":"https:\/\/palmiyesusleme.com\/index.php\/wp-json\/wp\/v2\/product_cat?post=8857"},{"taxonomy":"product_tag","embeddable":true,"href":"https:\/\/palmiyesusleme.com\/index.php\/wp-json\/wp\/v2\/product_tag?post=8857"}],"curies":[{"name":"wp","href":"https:\/\/api.w.org\/{rel}","templated":true}]}}