{"id":8893,"date":"2024-03-07T16:27:02","date_gmt":"2024-03-07T13:27:02","guid":{"rendered":"https:\/\/palmiyesusleme.com\/index.php\/urun\/aluminyum-iskeletli-rattan-sandalye\/"},"modified":"2024-03-07T16:27:11","modified_gmt":"2024-03-07T13:27:11","slug":"aluminyum-iskeletli-rattan-sandalye","status":"publish","type":"product","link":"https:\/\/palmiyesusleme.com\/index.php\/urun\/aluminyum-iskeletli-rattan-sandalye\/","title":{"rendered":"Al\u00fcminyum \u0130skeletli Rattan Sandalye"},"content":{"rendered":"<p>&lt;h3 style=&quot;text-align: center; &quot;&gt;&lt;b&gt;Al\u00fcminyum \u0130skeletli Rattan Sandalye; Al\u00fcminyum iskeletli bambu kaplama orijinal rattan sandalye&lt;\/b&gt;&lt;\/h3&gt;&lt;h3 style=&quot;text-align: center; &quot;&gt;&lt;b&gt;&lt;br&gt;&lt;\/b&gt;&lt;\/h3&gt;&lt;h3 style=&quot;font-family: &amp;quot;Open Sans&amp;quot;, sans-serif; color: rgb(84, 84, 84); text-align: center;&quot;&gt;&lt;img src=&quot;https:\/\/www.palmiyekocak.com\/image\/catalog\/urun\/rattan-sandalye\/kapak2.jpg&quot; style=&quot;width: 1024px;&quot;&gt;&lt;\/h3&gt;&lt;p style=&quot;font-family: &amp;quot;Open Sans&amp;quot;, sans-serif; color: rgb(84, 84, 84); text-align: center;&quot;&gt;&lt;br&gt;&lt;\/p&gt;&lt;h3 style=&quot;font-family: &amp;quot;Open Sans&amp;quot;, sans-serif; color: rgb(84, 84, 84); text-align: center;&quot;&gt;&lt;img src=&quot;https:\/\/www.palmiyekocak.com\/image\/catalog\/urun\/rattan-sandalye\/2-2.jpg&quot; style=&quot;width: 1024px;&quot;&gt;&lt;\/h3&gt;&lt;p style=&quot;font-family: &amp;quot;Open Sans&amp;quot;, sans-serif; color: rgb(84, 84, 84); text-align: center;&quot;&gt;&lt;br&gt;&lt;\/p&gt;&lt;p style=&quot;font-family: &amp;quot;Open Sans&amp;quot;, sans-serif; color: rgb(84, 84, 84); text-align: center;&quot;&gt;&lt;br&gt;&lt;\/p&gt;&lt;h3 style=&quot;font-family: &amp;quot;Open Sans&amp;quot;, sans-serif; color: rgb(84, 84, 84); text-align: center;&quot;&gt;&lt;img src=&quot;https:\/\/www.palmiyekocak.com\/image\/catalog\/urun\/rattan-sandalye\/2-3.jpg&quot; style=&quot;width: 1024px;&quot;&gt;&lt;\/h3&gt;&lt;p style=&quot;font-family: &amp;quot;Open Sans&amp;quot;, sans-serif; color: rgb(84, 84, 84); text-align: center;&quot;&gt;&lt;br&gt;&lt;\/p&gt;&lt;p style=&quot;font-family: &amp;quot;Open Sans&amp;quot;, sans-serif; color: rgb(84, 84, 84); text-align: center;&quot;&gt;&lt;br&gt;&lt;\/p&gt;&lt;p style=&quot;font-family: &amp;quot;Open Sans&amp;quot;, sans-serif; color: rgb(84, 84, 84); text-align: center;&quot;&gt;&lt;br&gt;&lt;\/p&gt;&lt;p style=&quot;font-family: &amp;quot;Open Sans&amp;quot;, sans-serif; color: rgb(84, 84, 84); text-align: center;&quot;&gt;&lt;br&gt;&lt;\/p&gt;&lt;p style=&quot;font-family: &amp;quot;Open Sans&amp;quot;, sans-serif; color: rgb(84, 84, 84); text-align: center;&quot;&gt;&lt;br&gt;&lt;\/p&gt;&lt;h3 style=&quot;font-family: &amp;quot;Open Sans&amp;quot;, sans-serif; color: rgb(84, 84, 84); text-align: center;&quot;&gt;&lt;img src=&quot;https:\/\/www.palmiyekocak.com\/image\/catalog\/urun\/rattan-sandalye\/2-4.jpg&quot; style=&quot;width: 1024px;&quot;&gt;&lt;\/h3&gt;&lt;p style=&quot;font-family: &amp;quot;Open Sans&amp;quot;, sans-serif; color: rgb(84, 84, 84); text-align: center;&quot;&gt;&lt;br&gt;&lt;\/p&gt;&lt;p style=&quot;font-family: &amp;quot;Open Sans&amp;quot;, sans-serif; color: rgb(84, 84, 84); text-align: center;&quot;&gt;&lt;br&gt;&lt;\/p&gt;&lt;p style=&quot;font-family: &amp;quot;Open Sans&amp;quot;, sans-serif; color: rgb(84, 84, 84); text-align: center;&quot;&gt;&lt;br&gt;&lt;\/p&gt;&lt;p style=&quot;font-family: &amp;quot;Open Sans&amp;quot;, sans-serif; color: rgb(84, 84, 84); text-align: center;&quot;&gt;&lt;br&gt;&lt;\/p&gt;&lt;p style=&quot;font-family: &amp;quot;Open Sans&amp;quot;, sans-serif; color: rgb(84, 84, 84); text-align: center;&quot;&gt;&lt;br&gt;&lt;\/p&gt;&lt;p style=&quot;text-align: center; border: 0px solid rgb(217, 217, 227); &#8211;tw-border-spacing-x: 0; &#8211;tw-border-spacing-y: 0; &#8211;tw-translate-x: 0; &#8211;tw-translate-y: 0; &#8211;tw-rotate: 0; &#8211;tw-skew-x: 0; &#8211;tw-skew-y: 0; &#8211;tw-scale-x: 1; &#8211;tw-scale-y: 1; &#8211;tw-pan-x: ; &#8211;tw-pan-y: ; &#8211;tw-pinch-zoom: ; &#8211;tw-scroll-snap-strictness: proximity; &#8211;tw-gradient-from-position: ; &#8211;tw-gradient-via-position: ; &#8211;tw-gradient-to-position: ; &#8211;tw-ordinal: ; &#8211;tw-slashed-zero: ; &#8211;tw-numeric-figure: ; &#8211;tw-numeric-spacing: ; &#8211;tw-numeric-fraction: ; &#8211;tw-ring-inset: ; &#8211;tw-ring-offset-width: 0px; &#8211;tw-ring-offset-color: #fff; &#8211;tw-ring-color: rgba(69,89,164,.5); &#8211;tw-ring-offset-shadow: 0 0 transparent; &#8211;tw-ring-shadow: 0 0 transparent; &#8211;tw-shadow: 0 0 transparent; &#8211;tw-shadow-colored: 0 0 transparent; &#8211;tw-blur: ; &#8211;tw-brightness: ; &#8211;tw-contrast: ; &#8211;tw-grayscale: ; &#8211;tw-hue-rotate: ; &#8211;tw-invert: ; &#8211;tw-saturate: ; &#8211;tw-sepia: ; &#8211;tw-drop-shadow: ; &#8211;tw-backdrop-blur: ; &#8211;tw-backdrop-brightness: ; &#8211;tw-backdrop-contrast: ; &#8211;tw-backdrop-grayscale: ; &#8211;tw-backdrop-hue-rotate: ; &#8211;tw-backdrop-invert: ; &#8211;tw-backdrop-opacity: ; &#8211;tw-backdrop-saturate: ; &#8211;tw-backdrop-sepia: ; margin-bottom: 1.25em;&quot;&gt;G\u00fcn\u00fcm\u00fczde, i\u00e7 ve d\u0131\u015f mekanlarda estetik ve konforu bir arada sunan mobilyalar olduk\u00e7a pop\u00fcler hale gelmi\u015ftir. Bu ihtiya\u00e7lar\u0131 kar\u015f\u0131lamak i\u00e7in tasar\u0131mc\u0131lar ve \u00fcreticiler, yenilik\u00e7i ve dayan\u0131kl\u0131 malzemelerin kullan\u0131ld\u0131\u011f\u0131 \u00fcr\u00fcnler geli\u015ftirmektedir. Palmiye Ko\u00e7ak taraf\u0131ndan \u00fcretilen al\u00fcminyum iskeletli rattan sandalye de bu yenilik\u00e7i \u00fcr\u00fcnlerden biridir.&lt;\/p&gt;&lt;p style=&quot;text-align: center; border: 0px solid rgb(217, 217, 227); &#8211;tw-border-spacing-x: 0; &#8211;tw-border-spacing-y: 0; &#8211;tw-translate-x: 0; &#8211;tw-translate-y: 0; &#8211;tw-rotate: 0; &#8211;tw-skew-x: 0; &#8211;tw-skew-y: 0; &#8211;tw-scale-x: 1; &#8211;tw-scale-y: 1; &#8211;tw-pan-x: ; &#8211;tw-pan-y: ; &#8211;tw-pinch-zoom: ; &#8211;tw-scroll-snap-strictness: proximity; &#8211;tw-gradient-from-position: ; &#8211;tw-gradient-via-position: ; &#8211;tw-gradient-to-position: ; &#8211;tw-ordinal: ; &#8211;tw-slashed-zero: ; &#8211;tw-numeric-figure: ; &#8211;tw-numeric-spacing: ; &#8211;tw-numeric-fraction: ; &#8211;tw-ring-inset: ; &#8211;tw-ring-offset-width: 0px; &#8211;tw-ring-offset-color: #fff; &#8211;tw-ring-color: rgba(69,89,164,.5); &#8211;tw-ring-offset-shadow: 0 0 transparent; &#8211;tw-ring-shadow: 0 0 transparent; &#8211;tw-shadow: 0 0 transparent; &#8211;tw-shadow-colored: 0 0 transparent; &#8211;tw-blur: ; &#8211;tw-brightness: ; &#8211;tw-contrast: ; &#8211;tw-grayscale: ; &#8211;tw-hue-rotate: ; &#8211;tw-invert: ; &#8211;tw-saturate: ; &#8211;tw-sepia: ; &#8211;tw-drop-shadow: ; &#8211;tw-backdrop-blur: ; &#8211;tw-backdrop-brightness: ; &#8211;tw-backdrop-contrast: ; &#8211;tw-backdrop-grayscale: ; &#8211;tw-backdrop-hue-rotate: ; &#8211;tw-backdrop-invert: ; &#8211;tw-backdrop-opacity: ; &#8211;tw-backdrop-saturate: ; &#8211;tw-backdrop-sepia: ; margin-top: 1.25em; margin-bottom: 1.25em;&quot;&gt;Al\u00fcminyum iskeletli rattan sandalye, hem i\u00e7 mekanlarda hem de d\u0131\u015f mekanlarda kullan\u0131lmak \u00fczere tasarlanm\u0131\u015ft\u0131r. Rattan malzemenin do\u011fal dokusunu ve esteti\u011fini korurken, al\u00fcminyum iskeleti sayesinde dayan\u0131kl\u0131l\u0131\u011f\u0131 artt\u0131r\u0131lm\u0131\u015ft\u0131r. Bu sayede, kullan\u0131c\u0131lar bu sandalyeleri uzun y\u0131llar boyunca rahatl\u0131kla kullanabilirler.&lt;\/p&gt;&lt;p style=&quot;text-align: center; border: 0px solid rgb(217, 217, 227); &#8211;tw-border-spacing-x: 0; &#8211;tw-border-spacing-y: 0; &#8211;tw-translate-x: 0; &#8211;tw-translate-y: 0; &#8211;tw-rotate: 0; &#8211;tw-skew-x: 0; &#8211;tw-skew-y: 0; &#8211;tw-scale-x: 1; &#8211;tw-scale-y: 1; &#8211;tw-pan-x: ; &#8211;tw-pan-y: ; &#8211;tw-pinch-zoom: ; &#8211;tw-scroll-snap-strictness: proximity; &#8211;tw-gradient-from-position: ; &#8211;tw-gradient-via-position: ; &#8211;tw-gradient-to-position: ; &#8211;tw-ordinal: ; &#8211;tw-slashed-zero: ; &#8211;tw-numeric-figure: ; &#8211;tw-numeric-spacing: ; &#8211;tw-numeric-fraction: ; &#8211;tw-ring-inset: ; &#8211;tw-ring-offset-width: 0px; &#8211;tw-ring-offset-color: #fff; &#8211;tw-ring-color: rgba(69,89,164,.5); &#8211;tw-ring-offset-shadow: 0 0 transparent; &#8211;tw-ring-shadow: 0 0 transparent; &#8211;tw-shadow: 0 0 transparent; &#8211;tw-shadow-colored: 0 0 transparent; &#8211;tw-blur: ; &#8211;tw-brightness: ; &#8211;tw-contrast: ; &#8211;tw-grayscale: ; &#8211;tw-hue-rotate: ; &#8211;tw-invert: ; &#8211;tw-saturate: ; &#8211;tw-sepia: ; &#8211;tw-drop-shadow: ; &#8211;tw-backdrop-blur: ; &#8211;tw-backdrop-brightness: ; &#8211;tw-backdrop-contrast: ; &#8211;tw-backdrop-grayscale: ; &#8211;tw-backdrop-hue-rotate: ; &#8211;tw-backdrop-invert: ; &#8211;tw-backdrop-opacity: ; &#8211;tw-backdrop-saturate: ; &#8211;tw-backdrop-sepia: ; margin-top: 1.25em; margin-bottom: 1.25em;&quot;&gt;Al\u00fcminyum, sandalyenin iskeletinde kullan\u0131lan ana malzemedir. Al\u00fcminyum, hafif ancak sa\u011flam bir malzeme olmas\u0131yla bilinir ve ayn\u0131 zamanda paslanmaz \u00f6zellik g\u00f6sterir. Bu \u00f6zellikleri sayesinde, sandalyenin uzun \u00f6m\u00fcrl\u00fc olmas\u0131n\u0131 sa\u011flar. Al\u00fcminyum iskelet ayr\u0131ca sandalyenin ta\u015f\u0131nabilir olmas\u0131n\u0131 da sa\u011flar, bu da kullan\u0131c\u0131lar\u0131n sandalyeyi istedikleri yere kolayca ta\u015f\u0131mas\u0131n\u0131 sa\u011flar.&lt;\/p&gt;&lt;p style=&quot;text-align: center; border: 0px solid rgb(217, 217, 227); &#8211;tw-border-spacing-x: 0; &#8211;tw-border-spacing-y: 0; &#8211;tw-translate-x: 0; &#8211;tw-translate-y: 0; &#8211;tw-rotate: 0; &#8211;tw-skew-x: 0; &#8211;tw-skew-y: 0; &#8211;tw-scale-x: 1; &#8211;tw-scale-y: 1; &#8211;tw-pan-x: ; &#8211;tw-pan-y: ; &#8211;tw-pinch-zoom: ; &#8211;tw-scroll-snap-strictness: proximity; &#8211;tw-gradient-from-position: ; &#8211;tw-gradient-via-position: ; &#8211;tw-gradient-to-position: ; &#8211;tw-ordinal: ; &#8211;tw-slashed-zero: ; &#8211;tw-numeric-figure: ; &#8211;tw-numeric-spacing: ; &#8211;tw-numeric-fraction: ; &#8211;tw-ring-inset: ; &#8211;tw-ring-offset-width: 0px; &#8211;tw-ring-offset-color: #fff; &#8211;tw-ring-color: rgba(69,89,164,.5); &#8211;tw-ring-offset-shadow: 0 0 transparent; &#8211;tw-ring-shadow: 0 0 transparent; &#8211;tw-shadow: 0 0 transparent; &#8211;tw-shadow-colored: 0 0 transparent; &#8211;tw-blur: ; &#8211;tw-brightness: ; &#8211;tw-contrast: ; &#8211;tw-grayscale: ; &#8211;tw-hue-rotate: ; &#8211;tw-invert: ; &#8211;tw-saturate: ; &#8211;tw-sepia: ; &#8211;tw-drop-shadow: ; &#8211;tw-backdrop-blur: ; &#8211;tw-backdrop-brightness: ; &#8211;tw-backdrop-contrast: ; &#8211;tw-backdrop-grayscale: ; &#8211;tw-backdrop-hue-rotate: ; &#8211;tw-backdrop-invert: ; &#8211;tw-backdrop-opacity: ; &#8211;tw-backdrop-saturate: ; &#8211;tw-backdrop-sepia: ; margin-top: 1.25em; margin-bottom: 1.25em;&quot;&gt;Rattan ise, sandalyenin oturma ve s\u0131rt k\u0131sm\u0131nda kullan\u0131lan bir malzemedir. Rattan, do\u011fal bir malzeme olup bambu benzeri bir bitkiden elde edilir. Esnek ve dayan\u0131kl\u0131 yap\u0131s\u0131yla bilinen rattan, sandalyeye konforlu bir oturma deneyimi sa\u011flar. Ayr\u0131ca, rattan malzemesi kolay temizlenebilir ve bak\u0131m gerektirmez, bu da kullan\u0131c\u0131lar i\u00e7in b\u00fcy\u00fck bir avantajd\u0131r.&lt;\/p&gt;&lt;p style=&quot;text-align: center; border: 0px solid rgb(217, 217, 227); &#8211;tw-border-spacing-x: 0; &#8211;tw-border-spacing-y: 0; &#8211;tw-translate-x: 0; &#8211;tw-translate-y: 0; &#8211;tw-rotate: 0; &#8211;tw-skew-x: 0; &#8211;tw-skew-y: 0; &#8211;tw-scale-x: 1; &#8211;tw-scale-y: 1; &#8211;tw-pan-x: ; &#8211;tw-pan-y: ; &#8211;tw-pinch-zoom: ; &#8211;tw-scroll-snap-strictness: proximity; &#8211;tw-gradient-from-position: ; &#8211;tw-gradient-via-position: ; &#8211;tw-gradient-to-position: ; &#8211;tw-ordinal: ; &#8211;tw-slashed-zero: ; &#8211;tw-numeric-figure: ; &#8211;tw-numeric-spacing: ; &#8211;tw-numeric-fraction: ; &#8211;tw-ring-inset: ; &#8211;tw-ring-offset-width: 0px; &#8211;tw-ring-offset-color: #fff; &#8211;tw-ring-color: rgba(69,89,164,.5); &#8211;tw-ring-offset-shadow: 0 0 transparent; &#8211;tw-ring-shadow: 0 0 transparent; &#8211;tw-shadow: 0 0 transparent; &#8211;tw-shadow-colored: 0 0 transparent; &#8211;tw-blur: ; &#8211;tw-brightness: ; &#8211;tw-contrast: ; &#8211;tw-grayscale: ; &#8211;tw-hue-rotate: ; &#8211;tw-invert: ; &#8211;tw-saturate: ; &#8211;tw-sepia: ; &#8211;tw-drop-shadow: ; &#8211;tw-backdrop-blur: ; &#8211;tw-backdrop-brightness: ; &#8211;tw-backdrop-contrast: ; &#8211;tw-backdrop-grayscale: ; &#8211;tw-backdrop-hue-rotate: ; &#8211;tw-backdrop-invert: ; &#8211;tw-backdrop-opacity: ; &#8211;tw-backdrop-saturate: ; &#8211;tw-backdrop-sepia: ; margin-top: 1.25em; margin-bottom: 1.25em;&quot;&gt;Palmiye Ko\u00e7ak&#039;\u0131n \u00fcretti\u011fi al\u00fcminyum iskeletli rattan sandalye, modern ve \u015f\u0131k bir tasar\u0131ma sahiptir. Sandalyenin minimalist \u00e7izgileri ve zarif detaylar\u0131, herhangi bir mekana estetik bir dokunu\u015f katar. Ayr\u0131ca, farkl\u0131 renk se\u00e7enekleriyle kullan\u0131c\u0131lara geni\u015f bir se\u00e7im imkan\u0131 sunar, b\u00f6ylece herkes kendi zevkine uygun bir sandalye bulabilir.&lt;\/p&gt;&lt;p style=&quot;text-align: center; border: 0px solid rgb(217, 217, 227); &#8211;tw-border-spacing-x: 0; &#8211;tw-border-spacing-y: 0; &#8211;tw-translate-x: 0; &#8211;tw-translate-y: 0; &#8211;tw-rotate: 0; &#8211;tw-skew-x: 0; &#8211;tw-skew-y: 0; &#8211;tw-scale-x: 1; &#8211;tw-scale-y: 1; &#8211;tw-pan-x: ; &#8211;tw-pan-y: ; &#8211;tw-pinch-zoom: ; &#8211;tw-scroll-snap-strictness: proximity; &#8211;tw-gradient-from-position: ; &#8211;tw-gradient-via-position: ; &#8211;tw-gradient-to-position: ; &#8211;tw-ordinal: ; &#8211;tw-slashed-zero: ; &#8211;tw-numeric-figure: ; &#8211;tw-numeric-spacing: ; &#8211;tw-numeric-fraction: ; &#8211;tw-ring-inset: ; &#8211;tw-ring-offset-width: 0px; &#8211;tw-ring-offset-color: #fff; &#8211;tw-ring-color: rgba(69,89,164,.5); &#8211;tw-ring-offset-shadow: 0 0 transparent; &#8211;tw-ring-shadow: 0 0 transparent; &#8211;tw-shadow: 0 0 transparent; &#8211;tw-shadow-colored: 0 0 transparent; &#8211;tw-blur: ; &#8211;tw-brightness: ; &#8211;tw-contrast: ; &#8211;tw-grayscale: ; &#8211;tw-hue-rotate: ; &#8211;tw-invert: ; &#8211;tw-saturate: ; &#8211;tw-sepia: ; &#8211;tw-drop-shadow: ; &#8211;tw-backdrop-blur: ; &#8211;tw-backdrop-brightness: ; &#8211;tw-backdrop-contrast: ; &#8211;tw-backdrop-grayscale: ; &#8211;tw-backdrop-hue-rotate: ; &#8211;tw-backdrop-invert: ; &#8211;tw-backdrop-opacity: ; &#8211;tw-backdrop-saturate: ; &#8211;tw-backdrop-sepia: ; margin-top: 1.25em; margin-bottom: 0px;&quot;&gt;Bu sandalye, i\u00e7 mekanlarda oturma odalar\u0131, yemek odalar\u0131 ve ofisler gibi bir\u00e7ok alanda kullan\u0131labilir.&lt;\/p&gt;&lt;p style=&quot;font-family: &amp;quot;Open Sans&amp;quot;, sans-serif; color: rgb(84, 84, 84); text-align: center;&quot;&gt;&lt;br&gt;&lt;\/p&gt;&lt;p style=&quot;font-family: &amp;quot;Open Sans&amp;quot;, sans-serif; color: rgb(84, 84, 84); text-align: center;&quot;&gt;&lt;br&gt;&lt;\/p&gt;<\/p>\n","protected":false},"excerpt":{"rendered":"<p>&lt;h3 style=&quot;text-align: center; &quot;&gt;&lt;b&gt;Al\u00fcminyum \u0130skeletli Rattan Sandalye; Al\u00fcminyum iskeletli bambu kaplama orijinal rattan sandalye&lt;\/b&gt;&lt;\/h3&gt;&lt;h3 style=&quot;text-align: center; &quot;&gt;&lt;b&gt;&lt;br&gt;&lt;\/b&gt;&lt;\/h3&gt;&lt;h3 style=&quot;font-family: &amp;quot;Open Sans&amp;quot;, sans-serif; color: rgb(84, 84, 84); text-align: center;&quot;&gt;&lt;img src=&quot;https:\/\/www.palmiyekocak.com\/image\/catalog\/urun\/rattan-sandalye\/kapak2.jpg&quot; style=&quot;width: 1024px;&quot;&gt;&lt;\/h3&gt;&lt;p style=&quot;font-family: &amp;quot;Open Sans&amp;quot;, sans-serif; color: rgb(84, 84, 84); text-align: center;&quot;&gt;&lt;br&gt;&lt;\/p&gt;&lt;h3 style=&quot;font-family: &amp;quot;Open Sans&amp;quot;, sans-serif; color: rgb(84, 84, 84); text-align: center;&quot;&gt;&lt;img src=&quot;https:\/\/www.palmiyekocak.com\/image\/catalog\/urun\/rattan-sandalye\/2-2.jpg&quot; style=&quot;width: 1024px;&quot;&gt;&lt;\/h3&gt;&lt;p style=&quot;font-family: &amp;quot;Open [&hellip;]<\/p>\n","protected":false},"featured_media":8894,"comment_status":"closed","ping_status":"open","template":"","meta":{"_joinchat":[]},"product_cat":[207,20,48,21,19],"product_tag":[],"class_list":{"0":"post-8893","1":"product","2":"type-product","3":"status-publish","4":"has-post-thumbnail","6":"product_cat-bahce-rattan-kollu-sandalye","7":"product_cat-bahce-rattan-sandalyeleri","8":"product_cat-bahce-sandalyeleri","9":"product_cat-rattan-enjeksiyon-sandalye","10":"product_cat-rattan-sandalyeler","12":"first","13":"instock","14":"product-type-simple"},"_links":{"self":[{"href":"https:\/\/palmiyesusleme.com\/index.php\/wp-json\/wp\/v2\/product\/8893","targetHints":{"allow":["GET"]}}],"collection":[{"href":"https:\/\/palmiyesusleme.com\/index.php\/wp-json\/wp\/v2\/product"}],"about":[{"href":"https:\/\/palmiyesusleme.com\/index.php\/wp-json\/wp\/v2\/types\/product"}],"replies":[{"embeddable":true,"href":"https:\/\/palmiyesusleme.com\/index.php\/wp-json\/wp\/v2\/comments?post=8893"}],"wp:featuredmedia":[{"embeddable":true,"href":"https:\/\/palmiyesusleme.com\/index.php\/wp-json\/wp\/v2\/media\/8894"}],"wp:attachment":[{"href":"https:\/\/palmiyesusleme.com\/index.php\/wp-json\/wp\/v2\/media?parent=8893"}],"wp:term":[{"taxonomy":"product_cat","embeddable":true,"href":"https:\/\/palmiyesusleme.com\/index.php\/wp-json\/wp\/v2\/product_cat?post=8893"},{"taxonomy":"product_tag","embeddable":true,"href":"https:\/\/palmiyesusleme.com\/index.php\/wp-json\/wp\/v2\/product_tag?post=8893"}],"curies":[{"name":"wp","href":"https:\/\/api.w.org\/{rel}","templated":true}]}}