{"id":8895,"date":"2024-03-07T16:27:02","date_gmt":"2024-03-07T13:27:02","guid":{"rendered":"https:\/\/palmiyesusleme.com\/index.php\/urun\/bambu-kaplama-kolsuz-rattan-sandalye\/"},"modified":"2024-03-07T16:27:13","modified_gmt":"2024-03-07T13:27:13","slug":"bambu-kaplama-kolsuz-rattan-sandalye","status":"publish","type":"product","link":"https:\/\/palmiyesusleme.com\/index.php\/urun\/bambu-kaplama-kolsuz-rattan-sandalye\/","title":{"rendered":"Bambu Kaplama Kolsuz Rattan Sandalye"},"content":{"rendered":"<p>&lt;p style=&quot;text-align: center; &quot;&gt;Al\u00fcminyum iskeletli bambu kaplamal\u0131 orijinal rattan sandalye&lt;\/p&gt;&lt;p style=&quot;text-align: center; &quot;&gt;&lt;br&gt;&lt;\/p&gt;&lt;p style=&quot;text-align: center; &quot;&gt;&lt;img src=&quot;https:\/\/www.palmiyekocak.com\/image\/catalog\/urun\/rattan-sandalye\/66666kapak.jpg&quot; style=&quot;width: 1024px;&quot;&gt;&lt;\/p&gt;&lt;p style=&quot;text-align: center; &quot;&gt;&lt;br&gt;&lt;\/p&gt;&lt;p style=&quot;text-align: center; &quot;&gt;&lt;br&gt;&lt;\/p&gt;&lt;p style=&quot;text-align: center; &quot;&gt;&lt;img src=&quot;https:\/\/www.palmiyekocak.com\/image\/catalog\/urun\/rattan-sandalye\/2222.jpg&quot; style=&quot;width: 1024px;&quot;&gt;&lt;\/p&gt;&lt;p style=&quot;text-align: center; &quot;&gt;&lt;br&gt;&lt;\/p&gt;&lt;p style=&quot;text-align: center; &quot;&gt;&lt;br&gt;&lt;\/p&gt;&lt;p style=&quot;text-align: center; &quot;&gt;&lt;img src=&quot;https:\/\/www.palmiyekocak.com\/image\/catalog\/urun\/rattan-sandalye\/3333.jpg&quot; style=&quot;width: 1024px;&quot;&gt;&lt;\/p&gt;&lt;p style=&quot;text-align: center; &quot;&gt;&lt;br&gt;&lt;\/p&gt;&lt;p style=&quot;text-align: center; &quot;&gt;&lt;br&gt;&lt;\/p&gt;&lt;p style=&quot;text-align: center; &quot;&gt;&lt;br&gt;&lt;\/p&gt;&lt;p style=&quot;text-align: center;&quot;&gt;&lt;br&gt;&lt;\/p&gt;&lt;p style=&quot;text-align: left;&quot;&gt;&lt;img src=&quot;https:\/\/www.palmiyekocak.com\/image\/catalog\/urun\/rattan-sandalye\/4444.jpg&quot; style=&quot;text-align: center; width: 1024px;&quot;&gt;&lt;\/p&gt;&lt;p style=&quot;text-align: left;&quot;&gt;&lt;br&gt;&lt;\/p&gt;&lt;p style=&quot;text-align: left;&quot;&gt;&lt;br&gt;&lt;\/p&gt;&lt;p style=&quot;text-align: center; margin-bottom: 1.25em; border: 0px solid rgb(217, 217, 227); &#8211;tw-border-spacing-x: 0; &#8211;tw-border-spacing-y: 0; &#8211;tw-translate-x: 0; &#8211;tw-translate-y: 0; &#8211;tw-rotate: 0; &#8211;tw-skew-x: 0; &#8211;tw-skew-y: 0; &#8211;tw-scale-x: 1; &#8211;tw-scale-y: 1; &#8211;tw-pan-x: ; &#8211;tw-pan-y: ; &#8211;tw-pinch-zoom: ; &#8211;tw-scroll-snap-strictness: proximity; &#8211;tw-gradient-from-position: ; &#8211;tw-gradient-via-position: ; &#8211;tw-gradient-to-position: ; &#8211;tw-ordinal: ; &#8211;tw-slashed-zero: ; &#8211;tw-numeric-figure: ; &#8211;tw-numeric-spacing: ; &#8211;tw-numeric-fraction: ; &#8211;tw-ring-inset: ; &#8211;tw-ring-offset-width: 0px; &#8211;tw-ring-offset-color: #fff; &#8211;tw-ring-color: rgba(69,89,164,.5); &#8211;tw-ring-offset-shadow: 0 0 transparent; &#8211;tw-ring-shadow: 0 0 transparent; &#8211;tw-shadow: 0 0 transparent; &#8211;tw-shadow-colored: 0 0 transparent; &#8211;tw-blur: ; &#8211;tw-brightness: ; &#8211;tw-contrast: ; &#8211;tw-grayscale: ; &#8211;tw-hue-rotate: ; &#8211;tw-invert: ; &#8211;tw-saturate: ; &#8211;tw-sepia: ; &#8211;tw-drop-shadow: ; &#8211;tw-backdrop-blur: ; &#8211;tw-backdrop-brightness: ; &#8211;tw-backdrop-contrast: ; &#8211;tw-backdrop-grayscale: ; &#8211;tw-backdrop-hue-rotate: ; &#8211;tw-backdrop-invert: ; &#8211;tw-backdrop-opacity: ; &#8211;tw-backdrop-saturate: ; &#8211;tw-backdrop-sepia: ;&quot;&gt;G\u00fcn\u00fcm\u00fczde, i\u00e7 ve d\u0131\u015f mekanlarda kullan\u0131lan mobilyalar hem estetik hem de konfor a\u00e7\u0131s\u0131ndan \u00f6nemlidir. Bu nedenle, tasar\u0131mc\u0131lar ve \u00fcreticiler, yenilik\u00e7i ve \u015f\u0131k mobilyalar \u00fcretmek i\u00e7in farkl\u0131 malzemeleri bir araya getirerek \u00f6zg\u00fcn tasar\u0131mlar ortaya koymaktad\u0131r. Palmiye Ko\u00e7ak&#039;\u0131n \u00fcretti\u011fi bambu kaplama kolsuz rattan sandalye de bu t\u00fcr yenilik\u00e7i \u00fcr\u00fcnlerden biridir.&lt;\/p&gt;&lt;p style=&quot;text-align: center; margin-top: 1.25em; margin-bottom: 1.25em; border: 0px solid rgb(217, 217, 227); &#8211;tw-border-spacing-x: 0; &#8211;tw-border-spacing-y: 0; &#8211;tw-translate-x: 0; &#8211;tw-translate-y: 0; &#8211;tw-rotate: 0; &#8211;tw-skew-x: 0; &#8211;tw-skew-y: 0; &#8211;tw-scale-x: 1; &#8211;tw-scale-y: 1; &#8211;tw-pan-x: ; &#8211;tw-pan-y: ; &#8211;tw-pinch-zoom: ; &#8211;tw-scroll-snap-strictness: proximity; &#8211;tw-gradient-from-position: ; &#8211;tw-gradient-via-position: ; &#8211;tw-gradient-to-position: ; &#8211;tw-ordinal: ; &#8211;tw-slashed-zero: ; &#8211;tw-numeric-figure: ; &#8211;tw-numeric-spacing: ; &#8211;tw-numeric-fraction: ; &#8211;tw-ring-inset: ; &#8211;tw-ring-offset-width: 0px; &#8211;tw-ring-offset-color: #fff; &#8211;tw-ring-color: rgba(69,89,164,.5); &#8211;tw-ring-offset-shadow: 0 0 transparent; &#8211;tw-ring-shadow: 0 0 transparent; &#8211;tw-shadow: 0 0 transparent; &#8211;tw-shadow-colored: 0 0 transparent; &#8211;tw-blur: ; &#8211;tw-brightness: ; &#8211;tw-contrast: ; &#8211;tw-grayscale: ; &#8211;tw-hue-rotate: ; &#8211;tw-invert: ; &#8211;tw-saturate: ; &#8211;tw-sepia: ; &#8211;tw-drop-shadow: ; &#8211;tw-backdrop-blur: ; &#8211;tw-backdrop-brightness: ; &#8211;tw-backdrop-contrast: ; &#8211;tw-backdrop-grayscale: ; &#8211;tw-backdrop-hue-rotate: ; &#8211;tw-backdrop-invert: ; &#8211;tw-backdrop-opacity: ; &#8211;tw-backdrop-saturate: ; &#8211;tw-backdrop-sepia: ;&quot;&gt;Bambu kaplama kolsuz rattan sandalye, zarif bir g\u00f6r\u00fcn\u00fcm\u00fc ve rahat bir oturma deneyimi sunan \u00f6zel bir tasar\u0131ma sahiptir. Bu sandalye, i\u00e7 mekanlarda oturma odalar\u0131, yemek odalar\u0131 veya kafe gibi mekanlarda kullan\u0131labilece\u011fi gibi, d\u0131\u015f mekanlarda bah\u00e7eler, teraslar veya balkonlar gibi alanlarda da \u015f\u0131kl\u0131k ve konfor sunar.&lt;\/p&gt;&lt;p style=&quot;text-align: center; margin-top: 1.25em; margin-bottom: 1.25em; border: 0px solid rgb(217, 217, 227); &#8211;tw-border-spacing-x: 0; &#8211;tw-border-spacing-y: 0; &#8211;tw-translate-x: 0; &#8211;tw-translate-y: 0; &#8211;tw-rotate: 0; &#8211;tw-skew-x: 0; &#8211;tw-skew-y: 0; &#8211;tw-scale-x: 1; &#8211;tw-scale-y: 1; &#8211;tw-pan-x: ; &#8211;tw-pan-y: ; &#8211;tw-pinch-zoom: ; &#8211;tw-scroll-snap-strictness: proximity; &#8211;tw-gradient-from-position: ; &#8211;tw-gradient-via-position: ; &#8211;tw-gradient-to-position: ; &#8211;tw-ordinal: ; &#8211;tw-slashed-zero: ; &#8211;tw-numeric-figure: ; &#8211;tw-numeric-spacing: ; &#8211;tw-numeric-fraction: ; &#8211;tw-ring-inset: ; &#8211;tw-ring-offset-width: 0px; &#8211;tw-ring-offset-color: #fff; &#8211;tw-ring-color: rgba(69,89,164,.5); &#8211;tw-ring-offset-shadow: 0 0 transparent; &#8211;tw-ring-shadow: 0 0 transparent; &#8211;tw-shadow: 0 0 transparent; &#8211;tw-shadow-colored: 0 0 transparent; &#8211;tw-blur: ; &#8211;tw-brightness: ; &#8211;tw-contrast: ; &#8211;tw-grayscale: ; &#8211;tw-hue-rotate: ; &#8211;tw-invert: ; &#8211;tw-saturate: ; &#8211;tw-sepia: ; &#8211;tw-drop-shadow: ; &#8211;tw-backdrop-blur: ; &#8211;tw-backdrop-brightness: ; &#8211;tw-backdrop-contrast: ; &#8211;tw-backdrop-grayscale: ; &#8211;tw-backdrop-hue-rotate: ; &#8211;tw-backdrop-invert: ; &#8211;tw-backdrop-opacity: ; &#8211;tw-backdrop-saturate: ; &#8211;tw-backdrop-sepia: ;&quot;&gt;Sandalyenin en dikkat \u00e7ekici \u00f6zelli\u011fi, bambu kaplamal\u0131 rattan malzemesidir. Rattan, do\u011fal bir malzeme olup bambu benzeri bir bitki t\u00fcr\u00fcnden elde edilir. Bu malzeme, sandalyenin estetik g\u00f6r\u00fcn\u00fcm\u00fcn\u00fc artt\u0131r\u0131rken, dayan\u0131kl\u0131l\u0131\u011f\u0131n\u0131 da sa\u011flar. Rattan malzemesi, hafif ancak sa\u011flam bir yap\u0131s\u0131yla bilinir ve ayn\u0131 zamanda esnekli\u011fi sayesinde oturma konforunu da artt\u0131r\u0131r.&lt;\/p&gt;&lt;p style=&quot;text-align: center; margin-top: 1.25em; margin-bottom: 1.25em; border: 0px solid rgb(217, 217, 227); &#8211;tw-border-spacing-x: 0; &#8211;tw-border-spacing-y: 0; &#8211;tw-translate-x: 0; &#8211;tw-translate-y: 0; &#8211;tw-rotate: 0; &#8211;tw-skew-x: 0; &#8211;tw-skew-y: 0; &#8211;tw-scale-x: 1; &#8211;tw-scale-y: 1; &#8211;tw-pan-x: ; &#8211;tw-pan-y: ; &#8211;tw-pinch-zoom: ; &#8211;tw-scroll-snap-strictness: proximity; &#8211;tw-gradient-from-position: ; &#8211;tw-gradient-via-position: ; &#8211;tw-gradient-to-position: ; &#8211;tw-ordinal: ; &#8211;tw-slashed-zero: ; &#8211;tw-numeric-figure: ; &#8211;tw-numeric-spacing: ; &#8211;tw-numeric-fraction: ; &#8211;tw-ring-inset: ; &#8211;tw-ring-offset-width: 0px; &#8211;tw-ring-offset-color: #fff; &#8211;tw-ring-color: rgba(69,89,164,.5); &#8211;tw-ring-offset-shadow: 0 0 transparent; &#8211;tw-ring-shadow: 0 0 transparent; &#8211;tw-shadow: 0 0 transparent; &#8211;tw-shadow-colored: 0 0 transparent; &#8211;tw-blur: ; &#8211;tw-brightness: ; &#8211;tw-contrast: ; &#8211;tw-grayscale: ; &#8211;tw-hue-rotate: ; &#8211;tw-invert: ; &#8211;tw-saturate: ; &#8211;tw-sepia: ; &#8211;tw-drop-shadow: ; &#8211;tw-backdrop-blur: ; &#8211;tw-backdrop-brightness: ; &#8211;tw-backdrop-contrast: ; &#8211;tw-backdrop-grayscale: ; &#8211;tw-backdrop-hue-rotate: ; &#8211;tw-backdrop-invert: ; &#8211;tw-backdrop-opacity: ; &#8211;tw-backdrop-saturate: ; &#8211;tw-backdrop-sepia: ;&quot;&gt;Bambu kaplama, sandalyenin g\u00f6rsel a\u00e7\u0131dan dikkat \u00e7ekici ve benzersiz olmas\u0131n\u0131 sa\u011flar. Bambu, do\u011fal bir malzeme olarak s\u0131cak ve do\u011fal bir his uyand\u0131r\u0131r. Sandalyenin iskeleti rattan malzemeden yap\u0131lm\u0131\u015fken, kollar\u0131 bambu kaplamad\u0131r. Bu kombinasyon, sandalyenin estetik a\u00e7\u0131dan \u00e7ekici bir g\u00f6r\u00fcn\u00fcme sahip olmas\u0131n\u0131 sa\u011flar.&lt;\/p&gt;&lt;p style=&quot;text-align: center; margin-top: 1.25em; margin-bottom: 1.25em; border: 0px solid rgb(217, 217, 227); &#8211;tw-border-spacing-x: 0; &#8211;tw-border-spacing-y: 0; &#8211;tw-translate-x: 0; &#8211;tw-translate-y: 0; &#8211;tw-rotate: 0; &#8211;tw-skew-x: 0; &#8211;tw-skew-y: 0; &#8211;tw-scale-x: 1; &#8211;tw-scale-y: 1; &#8211;tw-pan-x: ; &#8211;tw-pan-y: ; &#8211;tw-pinch-zoom: ; &#8211;tw-scroll-snap-strictness: proximity; &#8211;tw-gradient-from-position: ; &#8211;tw-gradient-via-position: ; &#8211;tw-gradient-to-position: ; &#8211;tw-ordinal: ; &#8211;tw-slashed-zero: ; &#8211;tw-numeric-figure: ; &#8211;tw-numeric-spacing: ; &#8211;tw-numeric-fraction: ; &#8211;tw-ring-inset: ; &#8211;tw-ring-offset-width: 0px; &#8211;tw-ring-offset-color: #fff; &#8211;tw-ring-color: rgba(69,89,164,.5); &#8211;tw-ring-offset-shadow: 0 0 transparent; &#8211;tw-ring-shadow: 0 0 transparent; &#8211;tw-shadow: 0 0 transparent; &#8211;tw-shadow-colored: 0 0 transparent; &#8211;tw-blur: ; &#8211;tw-brightness: ; &#8211;tw-contrast: ; &#8211;tw-grayscale: ; &#8211;tw-hue-rotate: ; &#8211;tw-invert: ; &#8211;tw-saturate: ; &#8211;tw-sepia: ; &#8211;tw-drop-shadow: ; &#8211;tw-backdrop-blur: ; &#8211;tw-backdrop-brightness: ; &#8211;tw-backdrop-contrast: ; &#8211;tw-backdrop-grayscale: ; &#8211;tw-backdrop-hue-rotate: ; &#8211;tw-backdrop-invert: ; &#8211;tw-backdrop-opacity: ; &#8211;tw-backdrop-saturate: ; &#8211;tw-backdrop-sepia: ;&quot;&gt;Palmiye Ko\u00e7ak&#039;\u0131n \u00fcretti\u011fi bambu kaplama kolsuz rattan sandalye, kullan\u0131c\u0131lar\u0131n konforlu bir oturma deneyimi ya\u015famas\u0131n\u0131 sa\u011flayacak \u015fekilde tasarlanm\u0131\u015ft\u0131r. Ergonomik bir yap\u0131ya sahip olan sandalye, v\u00fccuda uyum sa\u011flayan bir oturma y\u00fczeyine ve s\u0131rt deste\u011fine sahiptir. Bu sayede uzun s\u00fcreli oturmalar s\u0131ras\u0131nda bile rahatl\u0131k sa\u011flar.&lt;\/p&gt;&lt;p style=&quot;text-align: center; margin-top: 1.25em; margin-bottom: 1.25em; border: 0px solid rgb(217, 217, 227); &#8211;tw-border-spacing-x: 0; &#8211;tw-border-spacing-y: 0; &#8211;tw-translate-x: 0; &#8211;tw-translate-y: 0; &#8211;tw-rotate: 0; &#8211;tw-skew-x: 0; &#8211;tw-skew-y: 0; &#8211;tw-scale-x: 1; &#8211;tw-scale-y: 1; &#8211;tw-pan-x: ; &#8211;tw-pan-y: ; &#8211;tw-pinch-zoom: ; &#8211;tw-scroll-snap-strictness: proximity; &#8211;tw-gradient-from-position: ; &#8211;tw-gradient-via-position: ; &#8211;tw-gradient-to-position: ; &#8211;tw-ordinal: ; &#8211;tw-slashed-zero: ; &#8211;tw-numeric-figure: ; &#8211;tw-numeric-spacing: ; &#8211;tw-numeric-fraction: ; &#8211;tw-ring-inset: ; &#8211;tw-ring-offset-width: 0px; &#8211;tw-ring-offset-color: #fff; &#8211;tw-ring-color: rgba(69,89,164,.5); &#8211;tw-ring-offset-shadow: 0 0 transparent; &#8211;tw-ring-shadow: 0 0 transparent; &#8211;tw-shadow: 0 0 transparent; &#8211;tw-shadow-colored: 0 0 transparent; &#8211;tw-blur: ; &#8211;tw-brightness: ; &#8211;tw-contrast: ; &#8211;tw-grayscale: ; &#8211;tw-hue-rotate: ; &#8211;tw-invert: ; &#8211;tw-saturate: ; &#8211;tw-sepia: ; &#8211;tw-drop-shadow: ; &#8211;tw-backdrop-blur: ; &#8211;tw-backdrop-brightness: ; &#8211;tw-backdrop-contrast: ; &#8211;tw-backdrop-grayscale: ; &#8211;tw-backdrop-hue-rotate: ; &#8211;tw-backdrop-invert: ; &#8211;tw-backdrop-opacity: ; &#8211;tw-backdrop-saturate: ; &#8211;tw-backdrop-sepia: ;&quot;&gt;Ayr\u0131ca, sandalyenin dayan\u0131kl\u0131 yap\u0131s\u0131 ve kolay temizlenebilir \u00f6zellikleri kullan\u0131c\u0131lar i\u00e7in b\u00fcy\u00fck bir avantajd\u0131r. Bambu kaplama rattan sandalye, d\u0131\u015f mekan ko\u015fullar\u0131na kar\u015f\u0131 dayan\u0131kl\u0131 olacak \u015fekilde tasarlanm\u0131\u015ft\u0131r. Bu sayede, sandalye uzun y\u0131llar boyunca g\u00fcvenle kullan\u0131labilir.&lt;\/p&gt;&lt;p style=&quot;text-align: center;&quot;&gt;&lt;br&gt;&lt;\/p&gt;&lt;p style=&quot;text-align: center;&quot;&gt;&lt;br&gt;&lt;\/p&gt;<\/p>\n","protected":false},"excerpt":{"rendered":"<p>&lt;p style=&quot;text-align: center; &quot;&gt;Al\u00fcminyum iskeletli bambu kaplamal\u0131 orijinal rattan sandalye&lt;\/p&gt;&lt;p style=&quot;text-align: center; &quot;&gt;&lt;br&gt;&lt;\/p&gt;&lt;p style=&quot;text-align: center; &quot;&gt;&lt;img src=&quot;https:\/\/www.palmiyekocak.com\/image\/catalog\/urun\/rattan-sandalye\/66666kapak.jpg&quot; style=&quot;width: 1024px;&quot;&gt;&lt;\/p&gt;&lt;p style=&quot;text-align: center; &quot;&gt;&lt;br&gt;&lt;\/p&gt;&lt;p style=&quot;text-align: center; &quot;&gt;&lt;br&gt;&lt;\/p&gt;&lt;p style=&quot;text-align: center; &quot;&gt;&lt;img src=&quot;https:\/\/www.palmiyekocak.com\/image\/catalog\/urun\/rattan-sandalye\/2222.jpg&quot; style=&quot;width: 1024px;&quot;&gt;&lt;\/p&gt;&lt;p style=&quot;text-align: center; &quot;&gt;&lt;br&gt;&lt;\/p&gt;&lt;p style=&quot;text-align: center; &quot;&gt;&lt;br&gt;&lt;\/p&gt;&lt;p style=&quot;text-align: center; &quot;&gt;&lt;img src=&quot;https:\/\/www.palmiyekocak.com\/image\/catalog\/urun\/rattan-sandalye\/3333.jpg&quot; style=&quot;width: 1024px;&quot;&gt;&lt;\/p&gt;&lt;p style=&quot;text-align: center; &quot;&gt;&lt;br&gt;&lt;\/p&gt;&lt;p style=&quot;text-align: center; &quot;&gt;&lt;br&gt;&lt;\/p&gt;&lt;p style=&quot;text-align: center; &quot;&gt;&lt;br&gt;&lt;\/p&gt;&lt;p style=&quot;text-align: center;&quot;&gt;&lt;br&gt;&lt;\/p&gt;&lt;p style=&quot;text-align: [&hellip;]<\/p>\n","protected":false},"featured_media":8896,"comment_status":"closed","ping_status":"open","template":"","meta":{"_joinchat":[]},"product_cat":[207,20,48,21,19],"product_tag":[],"class_list":{"0":"post-8895","1":"product","2":"type-product","3":"status-publish","4":"has-post-thumbnail","6":"product_cat-bahce-rattan-kollu-sandalye","7":"product_cat-bahce-rattan-sandalyeleri","8":"product_cat-bahce-sandalyeleri","9":"product_cat-rattan-enjeksiyon-sandalye","10":"product_cat-rattan-sandalyeler","12":"first","13":"instock","14":"product-type-simple"},"_links":{"self":[{"href":"https:\/\/palmiyesusleme.com\/index.php\/wp-json\/wp\/v2\/product\/8895","targetHints":{"allow":["GET"]}}],"collection":[{"href":"https:\/\/palmiyesusleme.com\/index.php\/wp-json\/wp\/v2\/product"}],"about":[{"href":"https:\/\/palmiyesusleme.com\/index.php\/wp-json\/wp\/v2\/types\/product"}],"replies":[{"embeddable":true,"href":"https:\/\/palmiyesusleme.com\/index.php\/wp-json\/wp\/v2\/comments?post=8895"}],"wp:featuredmedia":[{"embeddable":true,"href":"https:\/\/palmiyesusleme.com\/index.php\/wp-json\/wp\/v2\/media\/8896"}],"wp:attachment":[{"href":"https:\/\/palmiyesusleme.com\/index.php\/wp-json\/wp\/v2\/media?parent=8895"}],"wp:term":[{"taxonomy":"product_cat","embeddable":true,"href":"https:\/\/palmiyesusleme.com\/index.php\/wp-json\/wp\/v2\/product_cat?post=8895"},{"taxonomy":"product_tag","embeddable":true,"href":"https:\/\/palmiyesusleme.com\/index.php\/wp-json\/wp\/v2\/product_tag?post=8895"}],"curies":[{"name":"wp","href":"https:\/\/api.w.org\/{rel}","templated":true}]}}