{"id":8901,"date":"2024-03-07T16:27:02","date_gmt":"2024-03-07T13:27:02","guid":{"rendered":"https:\/\/palmiyesusleme.com\/index.php\/urun\/ahsap-rustik-salon-masasi\/"},"modified":"2024-03-07T16:27:19","modified_gmt":"2024-03-07T13:27:19","slug":"ahsap-rustik-salon-masasi","status":"publish","type":"product","link":"https:\/\/palmiyesusleme.com\/index.php\/urun\/ahsap-rustik-salon-masasi\/","title":{"rendered":"Ah\u015fap Rustik Salon Masas\u0131"},"content":{"rendered":"<p>&lt;p&gt;&lt;div&gt;Tornal\u0131 ayaklar\u0131, oval sabit tablas\u0131 ile salonunuza renk katacak bu &lt;b&gt;ah\u015fap rustik masa&lt;\/b&gt;m\u0131z\u0131, diledi\u011finiz \u00f6l\u00e7\u00fcde ve renkte sipari\u015f verebilirsiniz. Ayr\u0131ca, bir mekanizma ilave edilerek a\u00e7\u0131l\u0131r da yapabilir, b\u00f6ylece, misafirleriniz geldi\u011finde masa tablan\u0131za 40 cm ilave etmi\u015f olursunuz.&lt;\/div&gt;&lt;div&gt;&lt;\/div&gt;&lt;img src=&quot;\/image\/urun-olculeri\/ahsap-klasik-masa.png&quot; alt=&quot;Ah\u015fap Rustik Salon Masas\u0131 \u00d6l\u00e7\u00fcs\u00fc&quot; title=&quot;Ah\u015fap Rustik Salon Masas\u0131 \u00d6l\u00e7\u00fcs\u00fc&quot;&gt;&lt;table class=&quot;table table-bordered&quot;&gt;&lt;tbody&gt;&lt;tr&gt;&lt;td&gt;En \/ Derinlik&lt;\/td&gt;&lt;td&gt;80 cm&lt;\/td&gt;&lt;td&gt;90 cm&lt;\/td&gt;&lt;td&gt;100 cm&lt;\/td&gt;&lt;\/tr&gt;&lt;tr&gt;&lt;td&gt;Geni\u015flik&lt;\/td&gt;&lt;td&gt;140 cm&lt;\/td&gt;&lt;td&gt;180 cm&lt;\/td&gt;&lt;td&gt;210 cm&lt;\/td&gt;&lt;\/tr&gt;&lt;tr&gt;&lt;td&gt;Y\u00fckseklik&lt;\/td&gt;&lt;td&gt;77 cm&lt;\/td&gt;&lt;td&gt;77 cm&lt;\/td&gt;&lt;td&gt;77 cm&lt;\/td&gt;&lt;\/tr&gt;&lt;\/tbody&gt;&lt;\/table&gt;&lt;span style=&quot;text-align: center;&quot;&gt;\u0130ste\u011fe \u00f6zel olarak malzeme cinsinde (ah\u015fap,boya,kuma\u015f,deri) ve \u00fcr\u00fcn \u00f6l\u00e7\u00fclerinde de\u011fi\u015fiklik yap\u0131labilir.&lt;\/span&gt;&lt;br&gt;&lt;\/p&gt;<\/p>\n","protected":false},"excerpt":{"rendered":"<p>&lt;p&gt;&lt;div&gt;Tornal\u0131 ayaklar\u0131, oval sabit tablas\u0131 ile salonunuza renk katacak bu &lt;b&gt;ah\u015fap rustik masa&lt;\/b&gt;m\u0131z\u0131, diledi\u011finiz \u00f6l\u00e7\u00fcde ve renkte sipari\u015f verebilirsiniz. Ayr\u0131ca, bir mekanizma ilave edilerek a\u00e7\u0131l\u0131r da yapabilir, b\u00f6ylece, misafirleriniz geldi\u011finde masa tablan\u0131za 40 cm ilave etmi\u015f olursunuz.&lt;\/div&gt;&lt;div&gt;&lt;\/div&gt;&lt;img src=&quot;\/image\/urun-olculeri\/ahsap-klasik-masa.png&quot; alt=&quot;Ah\u015fap Rustik Salon Masas\u0131 \u00d6l\u00e7\u00fcs\u00fc&quot; title=&quot;Ah\u015fap Rustik Salon Masas\u0131 \u00d6l\u00e7\u00fcs\u00fc&quot;&gt;&lt;table class=&quot;table table-bordered&quot;&gt;&lt;tbody&gt;&lt;tr&gt;&lt;td&gt;En \/ Derinlik&lt;\/td&gt;&lt;td&gt;80 cm&lt;\/td&gt;&lt;td&gt;90 cm&lt;\/td&gt;&lt;td&gt;100 cm&lt;\/td&gt;&lt;\/tr&gt;&lt;tr&gt;&lt;td&gt;Geni\u015flik&lt;\/td&gt;&lt;td&gt;140 [&hellip;]<\/p>\n","protected":false},"featured_media":8902,"comment_status":"closed","ping_status":"open","template":"","meta":{"_joinchat":[]},"product_cat":[208,161,160],"product_tag":[],"class_list":{"0":"post-8901","1":"product","2":"type-product","3":"status-publish","4":"has-post-thumbnail","6":"product_cat-ahsap-rustik-masa","7":"product_cat-otel-masalari","8":"product_cat-restoran-masalari","10":"first","11":"instock","12":"product-type-simple"},"_links":{"self":[{"href":"https:\/\/palmiyesusleme.com\/index.php\/wp-json\/wp\/v2\/product\/8901","targetHints":{"allow":["GET"]}}],"collection":[{"href":"https:\/\/palmiyesusleme.com\/index.php\/wp-json\/wp\/v2\/product"}],"about":[{"href":"https:\/\/palmiyesusleme.com\/index.php\/wp-json\/wp\/v2\/types\/product"}],"replies":[{"embeddable":true,"href":"https:\/\/palmiyesusleme.com\/index.php\/wp-json\/wp\/v2\/comments?post=8901"}],"wp:featuredmedia":[{"embeddable":true,"href":"https:\/\/palmiyesusleme.com\/index.php\/wp-json\/wp\/v2\/media\/8902"}],"wp:attachment":[{"href":"https:\/\/palmiyesusleme.com\/index.php\/wp-json\/wp\/v2\/media?parent=8901"}],"wp:term":[{"taxonomy":"product_cat","embeddable":true,"href":"https:\/\/palmiyesusleme.com\/index.php\/wp-json\/wp\/v2\/product_cat?post=8901"},{"taxonomy":"product_tag","embeddable":true,"href":"https:\/\/palmiyesusleme.com\/index.php\/wp-json\/wp\/v2\/product_tag?post=8901"}],"curies":[{"name":"wp","href":"https:\/\/api.w.org\/{rel}","templated":true}]}}