{"id":8903,"date":"2024-03-07T16:27:02","date_gmt":"2024-03-07T13:27:02","guid":{"rendered":"https:\/\/palmiyesusleme.com\/index.php\/urun\/ahsap-rustik-cilali-masa\/"},"modified":"2024-03-07T16:27:20","modified_gmt":"2024-03-07T13:27:20","slug":"ahsap-rustik-cilali-masa","status":"publish","type":"product","link":"https:\/\/palmiyesusleme.com\/index.php\/urun\/ahsap-rustik-cilali-masa\/","title":{"rendered":"Ah\u015fap Rustik Cilal\u0131 Masa"},"content":{"rendered":"<p>&lt;div&gt;Dikd\u00f6rtgen, a\u00e7\u0131l\u0131r tablal\u0131 bu &lt;b&gt;rustik oturma odas\u0131 masa&lt;\/b&gt;m\u0131z, iki adet \u00fc\u00e7 basar tornal\u0131 ah\u015fap aya\u011f\u0131 ile \u00e7ok \u015f\u0131k g\u00f6r\u00fcn\u00fcyor. Yine \u00f6l\u00e7\u00fc ve cila hususlar\u0131 size kalm\u0131\u015f\u2026 Ceviz ya da maun evinize \u00e7ok yak\u0131\u015f\u0131r\u2026&lt;\/div&gt;&lt;div&gt;&lt;\/div&gt;&lt;img src=&quot;\/image\/urun-olculeri\/ahsap-klasik-masa.png&quot; alt=&quot;Oval Cilal\u0131 Ah\u015fap Rustik Masa \u00d6l\u00e7\u00fcs\u00fc&quot; title=&quot;Oval Cilal\u0131 Ah\u015fap Rustik Masa \u00d6l\u00e7\u00fcs\u00fc&quot;&gt;&lt;table class=&quot;table table-bordered&quot;&gt;&lt;tbody&gt;&lt;tr&gt;&lt;td&gt;En \/ Derinlik&lt;\/td&gt;&lt;td&gt;80 cm&lt;\/td&gt;&lt;td&gt;90 cm&lt;\/td&gt;&lt;td&gt;100 cm&lt;\/td&gt;&lt;\/tr&gt;&lt;tr&gt;&lt;td&gt;Geni\u015flik&lt;\/td&gt;&lt;td&gt;140 cm&lt;\/td&gt;&lt;td&gt;160 cm&lt;\/td&gt;&lt;td&gt;200 cm&lt;\/td&gt;&lt;\/tr&gt;&lt;tr&gt;&lt;td&gt;Y\u00fckseklik&lt;\/td&gt;&lt;td&gt;76 cm&lt;\/td&gt;&lt;td&gt;76 cm&lt;\/td&gt;&lt;td&gt;76 cm&lt;\/td&gt;&lt;\/tr&gt;&lt;\/tbody&gt;&lt;\/table&gt;&lt;span style=&quot;text-align: center;&quot;&gt;\u0130ste\u011fe \u00f6zel olarak malzeme cinsinde (ah\u015fap,boya,kuma\u015f,deri) ve \u00fcr\u00fcn \u00f6l\u00e7\u00fclerinde de\u011fi\u015fiklik yap\u0131labilir.&lt;\/span&gt;<\/p>\n","protected":false},"excerpt":{"rendered":"<p>&lt;div&gt;Dikd\u00f6rtgen, a\u00e7\u0131l\u0131r tablal\u0131 bu &lt;b&gt;rustik oturma odas\u0131 masa&lt;\/b&gt;m\u0131z, iki adet \u00fc\u00e7 basar tornal\u0131 ah\u015fap aya\u011f\u0131 ile \u00e7ok \u015f\u0131k g\u00f6r\u00fcn\u00fcyor. Yine \u00f6l\u00e7\u00fc ve cila hususlar\u0131 size kalm\u0131\u015f\u2026 Ceviz ya da maun evinize \u00e7ok yak\u0131\u015f\u0131r\u2026&lt;\/div&gt;&lt;div&gt;&lt;\/div&gt;&lt;img src=&quot;\/image\/urun-olculeri\/ahsap-klasik-masa.png&quot; alt=&quot;Oval Cilal\u0131 Ah\u015fap Rustik Masa \u00d6l\u00e7\u00fcs\u00fc&quot; title=&quot;Oval Cilal\u0131 Ah\u015fap Rustik Masa \u00d6l\u00e7\u00fcs\u00fc&quot;&gt;&lt;table class=&quot;table table-bordered&quot;&gt;&lt;tbody&gt;&lt;tr&gt;&lt;td&gt;En \/ Derinlik&lt;\/td&gt;&lt;td&gt;80 cm&lt;\/td&gt;&lt;td&gt;90 cm&lt;\/td&gt;&lt;td&gt;100 cm&lt;\/td&gt;&lt;\/tr&gt;&lt;tr&gt;&lt;td&gt;Geni\u015flik&lt;\/td&gt;&lt;td&gt;140 cm&lt;\/td&gt;&lt;td&gt;160 cm&lt;\/td&gt;&lt;td&gt;200 [&hellip;]<\/p>\n","protected":false},"featured_media":8904,"comment_status":"closed","ping_status":"open","template":"","meta":{"_joinchat":[]},"product_cat":[208,160],"product_tag":[],"class_list":{"0":"post-8903","1":"product","2":"type-product","3":"status-publish","4":"has-post-thumbnail","6":"product_cat-ahsap-rustik-masa","7":"product_cat-restoran-masalari","9":"first","10":"instock","11":"product-type-simple"},"_links":{"self":[{"href":"https:\/\/palmiyesusleme.com\/index.php\/wp-json\/wp\/v2\/product\/8903","targetHints":{"allow":["GET"]}}],"collection":[{"href":"https:\/\/palmiyesusleme.com\/index.php\/wp-json\/wp\/v2\/product"}],"about":[{"href":"https:\/\/palmiyesusleme.com\/index.php\/wp-json\/wp\/v2\/types\/product"}],"replies":[{"embeddable":true,"href":"https:\/\/palmiyesusleme.com\/index.php\/wp-json\/wp\/v2\/comments?post=8903"}],"wp:featuredmedia":[{"embeddable":true,"href":"https:\/\/palmiyesusleme.com\/index.php\/wp-json\/wp\/v2\/media\/8904"}],"wp:attachment":[{"href":"https:\/\/palmiyesusleme.com\/index.php\/wp-json\/wp\/v2\/media?parent=8903"}],"wp:term":[{"taxonomy":"product_cat","embeddable":true,"href":"https:\/\/palmiyesusleme.com\/index.php\/wp-json\/wp\/v2\/product_cat?post=8903"},{"taxonomy":"product_tag","embeddable":true,"href":"https:\/\/palmiyesusleme.com\/index.php\/wp-json\/wp\/v2\/product_tag?post=8903"}],"curies":[{"name":"wp","href":"https:\/\/api.w.org\/{rel}","templated":true}]}}