{"id":8905,"date":"2024-03-07T16:27:02","date_gmt":"2024-03-07T13:27:02","guid":{"rendered":"https:\/\/palmiyesusleme.com\/index.php\/urun\/ahsap-rustik-otel-masasi\/"},"modified":"2024-03-07T16:27:21","modified_gmt":"2024-03-07T13:27:21","slug":"ahsap-rustik-otel-masasi","status":"publish","type":"product","link":"https:\/\/palmiyesusleme.com\/index.php\/urun\/ahsap-rustik-otel-masasi\/","title":{"rendered":"Ah\u015fap Rustik Otel Masas\u0131"},"content":{"rendered":"<p>&lt;div&gt;Oval sabit 90&#215;150 tablas\u0131 ile d\u00f6rt ayakl\u0131 bu &lt;b&gt;ah\u015fap rustik&lt;\/b&gt; masam\u0131z otelinize \u00e7ok yak\u0131\u015facak. Tabla \u00f6l\u00e7\u00fcs\u00fcn\u00fc belirleyebilir, cila rengi se\u00e7ebilirsiniz. Tabla a\u00e7\u0131l\u0131r da imal edilebilir.&amp;nbsp;&lt;\/div&gt;&lt;div&gt;&lt;\/div&gt;&lt;img src=&quot;\/image\/urun-olculeri\/ahsap-klasik-masa.png&quot; alt=&quot;Oval Cilal\u0131 Ah\u015fap Rustik Masa \u00d6l\u00e7\u00fcs\u00fc&quot; title=&quot;Oval Cilal\u0131 Ah\u015fap Rustik Masa \u00d6l\u00e7\u00fcs\u00fc&quot;&gt;&lt;table class=&quot;table table-bordered&quot;&gt;&lt;tbody&gt;&lt;tr&gt;&lt;td&gt;En \/ Derinlik&lt;\/td&gt;&lt;td&gt;85 cm&lt;\/td&gt;&lt;td&gt;95 cm&lt;\/td&gt;&lt;td&gt;110 cm&lt;\/td&gt;&lt;\/tr&gt;&lt;tr&gt;&lt;td&gt;Geni\u015flik&lt;\/td&gt;&lt;td&gt;150 cm&lt;\/td&gt;&lt;td&gt;170 cm&lt;\/td&gt;&lt;td&gt;220 cm&lt;\/td&gt;&lt;\/tr&gt;&lt;tr&gt;&lt;td&gt;Y\u00fckseklik&lt;\/td&gt;&lt;td&gt;77 cm&lt;\/td&gt;&lt;td&gt;77 cm&lt;\/td&gt;&lt;td&gt;77 cm&lt;\/td&gt;&lt;\/tr&gt;&lt;\/tbody&gt;&lt;\/table&gt;&lt;span style=&quot;text-align: center;&quot;&gt;\u0130ste\u011fe \u00f6zel olarak malzeme cinsinde (ah\u015fap,boya,kuma\u015f,deri) ve \u00fcr\u00fcn \u00f6l\u00e7\u00fclerinde de\u011fi\u015fiklik yap\u0131labilir.&lt;\/span&gt;<\/p>\n","protected":false},"excerpt":{"rendered":"<p>&lt;div&gt;Oval sabit 90&#215;150 tablas\u0131 ile d\u00f6rt ayakl\u0131 bu &lt;b&gt;ah\u015fap rustik&lt;\/b&gt; masam\u0131z otelinize \u00e7ok yak\u0131\u015facak. Tabla \u00f6l\u00e7\u00fcs\u00fcn\u00fc belirleyebilir, cila rengi se\u00e7ebilirsiniz. Tabla a\u00e7\u0131l\u0131r da imal edilebilir.&amp;nbsp;&lt;\/div&gt;&lt;div&gt;&lt;\/div&gt;&lt;img src=&quot;\/image\/urun-olculeri\/ahsap-klasik-masa.png&quot; alt=&quot;Oval Cilal\u0131 Ah\u015fap Rustik Masa \u00d6l\u00e7\u00fcs\u00fc&quot; title=&quot;Oval Cilal\u0131 Ah\u015fap Rustik Masa \u00d6l\u00e7\u00fcs\u00fc&quot;&gt;&lt;table class=&quot;table table-bordered&quot;&gt;&lt;tbody&gt;&lt;tr&gt;&lt;td&gt;En \/ Derinlik&lt;\/td&gt;&lt;td&gt;85 cm&lt;\/td&gt;&lt;td&gt;95 cm&lt;\/td&gt;&lt;td&gt;110 cm&lt;\/td&gt;&lt;\/tr&gt;&lt;tr&gt;&lt;td&gt;Geni\u015flik&lt;\/td&gt;&lt;td&gt;150 cm&lt;\/td&gt;&lt;td&gt;170 cm&lt;\/td&gt;&lt;td&gt;220 cm&lt;\/td&gt;&lt;\/tr&gt;&lt;tr&gt;&lt;td&gt;Y\u00fckseklik&lt;\/td&gt;&lt;td&gt;77 cm&lt;\/td&gt;&lt;td&gt;77 cm&lt;\/td&gt;&lt;td&gt;77 cm&lt;\/td&gt;&lt;\/tr&gt;&lt;\/tbody&gt;&lt;\/table&gt;&lt;span style=&quot;text-align: center;&quot;&gt;\u0130ste\u011fe \u00f6zel olarak [&hellip;]<\/p>\n","protected":false},"featured_media":8906,"comment_status":"closed","ping_status":"open","template":"","meta":{"_joinchat":[]},"product_cat":[208,161,160],"product_tag":[],"class_list":{"0":"post-8905","1":"product","2":"type-product","3":"status-publish","4":"has-post-thumbnail","6":"product_cat-ahsap-rustik-masa","7":"product_cat-otel-masalari","8":"product_cat-restoran-masalari","10":"first","11":"instock","12":"product-type-simple"},"_links":{"self":[{"href":"https:\/\/palmiyesusleme.com\/index.php\/wp-json\/wp\/v2\/product\/8905","targetHints":{"allow":["GET"]}}],"collection":[{"href":"https:\/\/palmiyesusleme.com\/index.php\/wp-json\/wp\/v2\/product"}],"about":[{"href":"https:\/\/palmiyesusleme.com\/index.php\/wp-json\/wp\/v2\/types\/product"}],"replies":[{"embeddable":true,"href":"https:\/\/palmiyesusleme.com\/index.php\/wp-json\/wp\/v2\/comments?post=8905"}],"wp:featuredmedia":[{"embeddable":true,"href":"https:\/\/palmiyesusleme.com\/index.php\/wp-json\/wp\/v2\/media\/8906"}],"wp:attachment":[{"href":"https:\/\/palmiyesusleme.com\/index.php\/wp-json\/wp\/v2\/media?parent=8905"}],"wp:term":[{"taxonomy":"product_cat","embeddable":true,"href":"https:\/\/palmiyesusleme.com\/index.php\/wp-json\/wp\/v2\/product_cat?post=8905"},{"taxonomy":"product_tag","embeddable":true,"href":"https:\/\/palmiyesusleme.com\/index.php\/wp-json\/wp\/v2\/product_tag?post=8905"}],"curies":[{"name":"wp","href":"https:\/\/api.w.org\/{rel}","templated":true}]}}