{"id":8986,"date":"2024-03-07T16:27:50","date_gmt":"2024-03-07T13:27:50","guid":{"rendered":"https:\/\/palmiyesusleme.com\/index.php\/urun\/acik-ahsap-renkli-yatay-citali-restoran-sandalyesi\/"},"modified":"2024-03-07T16:28:01","modified_gmt":"2024-03-07T13:28:01","slug":"acik-ahsap-renkli-yatay-citali-restoran-sandalyesi","status":"publish","type":"product","link":"https:\/\/palmiyesusleme.com\/index.php\/urun\/acik-ahsap-renkli-yatay-citali-restoran-sandalyesi\/","title":{"rendered":"A\u00e7\u0131k Ah\u015fap Renkli Yatay \u00c7\u0131tal\u0131 Restoran Sandalyesi"},"content":{"rendered":"<p>&lt;!&#8211; wp:paragraph &#8211;&gt;<br \/>\n&lt;h2&gt;&lt;a href=&quot;https:\/\/www.sandalyecesitleri.com\/restoran-sandalyeleri&quot; target=&quot;_blank&quot;&gt;A\u00e7\u0131k Ah\u015fap Renkli Yatay \u00c7\u0131tal\u0131 Restoran Sandalyesi&lt;\/a&gt;&lt;\/h2&gt;&lt;p&gt;A\u00e7\u0131k Ah\u015fap Renkli Yatay \u00c7\u0131tal\u0131 Restoran Sandalyesi: Kafe, Restoran ve Oteller \u0130\u00e7in Vazge\u00e7ilmez Tercih&lt;\/p&gt;<br \/>\n&lt;!&#8211; \/wp:paragraph &#8211;&gt;<\/p>\n<p>&lt;!&#8211; wp:paragraph &#8211;&gt;<br \/>\n&lt;p&gt;D\u00fc\u015f\u00fcnd\u00fc\u011f\u00fcm\u00fczde, bir mekana ilk girdi\u011fimizde en \u00e7ok neyi fark ederiz? \u0130\u00e7 dekorasyon, ayd\u0131nlatma, hizmet kalitesi, hatta m\u00fczik se\u00e7imi&#8230; Ancak bir mekan\u0131n kalitesini, rahatl\u0131\u011f\u0131n\u0131 ve esteti\u011fini belirleyen unsurlardan biri. Belki de ilk g\u00f6z\u00fcm\u00fcze \u00e7arpan ve en \u00f6nemli olan\u0131 mobilyalard\u0131r. \u0130\u015fte tam da bu noktada, A\u00e7\u0131k Ah\u015fap Renkli Yatay \u00c7\u0131tal\u0131 Restoran Sandalyesi. Kafe, restoran ve otellerde hem i\u015fletmecilerin hem de m\u00fc\u015fterilerin vazge\u00e7ilmeyen tercihi olmakta.&lt;\/p&gt;<br \/>\n&lt;!&#8211; \/wp:paragraph &#8211;&gt;<\/p>\n<p>&lt;!&#8211; wp:heading {&quot;level&quot;:3} &#8211;&gt;<br \/>\n&lt;h3 class=&quot;wp-block-heading&quot;&gt;&lt;a href=&quot;https:\/\/www.palmiyekocak.com\/ahsap-sandalye\/acik-ahsap-renkli-yatay-citali-restoran-sandalyesi-rsa03&quot; target=&quot;_blank&quot;&gt;A\u00e7\u0131k Ah\u015fap Renkli Yatay \u00c7\u0131tal\u0131 Restoran Sandalyesi \u00d6zellikleri;&lt;\/a&gt;&lt;\/h3&gt;<br \/>\n&lt;!&#8211; \/wp:heading &#8211;&gt;<\/p>\n<p>&lt;!&#8211; wp:paragraph &#8211;&gt;<br \/>\n&lt;p&gt;Bu e\u015fsiz tasar\u0131ml\u0131 sandalye, a\u00e7\u0131k ah\u015fap rengi ile do\u011fall\u0131\u011f\u0131 ve s\u0131cakl\u0131\u011f\u0131 m\u00fc\u015fterilere yans\u0131t\u0131r. Ah\u015fab\u0131n huzur veren dokusu ve yatay \u00e7\u0131talar\u0131n modern g\u00f6r\u00fcn\u00fcm\u00fc, mekanlara sofistike bir atmosfer kazand\u0131r\u0131r. Ah\u015fab\u0131n do\u011fal renginin yan\u0131 s\u0131ra, yatay \u00e7\u0131talar\u0131n verdi\u011fi minimal ve d\u00fczenli g\u00f6r\u00fcn\u00fcm, her tarza ve dekorasyona uyum sa\u011flar.&lt;\/p&gt;<br \/>\n&lt;!&#8211; \/wp:paragraph &#8211;&gt;<\/p>\n<p>&lt;!&#8211; wp:paragraph &#8211;&gt;<br \/>\n&lt;p&gt;A\u00e7\u0131k Ah\u015fap Renkli Yatay \u00c7\u0131tal\u0131 Restoran Sandalyesi&#039;nin konfor seviyesi, m\u00fc\u015fteri memnuniyetini art\u0131ran bir di\u011fer \u00f6nemli unsurdur. \u0130\u015fletme sahipleri, m\u00fc\u015fterilerine en iyi deneyimi sunmay\u0131 hedeflediklerinde, bu sandalye ideal bir tercih olacakt\u0131r. Ergonomik tasar\u0131m\u0131 ve yatay \u00e7\u0131talar\u0131 sayesinde, uzun s\u00fcre oturma durumunda bile rahatl\u0131k sa\u011flar.&lt;\/p&gt;<br \/>\n&lt;!&#8211; \/wp:paragraph &#8211;&gt;<\/p>\n<p>&lt;!&#8211; wp:paragraph &#8211;&gt;<br \/>\n&lt;p&gt;Sadece estetik ve konfor a\u00e7\u0131s\u0131ndan de\u011fil, ayn\u0131 zamanda dayan\u0131kl\u0131l\u0131k ve kullan\u0131m kolayl\u0131\u011f\u0131 a\u00e7\u0131s\u0131ndan da. A\u00e7\u0131k Ah\u015fap Renkli Yatay \u00c7\u0131tal\u0131 Restoran Sandalyeleri, kafe, restoranlar ve oteller i\u00e7in. Vazge\u00e7ilmez bir se\u00e7im olmaktad\u0131r. Ah\u015fap, dayan\u0131kl\u0131 ve uzun \u00f6m\u00fcrl\u00fc bir malzeme oldu\u011fundan, yo\u011fun kullan\u0131m ko\u015fullar\u0131nda bile y\u0131llarca dayanmakta.&lt;\/p&gt;<br \/>\n&lt;!&#8211; \/wp:paragraph &#8211;&gt;<\/p>\n<p>&lt;!&#8211; wp:paragraph &#8211;&gt;<br \/>\n&lt;p&gt;Her t\u00fcrl\u00fc i\u00e7 mekan tasar\u0131m\u0131na kolayl\u0131kla adapte olabilen bu sandalye, rustik bir kafe atmosferinde. Daha \u015f\u0131k ve modern bir restorana. Hatta l\u00fcks bir otelin lobisine kadar her yerde rahatl\u0131kla kullan\u0131lmakta. \u00d6yle ki, A\u00e7\u0131k Ah\u015fap Renkli Yatay \u00c7\u0131tal\u0131 Restoran Sandalyeleri bir mekan\u0131n karakterini belirleyen. Ayr\u0131ca Y\u00fckselten bir unsura d\u00f6n\u00fc\u015fmekte.&lt;\/p&gt;<br \/>\n&lt;!&#8211; \/wp:paragraph &#8211;&gt;<\/p>\n<p>&lt;!&#8211; wp:heading {&quot;level&quot;:3} &#8211;&gt;<br \/>\n&lt;h3 class=&quot;wp-block-heading&quot;&gt;Sonu\u00e7 Olarak;&lt;\/h3&gt;<br \/>\n&lt;!&#8211; \/wp:heading &#8211;&gt;<\/p>\n<p>&lt;!&#8211; wp:paragraph &#8211;&gt;<br \/>\n&lt;p&gt;Sonu\u00e7 olarak, A\u00e7\u0131k Ah\u015fap Renkli Yatay \u00c7\u0131tal\u0131 Restoran Sandalyeleri, hem i\u015fletme sahipleri i\u00e7in dayan\u0131kl\u0131. Bunun yan\u0131 s\u0131ra estetik ve kullan\u0131\u015fl\u0131 bir se\u00e7enek. Hem de m\u00fc\u015fteriler i\u00e7in rahat ve ho\u015f bir deneyim sunmaktad\u0131r. Bu nedenle, bu sandalye, kafe, restoran ve otellerin tercih etti\u011fi bir mobilya olmaya devam&amp;nbsp;etmektedir.&lt;\/p&gt;<br \/>\n&lt;!&#8211; \/wp:paragraph &#8211;&gt;<\/p>\n","protected":false},"excerpt":{"rendered":"<p>&lt;!&#8211; wp:paragraph &#8211;&gt; &lt;h2&gt;&lt;a href=&quot;https:\/\/www.sandalyecesitleri.com\/restoran-sandalyeleri&quot; target=&quot;_blank&quot;&gt;A\u00e7\u0131k Ah\u015fap Renkli Yatay \u00c7\u0131tal\u0131 Restoran Sandalyesi&lt;\/a&gt;&lt;\/h2&gt;&lt;p&gt;A\u00e7\u0131k Ah\u015fap Renkli Yatay \u00c7\u0131tal\u0131 Restoran Sandalyesi: Kafe, Restoran ve Oteller \u0130\u00e7in Vazge\u00e7ilmez Tercih&lt;\/p&gt; &lt;!&#8211; \/wp:paragraph &#8211;&gt; &lt;!&#8211; wp:paragraph &#8211;&gt; &lt;p&gt;D\u00fc\u015f\u00fcnd\u00fc\u011f\u00fcm\u00fczde, bir mekana ilk girdi\u011fimizde en \u00e7ok neyi fark ederiz? \u0130\u00e7 dekorasyon, ayd\u0131nlatma, hizmet kalitesi, hatta m\u00fczik se\u00e7imi&#8230; Ancak bir mekan\u0131n kalitesini, rahatl\u0131\u011f\u0131n\u0131 ve [&hellip;]<\/p>\n","protected":false},"featured_media":3100,"comment_status":"closed","ping_status":"open","template":"","meta":{"_joinchat":[]},"product_cat":[169,79,151,168],"product_tag":[],"class_list":{"0":"post-8986","1":"product","2":"type-product","3":"status-publish","4":"has-post-thumbnail","6":"product_cat-ahsap-rustik-sandalye","7":"product_cat-ahsap-sandalye","8":"product_cat-restoran-sandalyeleri","9":"product_cat-yemek-sandalyesi","11":"first","12":"instock","13":"product-type-simple"},"_links":{"self":[{"href":"https:\/\/palmiyesusleme.com\/index.php\/wp-json\/wp\/v2\/product\/8986","targetHints":{"allow":["GET"]}}],"collection":[{"href":"https:\/\/palmiyesusleme.com\/index.php\/wp-json\/wp\/v2\/product"}],"about":[{"href":"https:\/\/palmiyesusleme.com\/index.php\/wp-json\/wp\/v2\/types\/product"}],"replies":[{"embeddable":true,"href":"https:\/\/palmiyesusleme.com\/index.php\/wp-json\/wp\/v2\/comments?post=8986"}],"wp:featuredmedia":[{"embeddable":true,"href":"https:\/\/palmiyesusleme.com\/index.php\/wp-json\/wp\/v2\/media\/3100"}],"wp:attachment":[{"href":"https:\/\/palmiyesusleme.com\/index.php\/wp-json\/wp\/v2\/media?parent=8986"}],"wp:term":[{"taxonomy":"product_cat","embeddable":true,"href":"https:\/\/palmiyesusleme.com\/index.php\/wp-json\/wp\/v2\/product_cat?post=8986"},{"taxonomy":"product_tag","embeddable":true,"href":"https:\/\/palmiyesusleme.com\/index.php\/wp-json\/wp\/v2\/product_tag?post=8986"}],"curies":[{"name":"wp","href":"https:\/\/api.w.org\/{rel}","templated":true}]}}