{"id":9021,"date":"2024-03-07T16:28:07","date_gmt":"2024-03-07T13:28:07","guid":{"rendered":"https:\/\/palmiyesusleme.com\/index.php\/urun\/masif-kayin-ahsap-modern-sandalye\/"},"modified":"2024-03-07T16:28:17","modified_gmt":"2024-03-07T13:28:17","slug":"masif-kayin-ahsap-modern-sandalye","status":"publish","type":"product","link":"https:\/\/palmiyesusleme.com\/index.php\/urun\/masif-kayin-ahsap-modern-sandalye\/","title":{"rendered":"Masif Kay\u0131n Ah\u015fap Modern Sandalye"},"content":{"rendered":"<p>&lt;h2 style=&quot;text-align: center; &quot;&gt;&lt;i&gt;&lt;b&gt;Masif Kay\u0131n Ah\u015fap Modern Sandalye&lt;\/b&gt;&lt;\/i&gt;&lt;\/h2&gt;&lt;p style=&quot;text-align: center; &quot;&gt;&lt;br&gt;&lt;\/p&gt;&lt;p style=&quot;text-align: center; &quot;&gt;&lt;img src=&quot;https:\/\/www.palmiyekocak.com\/image\/catalog\/update\/masif-kayin-ahsap-modern-sandalye-rsa2023-1.jpg&quot; style=&quot;width: 227.224px; height: 279.145px;&quot;&gt;&lt;\/p&gt;&lt;p style=&quot;text-align: center; &quot;&gt;&lt;br&gt;&lt;\/p&gt;&lt;h4 style=&quot;text-align: center;&quot;&gt;&lt;b&gt;\u00dcr\u00fcn \u00d6zellikleri:&lt;\/b&gt;&lt;\/h4&gt;&lt;p style=&quot;text-align: center;&quot;&gt;&lt;b&gt;&lt;br&gt;Z\u0131vana Ge\u00e7me sistemi ile imal edilmektedir.&lt;\/b&gt;&lt;\/p&gt;&lt;p style=&quot;text-align: center;&quot;&gt;&lt;b&gt;Suni veya Ger\u00e7ek, Deri veya Kuma\u015f olarak d\u00f6\u015femesi imal edilmektedir.&lt;\/b&gt;&lt;\/p&gt;&lt;p style=&quot;text-align: center;&quot;&gt;&lt;b&gt;\u0130skelet ve D\u00f6\u015feme istenilen renkte imal edilebilmektedir.&lt;\/b&gt;&lt;\/p&gt;&lt;p style=&quot;text-align: center;&quot;&gt;&lt;b&gt;Sandalyede kullan\u0131lan a\u011fa\u00e7 t\u00fcr\u00fc do\u011fal masiftir.&lt;\/b&gt;&lt;\/p&gt;&lt;p style=&quot;text-align: center;&quot;&gt;&lt;b&gt;Perakende sat\u0131\u015f\u0131 yoktur, Toptan \u0130malat sat\u0131\u015f\u0131 yap\u0131lmaktad\u0131r.&lt;\/b&gt;&lt;\/p&gt;&lt;p style=&quot;text-align: center;&quot;&gt;&lt;b&gt;Palmiye Ko\u00e7ak Mobilya \u00fcr\u00fcn\u00fcd\u00fcr.&lt;\/b&gt;&lt;\/p&gt;&lt;p style=&quot;text-align: center;&quot;&gt;&lt;b&gt;&lt;br&gt;&lt;\/b&gt;&lt;\/p&gt;&lt;b&gt;&lt;h4 style=&quot;text-align: center;&quot;&gt;&lt;b&gt;&lt;a href=&quot;https:\/\/www.palmiyekocak.com\/iletisim&quot; target=&quot;_blank&quot;&gt;ileti\u015fim bilgilerimiz i\u00e7in t\u0131klay\u0131n\u0131z.&lt;\/a&gt;&lt;\/b&gt;&lt;\/h4&gt;&lt;\/b&gt;&lt;p&gt;&lt;\/p&gt;&lt;p style=&quot;text-align: center;&quot;&gt;&lt;font color=&quot;#ff0000&quot;&gt;&lt;i&gt;\u00dcr\u00fcn hakk\u0131nda bilgi ve fiyat almak i\u00e7in \u00fcr\u00fcn kodunu ve adetini bize E-posta, Whatsapp veya Telefon yoluyla iletiniz. Sat\u0131\u015f ekibimiz en k\u0131sa s\u00fcrede size d\u00f6necektir.&lt;\/i&gt;&lt;\/font&gt;&lt;br&gt;&lt;\/p&gt;&lt;p&gt;&lt;br&gt;&lt;\/p&gt;<\/p>\n","protected":false},"excerpt":{"rendered":"<p>&lt;h2 style=&quot;text-align: center; &quot;&gt;&lt;i&gt;&lt;b&gt;Masif Kay\u0131n Ah\u015fap Modern Sandalye&lt;\/b&gt;&lt;\/i&gt;&lt;\/h2&gt;&lt;p style=&quot;text-align: center; &quot;&gt;&lt;br&gt;&lt;\/p&gt;&lt;p style=&quot;text-align: center; &quot;&gt;&lt;img src=&quot;https:\/\/www.palmiyekocak.com\/image\/catalog\/update\/masif-kayin-ahsap-modern-sandalye-rsa2023-1.jpg&quot; style=&quot;width: 227.224px; height: 279.145px;&quot;&gt;&lt;\/p&gt;&lt;p style=&quot;text-align: center; &quot;&gt;&lt;br&gt;&lt;\/p&gt;&lt;h4 style=&quot;text-align: center;&quot;&gt;&lt;b&gt;\u00dcr\u00fcn \u00d6zellikleri:&lt;\/b&gt;&lt;\/h4&gt;&lt;p style=&quot;text-align: center;&quot;&gt;&lt;b&gt;&lt;br&gt;Z\u0131vana Ge\u00e7me sistemi ile imal edilmektedir.&lt;\/b&gt;&lt;\/p&gt;&lt;p style=&quot;text-align: center;&quot;&gt;&lt;b&gt;Suni veya Ger\u00e7ek, Deri veya Kuma\u015f olarak d\u00f6\u015femesi imal edilmektedir.&lt;\/b&gt;&lt;\/p&gt;&lt;p style=&quot;text-align: center;&quot;&gt;&lt;b&gt;\u0130skelet ve D\u00f6\u015feme istenilen renkte imal edilebilmektedir.&lt;\/b&gt;&lt;\/p&gt;&lt;p style=&quot;text-align: center;&quot;&gt;&lt;b&gt;Sandalyede kullan\u0131lan a\u011fa\u00e7 [&hellip;]<\/p>\n","protected":false},"featured_media":9022,"comment_status":"closed","ping_status":"open","template":"","meta":{"_joinchat":[]},"product_cat":[182,79],"product_tag":[],"class_list":{"0":"post-9021","1":"product","2":"type-product","3":"status-publish","4":"has-post-thumbnail","6":"product_cat-ahsap-modern-sandalye","7":"product_cat-ahsap-sandalye","9":"first","10":"instock","11":"product-type-simple"},"_links":{"self":[{"href":"https:\/\/palmiyesusleme.com\/index.php\/wp-json\/wp\/v2\/product\/9021","targetHints":{"allow":["GET"]}}],"collection":[{"href":"https:\/\/palmiyesusleme.com\/index.php\/wp-json\/wp\/v2\/product"}],"about":[{"href":"https:\/\/palmiyesusleme.com\/index.php\/wp-json\/wp\/v2\/types\/product"}],"replies":[{"embeddable":true,"href":"https:\/\/palmiyesusleme.com\/index.php\/wp-json\/wp\/v2\/comments?post=9021"}],"wp:featuredmedia":[{"embeddable":true,"href":"https:\/\/palmiyesusleme.com\/index.php\/wp-json\/wp\/v2\/media\/9022"}],"wp:attachment":[{"href":"https:\/\/palmiyesusleme.com\/index.php\/wp-json\/wp\/v2\/media?parent=9021"}],"wp:term":[{"taxonomy":"product_cat","embeddable":true,"href":"https:\/\/palmiyesusleme.com\/index.php\/wp-json\/wp\/v2\/product_cat?post=9021"},{"taxonomy":"product_tag","embeddable":true,"href":"https:\/\/palmiyesusleme.com\/index.php\/wp-json\/wp\/v2\/product_tag?post=9021"}],"curies":[{"name":"wp","href":"https:\/\/api.w.org\/{rel}","templated":true}]}}