{"id":9097,"date":"2024-03-07T16:28:46","date_gmt":"2024-03-07T13:28:46","guid":{"rendered":"https:\/\/palmiyesusleme.com\/index.php\/urun\/acik-ahsap-boya-renkli-yatay-citali-yemek-sandalyesi\/"},"modified":"2024-03-07T16:28:53","modified_gmt":"2024-03-07T13:28:53","slug":"acik-ahsap-boya-renkli-yatay-citali-yemek-sandalyesi","status":"publish","type":"product","link":"https:\/\/palmiyesusleme.com\/index.php\/urun\/acik-ahsap-boya-renkli-yatay-citali-yemek-sandalyesi\/","title":{"rendered":"A\u00e7\u0131k Ah\u015fap Boya Renkli Yatay \u00c7\u0131tal\u0131 Yemek Sandalyesi"},"content":{"rendered":"<p>&lt;!&#8211; wp:paragraph &#8211;&gt;<br \/>\n&lt;h2&gt;&lt;a href=&quot;https:\/\/www.palmiyekocak.com\/acik-ahsap-boya-renkli-yatay-citali-yemek-sandalyesi-rsa58&quot; target=&quot;_blank&quot;&gt;A\u00e7\u0131k Ah\u015fap Boya Renkli Yatay \u00c7\u0131tal\u0131 Yemek Sandalyesi&lt;\/a&gt;&lt;\/h2&gt;&lt;p&gt;A\u00e7\u0131k Ah\u015fap Boya Renkli Yatay \u00c7\u0131tal\u0131 Yemek Sandalyesi: Kafe, Restoran ve Oteller \u0130\u00e7in \u0130deal Se\u00e7im&lt;\/p&gt;<br \/>\n&lt;!&#8211; \/wp:paragraph &#8211;&gt;<\/p>\n<p>&lt;!&#8211; wp:paragraph &#8211;&gt;<br \/>\n&lt;p&gt;A\u00e7\u0131k ah\u015fap boyan\u0131n yumu\u015fakl\u0131\u011f\u0131, yatay \u00e7\u0131talar\u0131n d\u00fczenli ritmi ve klasik formun s\u0131cak cazibesi. Kafe, restoran ve otellerde m\u00fc\u015fterilere ho\u015f bir deneyim sunmak ad\u0131na harika bir bile\u015fim olu\u015fturur. \u0130\u015fte bu \u00f6zelliklerin hepsini bir arada bar\u0131nd\u0131ran A\u00e7\u0131k, Yemek Sandalyesi ve yemek sandalyesi masas\u0131 modelleri. Mekanlar\u0131na estetik ve konfor arayan i\u015fletme sahipleri i\u00e7in ideal bir se\u00e7imdir.&lt;\/p&gt;<br \/>\n&lt;!&#8211; \/wp:paragraph &#8211;&gt;<\/p>\n<p>&lt;!&#8211; wp:heading {&quot;level&quot;:3} &#8211;&gt;<br \/>\n&lt;h3 class=&quot;wp-block-heading&quot;&gt;&lt;a href=&quot;https:\/\/www.sandalye-modelleri.com\/kategori\/klasik-ahsap-sandalye\/&quot; target=&quot;_blank&quot;&gt;A\u00e7\u0131k Ah\u015fap Boya Renkli Yatay \u00c7\u0131tal\u0131 Yemek Sandalyesi \u00d6zellikleri;&lt;\/a&gt;&lt;\/h3&gt;<br \/>\n&lt;!&#8211; \/wp:heading &#8211;&gt;<\/p>\n<p>&lt;!&#8211; wp:paragraph &#8211;&gt;<br \/>\n&lt;p&gt;Bu \u00f6zel tasar\u0131ml\u0131 sandalye, a\u00e7\u0131k ah\u015fap boyas\u0131yla do\u011fal bir g\u00f6r\u00fcn\u00fcm sunarken. Yatay \u00e7\u0131talarla da modern bir his uyand\u0131r\u0131r. Ah\u015fap, do\u011fas\u0131 gere\u011fi s\u0131cak bir malzeme oldu\u011fundan, sandalye \u00fczerindeki a\u00e7\u0131k tonlu boyas\u0131 sayesinde. \u0130\u00e7 mekanlara ferahl\u0131k ve hafiflik katar. Bu sandalye, \u00f6zellikle deniz kenar\u0131ndaki restoranlar, rustik tarz\u0131 olan kafeler. Ayr\u0131ca do\u011fayla i\u00e7 i\u00e7e oteller i\u00e7in m\u00fckemmel bir se\u00e7imdir.&lt;\/p&gt;<br \/>\n&lt;!&#8211; \/wp:paragraph &#8211;&gt;<\/p>\n<p>&lt;!&#8211; wp:paragraph &#8211;&gt;<br \/>\n&lt;p&gt;Yatay \u00e7\u0131talar\u0131n d\u00fczenli ritmi, sadelik ve estetik bir g\u00f6r\u00fcn\u00fcm yarat\u0131r. Bunun yan\u0131 s\u0131ra, bu \u00e7\u0131talar, sandalyenin ergonomisine katk\u0131da bulunarak, m\u00fc\u015fterilerin konforunu art\u0131r\u0131r. Sandalyenin s\u0131rtl\u0131\u011f\u0131ndaki \u00e7\u0131talar, uzun s\u00fcre oturmay\u0131 daha rahat hale getirirken, ayn\u0131 zamanda modern bir g\u00f6r\u00fcn\u00fcm sa\u011flar.&lt;\/p&gt;<br \/>\n&lt;!&#8211; \/wp:paragraph &#8211;&gt;<\/p>\n<p>&lt;!&#8211; wp:paragraph &#8211;&gt;<br \/>\n&lt;p&gt;A\u00e7\u0131k,  Yemek Sandalyesi, \u00e7ok y\u00f6nl\u00fc bir se\u00e7enek olup, \u00e7e\u015fitli mekanlarda kullan\u0131labilmektedir. Minimalist bir kafede modern bir dokunu\u015f olarak, deniz kenar\u0131nda bir restoranda rahat bir atmosfer olu\u015fturarak veya bir otelin lobisinde do\u011fal bir dokunu\u015f olarak bu sandalye, her yerde kendine yer bulmakta.&lt;\/p&gt;<br \/>\n&lt;!&#8211; \/wp:paragraph &#8211;&gt;<\/p>\n<p>&lt;!&#8211; wp:paragraph &#8211;&gt;<br \/>\n&lt;p&gt;\u0130\u015fletme sahipleri, hem konforu hem de esteti\u011fi garanti alt\u0131na almak ad\u0131na bu sandalyeyi tercih edebilirler. A\u00e7\u0131k ah\u015fap boyan\u0131n getirdi\u011fi do\u011fall\u0131k ve yatay \u00e7\u0131talar\u0131n olu\u015fturdu\u011fu modern his sayesinde. Her t\u00fcrl\u00fc mekana m\u00fckemmel bir \u015fekilde uyum sa\u011flar. \u00d6yle ki, A\u00e7\u0131k Yemek Sandalyesi, herhangi bir i\u015fletmeye hemen hemen an\u0131nda bir y\u00fckseltme sa\u011flamakta.&lt;\/p&gt;<br \/>\n&lt;!&#8211; \/wp:paragraph &#8211;&gt;<\/p>\n<p>&lt;!&#8211; wp:heading {&quot;level&quot;:3} &#8211;&gt;<br \/>\n&lt;h3 class=&quot;wp-block-heading&quot;&gt;Sonu\u00e7 Olarak;&lt;\/h3&gt;<br \/>\n&lt;!&#8211; \/wp:heading &#8211;&gt;<\/p>\n<p>&lt;!&#8211; wp:paragraph &#8211;&gt;<br \/>\n&lt;p&gt;Sonu\u00e7 olarak, bu sandalye, hem i\u015fletme sahipleri i\u00e7in pratik ve dayan\u0131kl\u0131 bir se\u00e7enek, hem de m\u00fc\u015fteriler i\u00e7in konforlu ve estetik bir deneyim sunar. Bu nedenle, Yemek sandalyesi ve sandalyeleri. Kafe, restoran ve otellerin tercih etti\u011fi bir mobilya olmaya devam&amp;nbsp;etmektedir.&lt;\/p&gt;<br \/>\n&lt;!&#8211; \/wp:paragraph &#8211;&gt;<\/p>\n","protected":false},"excerpt":{"rendered":"<p>&lt;!&#8211; wp:paragraph &#8211;&gt; &lt;h2&gt;&lt;a href=&quot;https:\/\/www.palmiyekocak.com\/acik-ahsap-boya-renkli-yatay-citali-yemek-sandalyesi-rsa58&quot; target=&quot;_blank&quot;&gt;A\u00e7\u0131k Ah\u015fap Boya Renkli Yatay \u00c7\u0131tal\u0131 Yemek Sandalyesi&lt;\/a&gt;&lt;\/h2&gt;&lt;p&gt;A\u00e7\u0131k Ah\u015fap Boya Renkli Yatay \u00c7\u0131tal\u0131 Yemek Sandalyesi: Kafe, Restoran ve Oteller \u0130\u00e7in \u0130deal Se\u00e7im&lt;\/p&gt; &lt;!&#8211; \/wp:paragraph &#8211;&gt; &lt;!&#8211; wp:paragraph &#8211;&gt; &lt;p&gt;A\u00e7\u0131k ah\u015fap boyan\u0131n yumu\u015fakl\u0131\u011f\u0131, yatay \u00e7\u0131talar\u0131n d\u00fczenli ritmi ve klasik formun s\u0131cak cazibesi. Kafe, restoran ve otellerde m\u00fc\u015fterilere ho\u015f bir deneyim sunmak [&hellip;]<\/p>\n","protected":false},"featured_media":9098,"comment_status":"closed","ping_status":"open","template":"","meta":{"_joinchat":[]},"product_cat":[169,79,168],"product_tag":[],"class_list":{"0":"post-9097","1":"product","2":"type-product","3":"status-publish","4":"has-post-thumbnail","6":"product_cat-ahsap-rustik-sandalye","7":"product_cat-ahsap-sandalye","8":"product_cat-yemek-sandalyesi","10":"first","11":"instock","12":"product-type-simple"},"_links":{"self":[{"href":"https:\/\/palmiyesusleme.com\/index.php\/wp-json\/wp\/v2\/product\/9097","targetHints":{"allow":["GET"]}}],"collection":[{"href":"https:\/\/palmiyesusleme.com\/index.php\/wp-json\/wp\/v2\/product"}],"about":[{"href":"https:\/\/palmiyesusleme.com\/index.php\/wp-json\/wp\/v2\/types\/product"}],"replies":[{"embeddable":true,"href":"https:\/\/palmiyesusleme.com\/index.php\/wp-json\/wp\/v2\/comments?post=9097"}],"wp:featuredmedia":[{"embeddable":true,"href":"https:\/\/palmiyesusleme.com\/index.php\/wp-json\/wp\/v2\/media\/9098"}],"wp:attachment":[{"href":"https:\/\/palmiyesusleme.com\/index.php\/wp-json\/wp\/v2\/media?parent=9097"}],"wp:term":[{"taxonomy":"product_cat","embeddable":true,"href":"https:\/\/palmiyesusleme.com\/index.php\/wp-json\/wp\/v2\/product_cat?post=9097"},{"taxonomy":"product_tag","embeddable":true,"href":"https:\/\/palmiyesusleme.com\/index.php\/wp-json\/wp\/v2\/product_tag?post=9097"}],"curies":[{"name":"wp","href":"https:\/\/api.w.org\/{rel}","templated":true}]}}