{"id":9172,"date":"2024-03-07T16:29:23","date_gmt":"2024-03-07T13:29:23","guid":{"rendered":"https:\/\/palmiyesusleme.com\/index.php\/urun\/maun-boyali-cizgili-kumasli-kollu-sandalye\/"},"modified":"2024-03-07T16:29:30","modified_gmt":"2024-03-07T13:29:30","slug":"maun-boyali-cizgili-kumasli-kollu-sandalye","status":"publish","type":"product","link":"https:\/\/palmiyesusleme.com\/index.php\/urun\/maun-boyali-cizgili-kumasli-kollu-sandalye\/","title":{"rendered":"Maun Boyal\u0131 \u00c7izgili Kuma\u015fl\u0131 Kollu Sandalye"},"content":{"rendered":"<p>Maun Boyal\u0131 &Ccedil;izgili Kuma\u015fl\u0131 Kollu Sandalye&Ouml;n ayaklarda m&uuml;thi\u015f bir i\u015f&ccedil;ilik, hafif meyilli arka ayaklar, geni\u015f bir oturma alan\u0131, koldan kola U formu, ideal s\u0131rt y&uuml;ksekli\u011fi&#8230;Hepsi sizin\/salonunuz i&ccedil;in biraraya getitildi.aPalmiye Ko&ccedil;ak Mobilya iftiharla takdim eder&#8230;&lt;hr&gt;&lt;p&gt;&lt;img src=&quot;\/image\/urun-olculeri\/ahsap-modern-kollu-sandalye-olculeri.png&quot;&gt;&lt;\/p&gt;&lt;table class=&quot;table table-bordered&quot;&gt;&lt;tbody&gt;&lt;tr&gt;&lt;td&gt;Geni\u015flik&lt;\/td&gt;&lt;td&gt;58 cm&lt;\/td&gt;&lt;\/tr&gt;&lt;tr&gt;&lt;td&gt;Oturum Y&uuml;ksekli\u011fi&lt;\/td&gt;&lt;td&gt;46 cm&lt;\/td&gt;&lt;\/tr&gt;&lt;tr&gt;&lt;td&gt;Derinlik&lt;\/td&gt;&lt;td&gt;48 cm&lt;\/td&gt;&lt;\/tr&gt;&lt;tr&gt;&lt;td&gt;Y&uuml;kseklik&lt;\/td&gt;&lt;td&gt;86 cm&lt;\/td&gt;&lt;\/tr&gt;&lt;tr&gt;&lt;td&gt;Kol Y&uuml;ksekli\u011fi&lt;\/td&gt;&lt;td&gt;67 cm&lt;\/td&gt;&lt;\/tr&gt;&lt;\/tbody&gt;&lt;\/table&gt;&lt;p&gt;\u0130ste\u011fe &ouml;zel olarak malzeme cinsinde (ah\u015fap,boya,kuma\u015f,deri) ve &uuml;r&uuml;n &ouml;l&ccedil;&uuml;lerinde de\u011fi\u015fiklik yap\u0131labilir.&lt;\/p&gt;&lt;table class=&quot;table table-bordered&quot;&gt;<br \/>\n&lt;tbody&gt;<br \/>\n&lt;tr&gt;<br \/>\n&lt;td colspan=&quot;4&quot; class=&quot;text-center&quot; style=&quot;vertical-align:middle&quot;&gt;&lt;img src=&quot;\/image\/urun-olculeri\/ahsap-klasik-kollu-sandalye-olculer.png&quot; alt=&quot;&Ouml;l&ccedil;&uuml;&quot;&gt;&lt;\/td&gt;<br \/>\n&lt;\/tr&gt;<br \/>\n&lt;tr&gt;<br \/>\n&lt;td class=&quot;text-center&quot; style=&quot;vertical-align:middle&quot;&gt;&lt;span class=&quot;text-center&quot; style=&quot;vertical-align:middle&quot;&gt;&lt;strong&gt;Geni\u015flik&lt;\/strong&gt;&lt;\/span&gt;&lt;\/td&gt;<br \/>\n&lt;td class=&quot;text-center&quot; style=&quot;vertical-align:middle&quot;&gt;&lt;span class=&quot;text-center&quot; style=&quot;vertical-align:middle&quot;&gt;&lt;strong&gt;Oturum Y&uuml;ksekli\u011fi&lt;\/strong&gt;&lt;\/span&gt;&lt;\/td&gt;<br \/>\n&lt;td class=&quot;text-center&quot; style=&quot;vertical-align:middle&quot;&gt;&lt;span class=&quot;text-center&quot; style=&quot;vertical-align:middle&quot;&gt;&lt;strong&gt;Derinlik&lt;\/strong&gt;&lt;\/span&gt;&lt;\/td&gt;<br \/>\n&lt;td class=&quot;text-center&quot; style=&quot;vertical-align:middle&quot;&gt;&lt;span class=&quot;text-center&quot; style=&quot;vertical-align:middle&quot;&gt;&lt;strong&gt;Y&uuml;kseklik&lt;\/strong&gt;&lt;\/span&gt;&lt;\/td&gt;<br \/>\n&lt;\/tr&gt;<br \/>\n&lt;tr&gt;<br \/>\n&lt;td class=&quot;text-center&quot; style=&quot;vertical-align:middle&quot;&gt;&nbsp;&lt;\/td&gt;<br \/>\n&lt;td class=&quot;text-center&quot; style=&quot;vertical-align:middle&quot;&gt;&nbsp;&lt;\/td&gt;<br \/>\n&lt;td class=&quot;text-center&quot; style=&quot;vertical-align:middle&quot;&gt;&nbsp;&lt;\/td&gt;<br \/>\n&lt;td class=&quot;text-center&quot; style=&quot;vertical-align:middle&quot;&gt;&nbsp;&lt;\/td&gt;<br \/>\n&lt;\/tr&gt;<br \/>\n&lt;tr&gt;<br \/>\n&lt;td class=&quot;text-center&quot; style=&quot;vertical-align:middle&quot; colspan=&quot;4&quot;&gt;\u0130ste\u011fe &ouml;zel olarak malzeme cinsinde (ah\u015fap,boya,kuma\u015f,deri) ve &uuml;r&uuml;n &ouml;l&ccedil;&uuml;lerinde de\u011fi\u015fiklik yap\u0131labilir.&lt;\/td&gt;<br \/>\n&lt;\/tr&gt;<br \/>\n&lt;\/tbody&gt;<br \/>\n&lt;\/table&gt;<br \/>\n&lt;hr&gt;<\/p>\n","protected":false},"excerpt":{"rendered":"<p>Maun Boyal\u0131 &Ccedil;izgili Kuma\u015fl\u0131 Kollu Sandalye&Ouml;n ayaklarda m&uuml;thi\u015f bir i\u015f&ccedil;ilik, hafif meyilli arka ayaklar, geni\u015f bir oturma alan\u0131, koldan kola U formu, ideal s\u0131rt y&uuml;ksekli\u011fi&#8230;Hepsi sizin\/salonunuz i&ccedil;in biraraya getitildi.aPalmiye Ko&ccedil;ak Mobilya iftiharla takdim eder&#8230;&lt;hr&gt;&lt;p&gt;&lt;img src=&quot;\/image\/urun-olculeri\/ahsap-modern-kollu-sandalye-olculeri.png&quot;&gt;&lt;\/p&gt;&lt;table class=&quot;table table-bordered&quot;&gt;&lt;tbody&gt;&lt;tr&gt;&lt;td&gt;Geni\u015flik&lt;\/td&gt;&lt;td&gt;58 cm&lt;\/td&gt;&lt;\/tr&gt;&lt;tr&gt;&lt;td&gt;Oturum Y&uuml;ksekli\u011fi&lt;\/td&gt;&lt;td&gt;46 cm&lt;\/td&gt;&lt;\/tr&gt;&lt;tr&gt;&lt;td&gt;Derinlik&lt;\/td&gt;&lt;td&gt;48 cm&lt;\/td&gt;&lt;\/tr&gt;&lt;tr&gt;&lt;td&gt;Y&uuml;kseklik&lt;\/td&gt;&lt;td&gt;86 cm&lt;\/td&gt;&lt;\/tr&gt;&lt;tr&gt;&lt;td&gt;Kol Y&uuml;ksekli\u011fi&lt;\/td&gt;&lt;td&gt;67 cm&lt;\/td&gt;&lt;\/tr&gt;&lt;\/tbody&gt;&lt;\/table&gt;&lt;p&gt;\u0130ste\u011fe &ouml;zel olarak malzeme cinsinde (ah\u015fap,boya,kuma\u015f,deri) ve &uuml;r&uuml;n &ouml;l&ccedil;&uuml;lerinde de\u011fi\u015fiklik yap\u0131labilir.&lt;\/p&gt;&lt;table class=&quot;table [&hellip;]<\/p>\n","protected":false},"featured_media":9173,"comment_status":"closed","ping_status":"open","template":"","meta":{"_joinchat":[]},"product_cat":[175],"product_tag":[],"class_list":{"0":"post-9172","1":"product","2":"type-product","3":"status-publish","4":"has-post-thumbnail","6":"product_cat-ahsap-rustik-kollu-sandalye","8":"first","9":"instock","10":"product-type-simple"},"_links":{"self":[{"href":"https:\/\/palmiyesusleme.com\/index.php\/wp-json\/wp\/v2\/product\/9172","targetHints":{"allow":["GET"]}}],"collection":[{"href":"https:\/\/palmiyesusleme.com\/index.php\/wp-json\/wp\/v2\/product"}],"about":[{"href":"https:\/\/palmiyesusleme.com\/index.php\/wp-json\/wp\/v2\/types\/product"}],"replies":[{"embeddable":true,"href":"https:\/\/palmiyesusleme.com\/index.php\/wp-json\/wp\/v2\/comments?post=9172"}],"wp:featuredmedia":[{"embeddable":true,"href":"https:\/\/palmiyesusleme.com\/index.php\/wp-json\/wp\/v2\/media\/9173"}],"wp:attachment":[{"href":"https:\/\/palmiyesusleme.com\/index.php\/wp-json\/wp\/v2\/media?parent=9172"}],"wp:term":[{"taxonomy":"product_cat","embeddable":true,"href":"https:\/\/palmiyesusleme.com\/index.php\/wp-json\/wp\/v2\/product_cat?post=9172"},{"taxonomy":"product_tag","embeddable":true,"href":"https:\/\/palmiyesusleme.com\/index.php\/wp-json\/wp\/v2\/product_tag?post=9172"}],"curies":[{"name":"wp","href":"https:\/\/api.w.org\/{rel}","templated":true}]}}