{"id":9236,"date":"2024-03-07T16:29:43","date_gmt":"2024-03-07T13:29:43","guid":{"rendered":"https:\/\/palmiyesusleme.com\/index.php\/urun\/cizgili-kumasli-kollu-ahsap-sandalye\/"},"modified":"2024-03-07T16:30:00","modified_gmt":"2024-03-07T13:30:00","slug":"cizgili-kumasli-kollu-ahsap-sandalye","status":"publish","type":"product","link":"https:\/\/palmiyesusleme.com\/index.php\/urun\/cizgili-kumasli-kollu-ahsap-sandalye\/","title":{"rendered":"\u00c7izgili Kuma\u015fl\u0131 Kollu Ah\u015fap Sandalye"},"content":{"rendered":"<p>\u00c7izgili Kuma\u015fl\u0131 Kollu Ah\u015fap Sandalye &#8211; rsak40 &#8211; Ah\u015fap Rustik Kollu Sandalye<\/p>\n","protected":false},"excerpt":{"rendered":"<p>\u00c7izgili Kuma\u015fl\u0131 Kollu Ah\u015fap Sandalye &#8211; rsak40 &#8211; Ah\u015fap Rustik Kollu Sandalye<\/p>\n","protected":false},"featured_media":9237,"comment_status":"closed","ping_status":"open","template":"","meta":{"_joinchat":[]},"product_cat":[175],"product_tag":[],"class_list":{"0":"post-9236","1":"product","2":"type-product","3":"status-publish","4":"has-post-thumbnail","6":"product_cat-ahsap-rustik-kollu-sandalye","8":"first","9":"instock","10":"product-type-simple"},"_links":{"self":[{"href":"https:\/\/palmiyesusleme.com\/index.php\/wp-json\/wp\/v2\/product\/9236","targetHints":{"allow":["GET"]}}],"collection":[{"href":"https:\/\/palmiyesusleme.com\/index.php\/wp-json\/wp\/v2\/product"}],"about":[{"href":"https:\/\/palmiyesusleme.com\/index.php\/wp-json\/wp\/v2\/types\/product"}],"replies":[{"embeddable":true,"href":"https:\/\/palmiyesusleme.com\/index.php\/wp-json\/wp\/v2\/comments?post=9236"}],"wp:featuredmedia":[{"embeddable":true,"href":"https:\/\/palmiyesusleme.com\/index.php\/wp-json\/wp\/v2\/media\/9237"}],"wp:attachment":[{"href":"https:\/\/palmiyesusleme.com\/index.php\/wp-json\/wp\/v2\/media?parent=9236"}],"wp:term":[{"taxonomy":"product_cat","embeddable":true,"href":"https:\/\/palmiyesusleme.com\/index.php\/wp-json\/wp\/v2\/product_cat?post=9236"},{"taxonomy":"product_tag","embeddable":true,"href":"https:\/\/palmiyesusleme.com\/index.php\/wp-json\/wp\/v2\/product_tag?post=9236"}],"curies":[{"name":"wp","href":"https:\/\/api.w.org\/{rel}","templated":true}]}}