{"id":9240,"date":"2024-03-07T16:30:02","date_gmt":"2024-03-07T13:30:02","guid":{"rendered":"https:\/\/palmiyesusleme.com\/index.php\/urun\/cicek-desenli-kumas-dosemeli-salon-sandalyesi\/"},"modified":"2024-03-07T16:30:03","modified_gmt":"2024-03-07T13:30:03","slug":"cicek-desenli-kumas-dosemeli-salon-sandalyesi","status":"publish","type":"product","link":"https:\/\/palmiyesusleme.com\/index.php\/urun\/cicek-desenli-kumas-dosemeli-salon-sandalyesi\/","title":{"rendered":"\u00c7i\u00e7ek Desenli Kuma\u015f D\u00f6\u015femeli Salon Sandalyesi"},"content":{"rendered":"<p>&Ccedil;i&ccedil;ek Desenli Kuma\u015f D&ouml;\u015femeli Salon SandalyesiPalmiye Ko&ccedil;ak Mobilyadan bir tasar\u0131m harikas\u0131 daha&#8230;A&ccedil;\u0131n evinizin kap\u0131s\u0131n\u0131, bahar\u0131 getirdik&#8230;Koldan aya\u011fa inen, &ccedil;ok az kavisli, \u015f\u0131k I &ccedil;\u0131talar, koldan kola, s\u0131rta do\u011fru y&uuml;kselerek U d&ouml;nen formu ve konforlu oturumu ile eviniz ve &ouml;zellikle salonunuz i&ccedil;in bi&ccedil;ilmi\u015f kaftan&#8230;&lt;hr&gt;&lt;p&gt;&lt;img src=&quot;\/image\/urun-olculeri\/ahsap-modern-kollu-sandalye-olculeri.png&quot;&gt;&lt;\/p&gt;&lt;table class=&quot;table table-bordered&quot;&gt;&lt;tbody&gt;&lt;tr&gt;&lt;td&gt;Geni\u015flik&lt;\/td&gt;&lt;td&gt;62 cm&lt;\/td&gt;&lt;\/tr&gt;&lt;tr&gt;&lt;td&gt;Oturum Y&uuml;ksekli\u011fi&lt;\/td&gt;&lt;td&gt;45 cm&lt;\/td&gt;&lt;\/tr&gt;&lt;tr&gt;&lt;td&gt;Derinlik&lt;\/td&gt;&lt;td&gt;58 cm&lt;\/td&gt;&lt;\/tr&gt;&lt;tr&gt;&lt;td&gt;Y&uuml;kseklik&lt;\/td&gt;&lt;td&gt;85 cm&lt;\/td&gt;&lt;\/tr&gt;&lt;tr&gt;&lt;td&gt;Kol Y&uuml;ksekli\u011fi&lt;\/td&gt;&lt;td&gt;66 cm&lt;\/td&gt;&lt;\/tr&gt;&lt;\/tbody&gt;&lt;\/table&gt;&lt;p&gt;&lt;b&gt;&lt;br&gt;&lt;\/b&gt;&lt;\/p&gt;&lt;p&gt;\u0130ste\u011fe &ouml;zel olarak malzeme cinsinde (ah\u015fap,boya,kuma\u015f,deri) ve &uuml;r&uuml;n &ouml;l&ccedil;&uuml;lerinde de\u011fi\u015fiklik yap\u0131labilir.&lt;\/p&gt;&lt;table class=&quot;table table-bordered&quot;&gt;<br \/>\n&lt;tbody&gt;<br \/>\n&lt;tr&gt;<br \/>\n&lt;td colspan=&quot;4&quot; class=&quot;text-center&quot; style=&quot;vertical-align:middle&quot;&gt;&lt;img src=&quot;\/image\/urun-olculeri\/ahsap-klasik-kollu-sandalye-olculer.png&quot; alt=&quot;&Ouml;l&ccedil;&uuml;&quot;&gt;&lt;\/td&gt;<br \/>\n&lt;\/tr&gt;<br \/>\n&lt;tr&gt;<br \/>\n&lt;td class=&quot;text-center&quot; style=&quot;vertical-align:middle&quot;&gt;&lt;span class=&quot;text-center&quot; style=&quot;vertical-align:middle&quot;&gt;&lt;strong&gt;Geni\u015flik&lt;\/strong&gt;&lt;\/span&gt;&lt;\/td&gt;<br \/>\n&lt;td class=&quot;text-center&quot; style=&quot;vertical-align:middle&quot;&gt;&lt;span class=&quot;text-center&quot; style=&quot;vertical-align:middle&quot;&gt;&lt;strong&gt;Oturum Y&uuml;ksekli\u011fi&lt;\/strong&gt;&lt;\/span&gt;&lt;\/td&gt;<br \/>\n&lt;td class=&quot;text-center&quot; style=&quot;vertical-align:middle&quot;&gt;&lt;span class=&quot;text-center&quot; style=&quot;vertical-align:middle&quot;&gt;&lt;strong&gt;Derinlik&lt;\/strong&gt;&lt;\/span&gt;&lt;\/td&gt;<br \/>\n&lt;td class=&quot;text-center&quot; style=&quot;vertical-align:middle&quot;&gt;&lt;span class=&quot;text-center&quot; style=&quot;vertical-align:middle&quot;&gt;&lt;strong&gt;Y&uuml;kseklik&lt;\/strong&gt;&lt;\/span&gt;&lt;\/td&gt;<br \/>\n&lt;\/tr&gt;<br \/>\n&lt;tr&gt;<br \/>\n&lt;td class=&quot;text-center&quot; style=&quot;vertical-align:middle&quot;&gt;&nbsp;&lt;\/td&gt;<br \/>\n&lt;td class=&quot;text-center&quot; style=&quot;vertical-align:middle&quot;&gt;&nbsp;&lt;\/td&gt;<br \/>\n&lt;td class=&quot;text-center&quot; style=&quot;vertical-align:middle&quot;&gt;&nbsp;&lt;\/td&gt;<br \/>\n&lt;td class=&quot;text-center&quot; style=&quot;vertical-align:middle&quot;&gt;&nbsp;&lt;\/td&gt;<br \/>\n&lt;\/tr&gt;<br \/>\n&lt;tr&gt;<br \/>\n&lt;td class=&quot;text-center&quot; style=&quot;vertical-align:middle&quot; colspan=&quot;4&quot;&gt;\u0130ste\u011fe &ouml;zel olarak malzeme cinsinde (ah\u015fap,boya,kuma\u015f,deri) ve &uuml;r&uuml;n &ouml;l&ccedil;&uuml;lerinde de\u011fi\u015fiklik yap\u0131labilir.&lt;\/td&gt;<br \/>\n&lt;\/tr&gt;<br \/>\n&lt;\/tbody&gt;<br \/>\n&lt;\/table&gt;<br \/>\n&lt;hr&gt;<\/p>\n","protected":false},"excerpt":{"rendered":"<p>&Ccedil;i&ccedil;ek Desenli Kuma\u015f D&ouml;\u015femeli Salon SandalyesiPalmiye Ko&ccedil;ak Mobilyadan bir tasar\u0131m harikas\u0131 daha&#8230;A&ccedil;\u0131n evinizin kap\u0131s\u0131n\u0131, bahar\u0131 getirdik&#8230;Koldan aya\u011fa inen, &ccedil;ok az kavisli, \u015f\u0131k I &ccedil;\u0131talar, koldan kola, s\u0131rta do\u011fru y&uuml;kselerek U d&ouml;nen formu ve konforlu oturumu ile eviniz ve &ouml;zellikle salonunuz i&ccedil;in bi&ccedil;ilmi\u015f kaftan&#8230;&lt;hr&gt;&lt;p&gt;&lt;img src=&quot;\/image\/urun-olculeri\/ahsap-modern-kollu-sandalye-olculeri.png&quot;&gt;&lt;\/p&gt;&lt;table class=&quot;table table-bordered&quot;&gt;&lt;tbody&gt;&lt;tr&gt;&lt;td&gt;Geni\u015flik&lt;\/td&gt;&lt;td&gt;62 cm&lt;\/td&gt;&lt;\/tr&gt;&lt;tr&gt;&lt;td&gt;Oturum Y&uuml;ksekli\u011fi&lt;\/td&gt;&lt;td&gt;45 cm&lt;\/td&gt;&lt;\/tr&gt;&lt;tr&gt;&lt;td&gt;Derinlik&lt;\/td&gt;&lt;td&gt;58 cm&lt;\/td&gt;&lt;\/tr&gt;&lt;tr&gt;&lt;td&gt;Y&uuml;kseklik&lt;\/td&gt;&lt;td&gt;85 cm&lt;\/td&gt;&lt;\/tr&gt;&lt;tr&gt;&lt;td&gt;Kol Y&uuml;ksekli\u011fi&lt;\/td&gt;&lt;td&gt;66 cm&lt;\/td&gt;&lt;\/tr&gt;&lt;\/tbody&gt;&lt;\/table&gt;&lt;p&gt;&lt;b&gt;&lt;br&gt;&lt;\/b&gt;&lt;\/p&gt;&lt;p&gt;\u0130ste\u011fe &ouml;zel olarak [&hellip;]<\/p>\n","protected":false},"featured_media":9241,"comment_status":"closed","ping_status":"open","template":"","meta":{"_joinchat":[]},"product_cat":[175],"product_tag":[],"class_list":{"0":"post-9240","1":"product","2":"type-product","3":"status-publish","4":"has-post-thumbnail","6":"product_cat-ahsap-rustik-kollu-sandalye","8":"first","9":"instock","10":"product-type-simple"},"_links":{"self":[{"href":"https:\/\/palmiyesusleme.com\/index.php\/wp-json\/wp\/v2\/product\/9240","targetHints":{"allow":["GET"]}}],"collection":[{"href":"https:\/\/palmiyesusleme.com\/index.php\/wp-json\/wp\/v2\/product"}],"about":[{"href":"https:\/\/palmiyesusleme.com\/index.php\/wp-json\/wp\/v2\/types\/product"}],"replies":[{"embeddable":true,"href":"https:\/\/palmiyesusleme.com\/index.php\/wp-json\/wp\/v2\/comments?post=9240"}],"wp:featuredmedia":[{"embeddable":true,"href":"https:\/\/palmiyesusleme.com\/index.php\/wp-json\/wp\/v2\/media\/9241"}],"wp:attachment":[{"href":"https:\/\/palmiyesusleme.com\/index.php\/wp-json\/wp\/v2\/media?parent=9240"}],"wp:term":[{"taxonomy":"product_cat","embeddable":true,"href":"https:\/\/palmiyesusleme.com\/index.php\/wp-json\/wp\/v2\/product_cat?post=9240"},{"taxonomy":"product_tag","embeddable":true,"href":"https:\/\/palmiyesusleme.com\/index.php\/wp-json\/wp\/v2\/product_tag?post=9240"}],"curies":[{"name":"wp","href":"https:\/\/api.w.org\/{rel}","templated":true}]}}