{"id":9246,"date":"2024-03-07T16:30:02","date_gmt":"2024-03-07T13:30:02","guid":{"rendered":"https:\/\/palmiyesusleme.com\/index.php\/urun\/bej-kumas-dosemeli-ev-tipi-kollu-sandalye\/"},"modified":"2024-03-07T16:30:06","modified_gmt":"2024-03-07T13:30:06","slug":"bej-kumas-dosemeli-ev-tipi-kollu-sandalye","status":"publish","type":"product","link":"https:\/\/palmiyesusleme.com\/index.php\/urun\/bej-kumas-dosemeli-ev-tipi-kollu-sandalye\/","title":{"rendered":"Bej Kuma\u015f D\u00f6\u015femeli Ev Tipi Kollu Sandalye"},"content":{"rendered":"<p>Bej Kuma\u015f D\u00f6\u015femeli Ev Tipi Kollu Sandalye &#8211; rsak45 &#8211; Ah\u015fap Rustik Kollu Sandalye<\/p>\n","protected":false},"excerpt":{"rendered":"<p>Bej Kuma\u015f D\u00f6\u015femeli Ev Tipi Kollu Sandalye &#8211; rsak45 &#8211; Ah\u015fap Rustik Kollu Sandalye<\/p>\n","protected":false},"featured_media":9247,"comment_status":"closed","ping_status":"open","template":"","meta":{"_joinchat":[]},"product_cat":[175],"product_tag":[],"class_list":{"0":"post-9246","1":"product","2":"type-product","3":"status-publish","4":"has-post-thumbnail","6":"product_cat-ahsap-rustik-kollu-sandalye","8":"first","9":"instock","10":"product-type-simple"},"_links":{"self":[{"href":"https:\/\/palmiyesusleme.com\/index.php\/wp-json\/wp\/v2\/product\/9246","targetHints":{"allow":["GET"]}}],"collection":[{"href":"https:\/\/palmiyesusleme.com\/index.php\/wp-json\/wp\/v2\/product"}],"about":[{"href":"https:\/\/palmiyesusleme.com\/index.php\/wp-json\/wp\/v2\/types\/product"}],"replies":[{"embeddable":true,"href":"https:\/\/palmiyesusleme.com\/index.php\/wp-json\/wp\/v2\/comments?post=9246"}],"wp:featuredmedia":[{"embeddable":true,"href":"https:\/\/palmiyesusleme.com\/index.php\/wp-json\/wp\/v2\/media\/9247"}],"wp:attachment":[{"href":"https:\/\/palmiyesusleme.com\/index.php\/wp-json\/wp\/v2\/media?parent=9246"}],"wp:term":[{"taxonomy":"product_cat","embeddable":true,"href":"https:\/\/palmiyesusleme.com\/index.php\/wp-json\/wp\/v2\/product_cat?post=9246"},{"taxonomy":"product_tag","embeddable":true,"href":"https:\/\/palmiyesusleme.com\/index.php\/wp-json\/wp\/v2\/product_tag?post=9246"}],"curies":[{"name":"wp","href":"https:\/\/api.w.org\/{rel}","templated":true}]}}