{"id":9468,"date":"2024-03-07T16:32:40","date_gmt":"2024-03-07T13:32:40","guid":{"rendered":"https:\/\/palmiyesusleme.com\/index.php\/urun\/antrasit-file-meshli-kablo-orgulu-rattan-sandalye\/"},"modified":"2024-03-07T16:33:03","modified_gmt":"2024-03-07T13:33:03","slug":"antrasit-file-meshli-kablo-orgulu-rattan-sandalye","status":"publish","type":"product","link":"https:\/\/palmiyesusleme.com\/index.php\/urun\/antrasit-file-meshli-kablo-orgulu-rattan-sandalye\/","title":{"rendered":"Antrasit File Meshli Kablo \u00d6rg\u00fcl\u00fc Rattan Sandalye"},"content":{"rendered":"<p>Antrasit File Meshli Kablo &Ouml;rg&uuml;l&uuml; Rattan Sandalye<\/p>\n","protected":false},"excerpt":{"rendered":"<p>Antrasit File Meshli Kablo &Ouml;rg&uuml;l&uuml; Rattan Sandalye<\/p>\n","protected":false},"featured_media":9469,"comment_status":"closed","ping_status":"open","template":"","meta":{"_joinchat":[]},"product_cat":[19],"product_tag":[],"class_list":{"0":"post-9468","1":"product","2":"type-product","3":"status-publish","4":"has-post-thumbnail","6":"product_cat-rattan-sandalyeler","8":"first","9":"instock","10":"product-type-simple"},"_links":{"self":[{"href":"https:\/\/palmiyesusleme.com\/index.php\/wp-json\/wp\/v2\/product\/9468","targetHints":{"allow":["GET"]}}],"collection":[{"href":"https:\/\/palmiyesusleme.com\/index.php\/wp-json\/wp\/v2\/product"}],"about":[{"href":"https:\/\/palmiyesusleme.com\/index.php\/wp-json\/wp\/v2\/types\/product"}],"replies":[{"embeddable":true,"href":"https:\/\/palmiyesusleme.com\/index.php\/wp-json\/wp\/v2\/comments?post=9468"}],"wp:featuredmedia":[{"embeddable":true,"href":"https:\/\/palmiyesusleme.com\/index.php\/wp-json\/wp\/v2\/media\/9469"}],"wp:attachment":[{"href":"https:\/\/palmiyesusleme.com\/index.php\/wp-json\/wp\/v2\/media?parent=9468"}],"wp:term":[{"taxonomy":"product_cat","embeddable":true,"href":"https:\/\/palmiyesusleme.com\/index.php\/wp-json\/wp\/v2\/product_cat?post=9468"},{"taxonomy":"product_tag","embeddable":true,"href":"https:\/\/palmiyesusleme.com\/index.php\/wp-json\/wp\/v2\/product_tag?post=9468"}],"curies":[{"name":"wp","href":"https:\/\/api.w.org\/{rel}","templated":true}]}}