{"id":9476,"date":"2024-03-07T16:32:40","date_gmt":"2024-03-07T13:32:40","guid":{"rendered":"https:\/\/palmiyesusleme.com\/index.php\/urun\/kahverengi-krem-renkli-kablo-orgulu-rattan-sandalye\/"},"modified":"2024-03-07T16:33:07","modified_gmt":"2024-03-07T13:33:07","slug":"kahverengi-krem-renkli-kablo-orgulu-rattan-sandalye","status":"publish","type":"product","link":"https:\/\/palmiyesusleme.com\/index.php\/urun\/kahverengi-krem-renkli-kablo-orgulu-rattan-sandalye\/","title":{"rendered":"Kahverengi Krem Renkli Kablo \u00d6rg\u00fcl\u00fc Rattan Sandalye"},"content":{"rendered":"<p>Kahverengi Krem Renkli Kablo \u00d6rg\u00fcl\u00fc Rattan sandalye<\/p>\n","protected":false},"excerpt":{"rendered":"<p>Kahverengi Krem Renkli Kablo \u00d6rg\u00fcl\u00fc Rattan sandalye<\/p>\n","protected":false},"featured_media":9477,"comment_status":"closed","ping_status":"open","template":"","meta":{"_joinchat":[]},"product_cat":[19],"product_tag":[],"class_list":{"0":"post-9476","1":"product","2":"type-product","3":"status-publish","4":"has-post-thumbnail","6":"product_cat-rattan-sandalyeler","8":"first","9":"instock","10":"product-type-simple"},"_links":{"self":[{"href":"https:\/\/palmiyesusleme.com\/index.php\/wp-json\/wp\/v2\/product\/9476","targetHints":{"allow":["GET"]}}],"collection":[{"href":"https:\/\/palmiyesusleme.com\/index.php\/wp-json\/wp\/v2\/product"}],"about":[{"href":"https:\/\/palmiyesusleme.com\/index.php\/wp-json\/wp\/v2\/types\/product"}],"replies":[{"embeddable":true,"href":"https:\/\/palmiyesusleme.com\/index.php\/wp-json\/wp\/v2\/comments?post=9476"}],"wp:featuredmedia":[{"embeddable":true,"href":"https:\/\/palmiyesusleme.com\/index.php\/wp-json\/wp\/v2\/media\/9477"}],"wp:attachment":[{"href":"https:\/\/palmiyesusleme.com\/index.php\/wp-json\/wp\/v2\/media?parent=9476"}],"wp:term":[{"taxonomy":"product_cat","embeddable":true,"href":"https:\/\/palmiyesusleme.com\/index.php\/wp-json\/wp\/v2\/product_cat?post=9476"},{"taxonomy":"product_tag","embeddable":true,"href":"https:\/\/palmiyesusleme.com\/index.php\/wp-json\/wp\/v2\/product_tag?post=9476"}],"curies":[{"name":"wp","href":"https:\/\/api.w.org\/{rel}","templated":true}]}}