{"id":9484,"date":"2024-03-07T16:33:10","date_gmt":"2024-03-07T13:33:10","guid":{"rendered":"https:\/\/palmiyesusleme.com\/index.php\/urun\/aluminyum-iskelet-rattan-sentetik-orgulu-bahce-yazlik-sandalyesi\/"},"modified":"2024-03-07T16:33:14","modified_gmt":"2024-03-07T13:33:14","slug":"aluminyum-iskelet-rattan-sentetik-orgulu-bahce-yazlik-sandalyesi","status":"publish","type":"product","link":"https:\/\/palmiyesusleme.com\/index.php\/urun\/aluminyum-iskelet-rattan-sentetik-orgulu-bahce-yazlik-sandalyesi\/","title":{"rendered":"Al\u00fcminyum \u0130skelet Rattan Sentetik \u00d6rg\u00fcl\u00fc Bah\u00e7e Yazl\u0131k Sandalyesi"},"content":{"rendered":"<p>Al&uuml;minyum \u0130skelet Rattan Sentetik &Ouml;rg&uuml;l&uuml; Bah&ccedil;e Yazl\u0131k Sandalyesi<\/p>\n","protected":false},"excerpt":{"rendered":"<p>Al&uuml;minyum \u0130skelet Rattan Sentetik &Ouml;rg&uuml;l&uuml; Bah&ccedil;e Yazl\u0131k Sandalyesi<\/p>\n","protected":false},"featured_media":9485,"comment_status":"closed","ping_status":"open","template":"","meta":{"_joinchat":[]},"product_cat":[19],"product_tag":[],"class_list":{"0":"post-9484","1":"product","2":"type-product","3":"status-publish","4":"has-post-thumbnail","6":"product_cat-rattan-sandalyeler","8":"first","9":"instock","10":"product-type-simple"},"_links":{"self":[{"href":"https:\/\/palmiyesusleme.com\/index.php\/wp-json\/wp\/v2\/product\/9484","targetHints":{"allow":["GET"]}}],"collection":[{"href":"https:\/\/palmiyesusleme.com\/index.php\/wp-json\/wp\/v2\/product"}],"about":[{"href":"https:\/\/palmiyesusleme.com\/index.php\/wp-json\/wp\/v2\/types\/product"}],"replies":[{"embeddable":true,"href":"https:\/\/palmiyesusleme.com\/index.php\/wp-json\/wp\/v2\/comments?post=9484"}],"wp:featuredmedia":[{"embeddable":true,"href":"https:\/\/palmiyesusleme.com\/index.php\/wp-json\/wp\/v2\/media\/9485"}],"wp:attachment":[{"href":"https:\/\/palmiyesusleme.com\/index.php\/wp-json\/wp\/v2\/media?parent=9484"}],"wp:term":[{"taxonomy":"product_cat","embeddable":true,"href":"https:\/\/palmiyesusleme.com\/index.php\/wp-json\/wp\/v2\/product_cat?post=9484"},{"taxonomy":"product_tag","embeddable":true,"href":"https:\/\/palmiyesusleme.com\/index.php\/wp-json\/wp\/v2\/product_tag?post=9484"}],"curies":[{"name":"wp","href":"https:\/\/api.w.org\/{rel}","templated":true}]}}