{"id":9500,"date":"2024-03-07T16:33:10","date_gmt":"2024-03-07T13:33:10","guid":{"rendered":"https:\/\/palmiyesusleme.com\/index.php\/urun\/yuvarlak-sirt-ormeli-kollu-rattan-sandalye\/"},"modified":"2024-03-07T16:33:22","modified_gmt":"2024-03-07T13:33:22","slug":"yuvarlak-sirt-ormeli-kollu-rattan-sandalye","status":"publish","type":"product","link":"https:\/\/palmiyesusleme.com\/index.php\/urun\/yuvarlak-sirt-ormeli-kollu-rattan-sandalye\/","title":{"rendered":"Yuvarlak S\u0131rt \u00d6rmeli Kollu Rattan Sandalye"},"content":{"rendered":"<p>Yuvarlak S\u0131rt &Ouml;rmeli Kollu Rattan Sandalye<\/p>\n","protected":false},"excerpt":{"rendered":"<p>Yuvarlak S\u0131rt &Ouml;rmeli Kollu Rattan Sandalye<\/p>\n","protected":false},"featured_media":9501,"comment_status":"closed","ping_status":"open","template":"","meta":{"_joinchat":[]},"product_cat":[19],"product_tag":[],"class_list":{"0":"post-9500","1":"product","2":"type-product","3":"status-publish","4":"has-post-thumbnail","6":"product_cat-rattan-sandalyeler","8":"first","9":"instock","10":"product-type-simple"},"_links":{"self":[{"href":"https:\/\/palmiyesusleme.com\/index.php\/wp-json\/wp\/v2\/product\/9500","targetHints":{"allow":["GET"]}}],"collection":[{"href":"https:\/\/palmiyesusleme.com\/index.php\/wp-json\/wp\/v2\/product"}],"about":[{"href":"https:\/\/palmiyesusleme.com\/index.php\/wp-json\/wp\/v2\/types\/product"}],"replies":[{"embeddable":true,"href":"https:\/\/palmiyesusleme.com\/index.php\/wp-json\/wp\/v2\/comments?post=9500"}],"wp:featuredmedia":[{"embeddable":true,"href":"https:\/\/palmiyesusleme.com\/index.php\/wp-json\/wp\/v2\/media\/9501"}],"wp:attachment":[{"href":"https:\/\/palmiyesusleme.com\/index.php\/wp-json\/wp\/v2\/media?parent=9500"}],"wp:term":[{"taxonomy":"product_cat","embeddable":true,"href":"https:\/\/palmiyesusleme.com\/index.php\/wp-json\/wp\/v2\/product_cat?post=9500"},{"taxonomy":"product_tag","embeddable":true,"href":"https:\/\/palmiyesusleme.com\/index.php\/wp-json\/wp\/v2\/product_tag?post=9500"}],"curies":[{"name":"wp","href":"https:\/\/api.w.org\/{rel}","templated":true}]}}