{"id":9512,"date":"2024-03-07T16:33:10","date_gmt":"2024-03-07T13:33:10","guid":{"rendered":"https:\/\/palmiyesusleme.com\/index.php\/urun\/beyaz-aluminyum-iskeletli-ahsap-detayli-kolcakli-rattan-orgu-sandalye\/"},"modified":"2024-03-07T16:33:28","modified_gmt":"2024-03-07T13:33:28","slug":"beyaz-aluminyum-iskeletli-ahsap-detayli-kolcakli-rattan-orgu-sandalye","status":"publish","type":"product","link":"https:\/\/palmiyesusleme.com\/index.php\/urun\/beyaz-aluminyum-iskeletli-ahsap-detayli-kolcakli-rattan-orgu-sandalye\/","title":{"rendered":"Beyaz Al\u00fcminyum \u0130skeletli Ah\u015fap Detayl\u0131 Kol\u00e7akl\u0131 Rattan \u00d6rg\u00fc Sandalye"},"content":{"rendered":"<p>Beyaz Al&uuml;minyum \u0130skeletli Ah\u015fap Detayl\u0131 Kol&ccedil;akl\u0131 Rattan &Ouml;rg&uuml; Sandalye<\/p>\n","protected":false},"excerpt":{"rendered":"<p>Beyaz Al&uuml;minyum \u0130skeletli Ah\u015fap Detayl\u0131 Kol&ccedil;akl\u0131 Rattan &Ouml;rg&uuml; Sandalye<\/p>\n","protected":false},"featured_media":9513,"comment_status":"closed","ping_status":"open","template":"","meta":{"_joinchat":[]},"product_cat":[19],"product_tag":[],"class_list":{"0":"post-9512","1":"product","2":"type-product","3":"status-publish","4":"has-post-thumbnail","6":"product_cat-rattan-sandalyeler","8":"first","9":"instock","10":"product-type-simple"},"_links":{"self":[{"href":"https:\/\/palmiyesusleme.com\/index.php\/wp-json\/wp\/v2\/product\/9512","targetHints":{"allow":["GET"]}}],"collection":[{"href":"https:\/\/palmiyesusleme.com\/index.php\/wp-json\/wp\/v2\/product"}],"about":[{"href":"https:\/\/palmiyesusleme.com\/index.php\/wp-json\/wp\/v2\/types\/product"}],"replies":[{"embeddable":true,"href":"https:\/\/palmiyesusleme.com\/index.php\/wp-json\/wp\/v2\/comments?post=9512"}],"wp:featuredmedia":[{"embeddable":true,"href":"https:\/\/palmiyesusleme.com\/index.php\/wp-json\/wp\/v2\/media\/9513"}],"wp:attachment":[{"href":"https:\/\/palmiyesusleme.com\/index.php\/wp-json\/wp\/v2\/media?parent=9512"}],"wp:term":[{"taxonomy":"product_cat","embeddable":true,"href":"https:\/\/palmiyesusleme.com\/index.php\/wp-json\/wp\/v2\/product_cat?post=9512"},{"taxonomy":"product_tag","embeddable":true,"href":"https:\/\/palmiyesusleme.com\/index.php\/wp-json\/wp\/v2\/product_tag?post=9512"}],"curies":[{"name":"wp","href":"https:\/\/api.w.org\/{rel}","templated":true}]}}