{"id":9520,"date":"2024-03-07T16:33:34","date_gmt":"2024-03-07T13:33:34","guid":{"rendered":"https:\/\/palmiyesusleme.com\/index.php\/urun\/antrasit-rattan-orgulu-gri-minderli-rattan-sandalye\/"},"modified":"2024-03-07T16:33:36","modified_gmt":"2024-03-07T13:33:36","slug":"antrasit-rattan-orgulu-gri-minderli-rattan-sandalye","status":"publish","type":"product","link":"https:\/\/palmiyesusleme.com\/index.php\/urun\/antrasit-rattan-orgulu-gri-minderli-rattan-sandalye\/","title":{"rendered":"Antrasit Rattan \u00d6rg\u00fcl\u00fc Gri Minderli Rattan Sandalye"},"content":{"rendered":"<p>&lt;h2&gt;&lt;b&gt;Antrasit Rattan \u00d6rg\u00fcl\u00fc Gri Minderli Rattan Sandalye&lt;\/b&gt;&lt;\/h2&gt;&lt;p&gt;toptan sipari\u015f i\u00e7in ileti\u015fim adresimizden bize ula\u015fabilirsiniz.&lt;\/p&gt;<\/p>\n","protected":false},"excerpt":{"rendered":"<p>&lt;h2&gt;&lt;b&gt;Antrasit Rattan \u00d6rg\u00fcl\u00fc Gri Minderli Rattan Sandalye&lt;\/b&gt;&lt;\/h2&gt;&lt;p&gt;toptan sipari\u015f i\u00e7in ileti\u015fim adresimizden bize ula\u015fabilirsiniz.&lt;\/p&gt;<\/p>\n","protected":false},"featured_media":9521,"comment_status":"closed","ping_status":"open","template":"","meta":{"_joinchat":[]},"product_cat":[19],"product_tag":[],"class_list":{"0":"post-9520","1":"product","2":"type-product","3":"status-publish","4":"has-post-thumbnail","6":"product_cat-rattan-sandalyeler","8":"first","9":"instock","10":"product-type-simple"},"_links":{"self":[{"href":"https:\/\/palmiyesusleme.com\/index.php\/wp-json\/wp\/v2\/product\/9520","targetHints":{"allow":["GET"]}}],"collection":[{"href":"https:\/\/palmiyesusleme.com\/index.php\/wp-json\/wp\/v2\/product"}],"about":[{"href":"https:\/\/palmiyesusleme.com\/index.php\/wp-json\/wp\/v2\/types\/product"}],"replies":[{"embeddable":true,"href":"https:\/\/palmiyesusleme.com\/index.php\/wp-json\/wp\/v2\/comments?post=9520"}],"wp:featuredmedia":[{"embeddable":true,"href":"https:\/\/palmiyesusleme.com\/index.php\/wp-json\/wp\/v2\/media\/9521"}],"wp:attachment":[{"href":"https:\/\/palmiyesusleme.com\/index.php\/wp-json\/wp\/v2\/media?parent=9520"}],"wp:term":[{"taxonomy":"product_cat","embeddable":true,"href":"https:\/\/palmiyesusleme.com\/index.php\/wp-json\/wp\/v2\/product_cat?post=9520"},{"taxonomy":"product_tag","embeddable":true,"href":"https:\/\/palmiyesusleme.com\/index.php\/wp-json\/wp\/v2\/product_tag?post=9520"}],"curies":[{"name":"wp","href":"https:\/\/api.w.org\/{rel}","templated":true}]}}