{"id":9524,"date":"2024-03-07T16:33:34","date_gmt":"2024-03-07T13:33:34","guid":{"rendered":"https:\/\/palmiyesusleme.com\/index.php\/urun\/ahsap-kolcak-detayli-fileli-aluminyum-sandalye\/"},"modified":"2024-03-07T16:33:38","modified_gmt":"2024-03-07T13:33:38","slug":"ahsap-kolcak-detayli-fileli-aluminyum-sandalye","status":"publish","type":"product","link":"https:\/\/palmiyesusleme.com\/index.php\/urun\/ahsap-kolcak-detayli-fileli-aluminyum-sandalye\/","title":{"rendered":"Ah\u015fap Kol\u00e7ak Detayl\u0131 Fileli Al\u00fcminyum Sandalye"},"content":{"rendered":"<p>Ah\u015fap Kol\u00e7ak Detayl\u0131 Fileli Al\u00fcminyum Sandalye<\/p>\n","protected":false},"excerpt":{"rendered":"<p>Ah\u015fap Kol\u00e7ak Detayl\u0131 Fileli Al\u00fcminyum Sandalye<\/p>\n","protected":false},"featured_media":9525,"comment_status":"closed","ping_status":"open","template":"","meta":{"_joinchat":[]},"product_cat":[49,19],"product_tag":[],"class_list":{"0":"post-9524","1":"product","2":"type-product","3":"status-publish","4":"has-post-thumbnail","6":"product_cat-aluminyum-sandalyeler","7":"product_cat-rattan-sandalyeler","9":"first","10":"instock","11":"product-type-simple"},"_links":{"self":[{"href":"https:\/\/palmiyesusleme.com\/index.php\/wp-json\/wp\/v2\/product\/9524","targetHints":{"allow":["GET"]}}],"collection":[{"href":"https:\/\/palmiyesusleme.com\/index.php\/wp-json\/wp\/v2\/product"}],"about":[{"href":"https:\/\/palmiyesusleme.com\/index.php\/wp-json\/wp\/v2\/types\/product"}],"replies":[{"embeddable":true,"href":"https:\/\/palmiyesusleme.com\/index.php\/wp-json\/wp\/v2\/comments?post=9524"}],"wp:featuredmedia":[{"embeddable":true,"href":"https:\/\/palmiyesusleme.com\/index.php\/wp-json\/wp\/v2\/media\/9525"}],"wp:attachment":[{"href":"https:\/\/palmiyesusleme.com\/index.php\/wp-json\/wp\/v2\/media?parent=9524"}],"wp:term":[{"taxonomy":"product_cat","embeddable":true,"href":"https:\/\/palmiyesusleme.com\/index.php\/wp-json\/wp\/v2\/product_cat?post=9524"},{"taxonomy":"product_tag","embeddable":true,"href":"https:\/\/palmiyesusleme.com\/index.php\/wp-json\/wp\/v2\/product_tag?post=9524"}],"curies":[{"name":"wp","href":"https:\/\/api.w.org\/{rel}","templated":true}]}}