{"id":9544,"date":"2024-03-07T16:33:34","date_gmt":"2024-03-07T13:33:34","guid":{"rendered":"https:\/\/palmiyesusleme.com\/index.php\/urun\/kahve-renkli-minderli-kollu-rattan-sandalye\/"},"modified":"2024-03-07T16:33:47","modified_gmt":"2024-03-07T13:33:47","slug":"kahve-renkli-minderli-kollu-rattan-sandalye","status":"publish","type":"product","link":"https:\/\/palmiyesusleme.com\/index.php\/urun\/kahve-renkli-minderli-kollu-rattan-sandalye\/","title":{"rendered":"Kahve Renkli Minderli Kollu Rattan Sandalye"},"content":{"rendered":"<p>Kahve Renkli Minderli Kollu Rattan Sandalyemiz, rahat ve \u015f\u0131k.Kafenize \u00e7ok yak\u0131\u015facak.Showrooma bekliyoruz.&lt;hr&gt;&lt;table class=&quot;table table-bordered table-condensed table-striped&quot;&gt;<br \/>\n&lt;caption class=&quot;text-center&quot;&gt;&lt;img src=&quot;image\/catalog\/olcuresimsablon\/klasik-sandalye-olcu-resim-yeni.png&quot; alt=&quot;Sandalye \u00d6l\u00e7\u00fc&quot;&gt;&lt;\/caption&gt;<br \/>\n&lt;tbody&gt;<br \/>\n&lt;tr&gt;<br \/>\n&lt;td class=&quot;text-center&quot;&gt;&lt;span class=&quot;text-center&quot; style=&quot;vertical-align: middle;&quot;&gt;&lt;strong&gt;Geni\u015flik&lt;\/strong&gt;&lt;\/span&gt;&lt;\/td&gt;<br \/>\n&lt;td class=&quot;text-center&quot;&gt;&lt;span class=&quot;text-center&quot; style=&quot;vertical-align: middle;&quot;&gt;&lt;strong&gt;Oturum Y\u00fcksekli\u011fi&lt;\/strong&gt;&lt;\/span&gt;&lt;\/td&gt;<br \/>\n&lt;td class=&quot;text-center&quot;&gt;&lt;span class=&quot;text-center&quot; style=&quot;vertical-align: middle;&quot;&gt;&lt;strong&gt;Derinlik&lt;\/strong&gt;&lt;\/span&gt;&lt;\/td&gt;<br \/>\n&lt;td class=&quot;text-center&quot;&gt;&lt;span class=&quot;text-center&quot; style=&quot;vertical-align: middle;&quot;&gt;&lt;strong&gt;Y\u00fckseklik&lt;\/strong&gt;&lt;\/span&gt;&lt;\/td&gt;<br \/>\n&lt;\/tr&gt;<br \/>\n&lt;tr&gt;<br \/>\n&lt;td class=&quot;text-center&quot;&gt;Sorunuz&lt;\/td&gt;<br \/>\n&lt;td class=&quot;text-center&quot;&gt;Sorunuz&lt;\/td&gt;<br \/>\n&lt;td class=&quot;text-center&quot;&gt;Sorunuz&lt;\/td&gt;<br \/>\n&lt;td class=&quot;text-center&quot;&gt;Sorunuz&lt;\/td&gt;<br \/>\n&lt;\/tr&gt;<br \/>\n&lt;tr&gt;<br \/>\n&lt;td class=&quot;text-center&quot; colspan=&quot;4&quot;&gt;\u0130ste\u011fe \u00f6zel olarak malzeme cinsinde (ah\u015fap,boya,kuma\u015f,deri) ve \u00fcr\u00fcn \u00f6l\u00e7\u00fclerinde de\u011fi\u015fiklik yap\u0131labilir.&lt;br&gt;&lt;\/td&gt;<br \/>\n&lt;\/tr&gt;<br \/>\n&lt;\/tbody&gt;<br \/>\n&lt;\/table&gt;<\/p>\n","protected":false},"excerpt":{"rendered":"<p>Kahve Renkli Minderli Kollu Rattan Sandalyemiz, rahat ve \u015f\u0131k.Kafenize \u00e7ok yak\u0131\u015facak.Showrooma bekliyoruz.&lt;hr&gt;&lt;table class=&quot;table table-bordered table-condensed table-striped&quot;&gt; &lt;caption class=&quot;text-center&quot;&gt;&lt;img src=&quot;image\/catalog\/olcuresimsablon\/klasik-sandalye-olcu-resim-yeni.png&quot; alt=&quot;Sandalye \u00d6l\u00e7\u00fc&quot;&gt;&lt;\/caption&gt; &lt;tbody&gt; &lt;tr&gt; &lt;td class=&quot;text-center&quot;&gt;&lt;span class=&quot;text-center&quot; style=&quot;vertical-align: middle;&quot;&gt;&lt;strong&gt;Geni\u015flik&lt;\/strong&gt;&lt;\/span&gt;&lt;\/td&gt; &lt;td class=&quot;text-center&quot;&gt;&lt;span class=&quot;text-center&quot; style=&quot;vertical-align: middle;&quot;&gt;&lt;strong&gt;Oturum Y\u00fcksekli\u011fi&lt;\/strong&gt;&lt;\/span&gt;&lt;\/td&gt; &lt;td class=&quot;text-center&quot;&gt;&lt;span class=&quot;text-center&quot; style=&quot;vertical-align: middle;&quot;&gt;&lt;strong&gt;Derinlik&lt;\/strong&gt;&lt;\/span&gt;&lt;\/td&gt; &lt;td class=&quot;text-center&quot;&gt;&lt;span class=&quot;text-center&quot; style=&quot;vertical-align: middle;&quot;&gt;&lt;strong&gt;Y\u00fckseklik&lt;\/strong&gt;&lt;\/span&gt;&lt;\/td&gt; &lt;\/tr&gt; &lt;tr&gt; &lt;td class=&quot;text-center&quot;&gt;Sorunuz&lt;\/td&gt; &lt;td class=&quot;text-center&quot;&gt;Sorunuz&lt;\/td&gt; &lt;td class=&quot;text-center&quot;&gt;Sorunuz&lt;\/td&gt; &lt;td class=&quot;text-center&quot;&gt;Sorunuz&lt;\/td&gt; &lt;\/tr&gt; [&hellip;]<\/p>\n","protected":false},"featured_media":9545,"comment_status":"closed","ping_status":"open","template":"","meta":{"_joinchat":[]},"product_cat":[48,19],"product_tag":[],"class_list":{"0":"post-9544","1":"product","2":"type-product","3":"status-publish","4":"has-post-thumbnail","6":"product_cat-bahce-sandalyeleri","7":"product_cat-rattan-sandalyeler","9":"first","10":"instock","11":"product-type-simple"},"_links":{"self":[{"href":"https:\/\/palmiyesusleme.com\/index.php\/wp-json\/wp\/v2\/product\/9544","targetHints":{"allow":["GET"]}}],"collection":[{"href":"https:\/\/palmiyesusleme.com\/index.php\/wp-json\/wp\/v2\/product"}],"about":[{"href":"https:\/\/palmiyesusleme.com\/index.php\/wp-json\/wp\/v2\/types\/product"}],"replies":[{"embeddable":true,"href":"https:\/\/palmiyesusleme.com\/index.php\/wp-json\/wp\/v2\/comments?post=9544"}],"wp:featuredmedia":[{"embeddable":true,"href":"https:\/\/palmiyesusleme.com\/index.php\/wp-json\/wp\/v2\/media\/9545"}],"wp:attachment":[{"href":"https:\/\/palmiyesusleme.com\/index.php\/wp-json\/wp\/v2\/media?parent=9544"}],"wp:term":[{"taxonomy":"product_cat","embeddable":true,"href":"https:\/\/palmiyesusleme.com\/index.php\/wp-json\/wp\/v2\/product_cat?post=9544"},{"taxonomy":"product_tag","embeddable":true,"href":"https:\/\/palmiyesusleme.com\/index.php\/wp-json\/wp\/v2\/product_tag?post=9544"}],"curies":[{"name":"wp","href":"https:\/\/api.w.org\/{rel}","templated":true}]}}