{"id":9562,"date":"2024-03-07T16:33:54","date_gmt":"2024-03-07T13:33:54","guid":{"rendered":"https:\/\/palmiyesusleme.com\/index.php\/urun\/siyah-rattan-otel-koltugu\/"},"modified":"2024-03-07T16:33:56","modified_gmt":"2024-03-07T13:33:56","slug":"siyah-rattan-otel-koltugu","status":"publish","type":"product","link":"https:\/\/palmiyesusleme.com\/index.php\/urun\/siyah-rattan-otel-koltugu\/","title":{"rendered":"Siyah Rattan Otel Koltu\u011fu"},"content":{"rendered":"<p>Siyah Rattan Otel Koltu\u011fumuz, oteliniz i&ccedil;in en rahat se&ccedil;eneklerden biri.Showrooma bekliyoruz.&lt;hr&gt;&lt;table class=&quot;table table-bordered table-condensed table-striped&quot;&gt;<br \/>\n&lt;caption class=&quot;text-center&quot;&gt;&lt;img src=&quot;image\/catalog\/olcuresimsablon\/klasik-sandalye-olcu-resim-yeni.png&quot; alt=&quot;Sandalye &Ouml;l&ccedil;&uuml;&quot;&gt;&lt;\/caption&gt;<br \/>\n&lt;tbody&gt;<br \/>\n&lt;tr&gt;<br \/>\n&lt;td class=&quot;text-center&quot;&gt;&lt;span class=&quot;text-center&quot; style=&quot;vertical-align: middle;&quot;&gt;&lt;strong&gt;Geni\u015flik&lt;\/strong&gt;&lt;\/span&gt;&lt;\/td&gt;<br \/>\n&lt;td class=&quot;text-center&quot;&gt;&lt;span class=&quot;text-center&quot; style=&quot;vertical-align: middle;&quot;&gt;&lt;strong&gt;Oturum Y&uuml;ksekli\u011fi&lt;\/strong&gt;&lt;\/span&gt;&lt;\/td&gt;<br \/>\n&lt;td class=&quot;text-center&quot;&gt;&lt;span class=&quot;text-center&quot; style=&quot;vertical-align: middle;&quot;&gt;&lt;strong&gt;Derinlik&lt;\/strong&gt;&lt;\/span&gt;&lt;\/td&gt;<br \/>\n&lt;td class=&quot;text-center&quot;&gt;&lt;span class=&quot;text-center&quot; style=&quot;vertical-align: middle;&quot;&gt;&lt;strong&gt;Y&uuml;kseklik&lt;\/strong&gt;&lt;\/span&gt;&lt;\/td&gt;<br \/>\n&lt;\/tr&gt;<br \/>\n&lt;tr&gt;<br \/>\n&lt;td class=&quot;text-center&quot;&gt;Sorunuz&lt;\/td&gt;<br \/>\n&lt;td class=&quot;text-center&quot;&gt;Sorunuz&lt;\/td&gt;<br \/>\n&lt;td class=&quot;text-center&quot;&gt;Sorunuz&lt;\/td&gt;<br \/>\n&lt;td class=&quot;text-center&quot;&gt;Sorunuz&lt;\/td&gt;<br \/>\n&lt;\/tr&gt;<br \/>\n&lt;tr&gt;<br \/>\n&lt;td class=&quot;text-center&quot; colspan=&quot;4&quot;&gt;\u0130ste\u011fe &ouml;zel olarak malzeme cinsinde (ah\u015fap,boya,kuma\u015f,deri) ve &uuml;r&uuml;n &ouml;l&ccedil;&uuml;lerinde de\u011fi\u015fiklik yap\u0131labilir.&lt;br&gt;&lt;\/td&gt;<br \/>\n&lt;\/tr&gt;<br \/>\n&lt;\/tbody&gt;<br \/>\n&lt;\/table&gt;<\/p>\n","protected":false},"excerpt":{"rendered":"<p>Siyah Rattan Otel Koltu\u011fumuz, oteliniz i&ccedil;in en rahat se&ccedil;eneklerden biri.Showrooma bekliyoruz.&lt;hr&gt;&lt;table class=&quot;table table-bordered table-condensed table-striped&quot;&gt; &lt;caption class=&quot;text-center&quot;&gt;&lt;img src=&quot;image\/catalog\/olcuresimsablon\/klasik-sandalye-olcu-resim-yeni.png&quot; alt=&quot;Sandalye &Ouml;l&ccedil;&uuml;&quot;&gt;&lt;\/caption&gt; &lt;tbody&gt; &lt;tr&gt; &lt;td class=&quot;text-center&quot;&gt;&lt;span class=&quot;text-center&quot; style=&quot;vertical-align: middle;&quot;&gt;&lt;strong&gt;Geni\u015flik&lt;\/strong&gt;&lt;\/span&gt;&lt;\/td&gt; &lt;td class=&quot;text-center&quot;&gt;&lt;span class=&quot;text-center&quot; style=&quot;vertical-align: middle;&quot;&gt;&lt;strong&gt;Oturum Y&uuml;ksekli\u011fi&lt;\/strong&gt;&lt;\/span&gt;&lt;\/td&gt; &lt;td class=&quot;text-center&quot;&gt;&lt;span class=&quot;text-center&quot; style=&quot;vertical-align: middle;&quot;&gt;&lt;strong&gt;Derinlik&lt;\/strong&gt;&lt;\/span&gt;&lt;\/td&gt; &lt;td class=&quot;text-center&quot;&gt;&lt;span class=&quot;text-center&quot; style=&quot;vertical-align: middle;&quot;&gt;&lt;strong&gt;Y&uuml;kseklik&lt;\/strong&gt;&lt;\/span&gt;&lt;\/td&gt; &lt;\/tr&gt; &lt;tr&gt; &lt;td class=&quot;text-center&quot;&gt;Sorunuz&lt;\/td&gt; &lt;td class=&quot;text-center&quot;&gt;Sorunuz&lt;\/td&gt; &lt;td class=&quot;text-center&quot;&gt;Sorunuz&lt;\/td&gt; &lt;td class=&quot;text-center&quot;&gt;Sorunuz&lt;\/td&gt; &lt;\/tr&gt; &lt;tr&gt; [&hellip;]<\/p>\n","protected":false},"featured_media":9563,"comment_status":"closed","ping_status":"open","template":"","meta":{"_joinchat":[]},"product_cat":[48,19],"product_tag":[],"class_list":{"0":"post-9562","1":"product","2":"type-product","3":"status-publish","4":"has-post-thumbnail","6":"product_cat-bahce-sandalyeleri","7":"product_cat-rattan-sandalyeler","9":"first","10":"instock","11":"product-type-simple"},"_links":{"self":[{"href":"https:\/\/palmiyesusleme.com\/index.php\/wp-json\/wp\/v2\/product\/9562","targetHints":{"allow":["GET"]}}],"collection":[{"href":"https:\/\/palmiyesusleme.com\/index.php\/wp-json\/wp\/v2\/product"}],"about":[{"href":"https:\/\/palmiyesusleme.com\/index.php\/wp-json\/wp\/v2\/types\/product"}],"replies":[{"embeddable":true,"href":"https:\/\/palmiyesusleme.com\/index.php\/wp-json\/wp\/v2\/comments?post=9562"}],"wp:featuredmedia":[{"embeddable":true,"href":"https:\/\/palmiyesusleme.com\/index.php\/wp-json\/wp\/v2\/media\/9563"}],"wp:attachment":[{"href":"https:\/\/palmiyesusleme.com\/index.php\/wp-json\/wp\/v2\/media?parent=9562"}],"wp:term":[{"taxonomy":"product_cat","embeddable":true,"href":"https:\/\/palmiyesusleme.com\/index.php\/wp-json\/wp\/v2\/product_cat?post=9562"},{"taxonomy":"product_tag","embeddable":true,"href":"https:\/\/palmiyesusleme.com\/index.php\/wp-json\/wp\/v2\/product_tag?post=9562"}],"curies":[{"name":"wp","href":"https:\/\/api.w.org\/{rel}","templated":true}]}}