{"id":9638,"date":"2024-03-07T16:34:35","date_gmt":"2024-03-07T13:34:35","guid":{"rendered":"https:\/\/palmiyesusleme.com\/index.php\/urun\/dikdortgen-80x140cm-rattan-masa\/"},"modified":"2024-03-07T16:34:35","modified_gmt":"2024-03-07T13:34:35","slug":"dikdortgen-80x140cm-rattan-masa","status":"publish","type":"product","link":"https:\/\/palmiyesusleme.com\/index.php\/urun\/dikdortgen-80x140cm-rattan-masa\/","title":{"rendered":"Dikd\u00f6rtgen 80x140cm Rattan Masa"},"content":{"rendered":"<p>\u00dcr\u00fcn hakk\u0131nda bilgi ve fiyat almak i\u00e7in \u00fcr\u00fcn kodunu ve adetini bize E-posta, Whatsapp veya Telefon yoluyla iletiniz. Sat\u0131\u015f ekibimiz en k\u0131sa s\u00fcrede size d\u00f6necektir.&lt;hr&gt;&lt;p&gt;&lt;img src=&quot;\/image\/urun-olculeri\/cafe-masalari.png&quot; alt=&quot;Dikd\u00f6rtgen 80x120cm Rattan Masa \u00d6l\u00e7\u00fcler&quot; title=&quot;Dikd\u00f6rtgen 80x120cm Rattan Masa \u00d6l\u00e7\u00fcler&quot;&gt;&lt;\/p&gt;&lt;table class=&quot;table table-bordered&quot;&gt;&lt;tbody&gt;&lt;tr&gt;&lt;td&gt;Geni\u015flik&lt;\/td&gt;&lt;td&gt;80&lt;\/td&gt;&lt;td&gt;70&lt;\/td&gt;&lt;td&gt;80&lt;\/td&gt;&lt;\/tr&gt;&lt;tr&gt;&lt;td&gt;Ayak Geni\u015flik&lt;\/td&gt;&lt;td&gt;-&lt;\/td&gt;&lt;td&gt;-&lt;\/td&gt;&lt;td&gt;-&lt;\/td&gt;&lt;\/tr&gt;&lt;tr&gt;&lt;td&gt;Y\u00fckseklik&lt;\/td&gt;&lt;td&gt;75&lt;\/td&gt;&lt;td&gt;75&lt;br&gt;&lt;\/td&gt;&lt;td&gt;75&lt;br&gt;&lt;\/td&gt;&lt;\/tr&gt;&lt;tr&gt;&lt;td&gt;En&lt;\/td&gt;&lt;td&gt;140&lt;\/td&gt;&lt;td&gt;70&lt;\/td&gt;&lt;td&gt;70&lt;\/td&gt;&lt;\/tr&gt;&lt;\/tbody&gt;&lt;\/table&gt;&lt;br&gt;&lt;br&gt;<\/p>\n","protected":false},"excerpt":{"rendered":"<p>\u00dcr\u00fcn hakk\u0131nda bilgi ve fiyat almak i\u00e7in \u00fcr\u00fcn kodunu ve adetini bize E-posta, Whatsapp veya Telefon yoluyla iletiniz. Sat\u0131\u015f ekibimiz en k\u0131sa s\u00fcrede size d\u00f6necektir.&lt;hr&gt;&lt;p&gt;&lt;img src=&quot;\/image\/urun-olculeri\/cafe-masalari.png&quot; alt=&quot;Dikd\u00f6rtgen 80x120cm Rattan Masa \u00d6l\u00e7\u00fcler&quot; title=&quot;Dikd\u00f6rtgen 80x120cm Rattan Masa \u00d6l\u00e7\u00fcler&quot;&gt;&lt;\/p&gt;&lt;table class=&quot;table table-bordered&quot;&gt;&lt;tbody&gt;&lt;tr&gt;&lt;td&gt;Geni\u015flik&lt;\/td&gt;&lt;td&gt;80&lt;\/td&gt;&lt;td&gt;70&lt;\/td&gt;&lt;td&gt;80&lt;\/td&gt;&lt;\/tr&gt;&lt;tr&gt;&lt;td&gt;Ayak Geni\u015flik&lt;\/td&gt;&lt;td&gt;-&lt;\/td&gt;&lt;td&gt;-&lt;\/td&gt;&lt;td&gt;-&lt;\/td&gt;&lt;\/tr&gt;&lt;tr&gt;&lt;td&gt;Y\u00fckseklik&lt;\/td&gt;&lt;td&gt;75&lt;\/td&gt;&lt;td&gt;75&lt;br&gt;&lt;\/td&gt;&lt;td&gt;75&lt;br&gt;&lt;\/td&gt;&lt;\/tr&gt;&lt;tr&gt;&lt;td&gt;En&lt;\/td&gt;&lt;td&gt;140&lt;\/td&gt;&lt;td&gt;70&lt;\/td&gt;&lt;td&gt;70&lt;\/td&gt;&lt;\/tr&gt;&lt;\/tbody&gt;&lt;\/table&gt;&lt;br&gt;&lt;br&gt;<\/p>\n","protected":false},"featured_media":9639,"comment_status":"closed","ping_status":"open","template":"","meta":{"_joinchat":[]},"product_cat":[54,55,53],"product_tag":[],"class_list":{"0":"post-9638","1":"product","2":"type-product","3":"status-publish","4":"has-post-thumbnail","6":"product_cat-dis-mekan-masalar","7":"product_cat-rattan-masa","8":"product_cat-rattan-masalar","10":"first","11":"instock","12":"product-type-simple"},"_links":{"self":[{"href":"https:\/\/palmiyesusleme.com\/index.php\/wp-json\/wp\/v2\/product\/9638","targetHints":{"allow":["GET"]}}],"collection":[{"href":"https:\/\/palmiyesusleme.com\/index.php\/wp-json\/wp\/v2\/product"}],"about":[{"href":"https:\/\/palmiyesusleme.com\/index.php\/wp-json\/wp\/v2\/types\/product"}],"replies":[{"embeddable":true,"href":"https:\/\/palmiyesusleme.com\/index.php\/wp-json\/wp\/v2\/comments?post=9638"}],"wp:featuredmedia":[{"embeddable":true,"href":"https:\/\/palmiyesusleme.com\/index.php\/wp-json\/wp\/v2\/media\/9639"}],"wp:attachment":[{"href":"https:\/\/palmiyesusleme.com\/index.php\/wp-json\/wp\/v2\/media?parent=9638"}],"wp:term":[{"taxonomy":"product_cat","embeddable":true,"href":"https:\/\/palmiyesusleme.com\/index.php\/wp-json\/wp\/v2\/product_cat?post=9638"},{"taxonomy":"product_tag","embeddable":true,"href":"https:\/\/palmiyesusleme.com\/index.php\/wp-json\/wp\/v2\/product_tag?post=9638"}],"curies":[{"name":"wp","href":"https:\/\/api.w.org\/{rel}","templated":true}]}}