{"id":9670,"date":"2024-03-07T16:34:35","date_gmt":"2024-03-07T13:34:35","guid":{"rendered":"https:\/\/palmiyesusleme.com\/index.php\/urun\/orme-bahce-rattan-oturma-grubu-rtob852\/"},"modified":"2024-03-07T16:34:49","modified_gmt":"2024-03-07T13:34:49","slug":"orme-bahce-rattan-oturma-grubu-rtob852","status":"publish","type":"product","link":"https:\/\/palmiyesusleme.com\/index.php\/urun\/orme-bahce-rattan-oturma-grubu-rtob852\/","title":{"rendered":"\u00d6rme Bah\u00e7e Rattan Oturma Grubu rtob852"},"content":{"rendered":"<p>&lt;p&gt;Bah\u00e7e ve a\u00e7\u0131k alanlar\u0131n\u0131zda kullanaca\u011f\u0131n\u0131z&amp;nbsp; \u00fcr\u00fcn\u00fcm\u00fcz Rattan model olmas\u0131 ile kolay ta\u015f\u0131nmas\u0131, kolay temizlenmesi ile tercih edilmektedir. Kullan\u0131lan alanlara sadeli\u011fi ile \u015f\u0131kl\u0131k katacak bir tasar\u0131ma sahip olmas\u0131yla be\u011fenilen modelimiz stoklar\u0131nda yerini alm\u0131\u015f bulunmaktad\u0131r.&lt;\/p&gt;<\/p>\n","protected":false},"excerpt":{"rendered":"<p>&lt;p&gt;Bah\u00e7e ve a\u00e7\u0131k alanlar\u0131n\u0131zda kullanaca\u011f\u0131n\u0131z&amp;nbsp; \u00fcr\u00fcn\u00fcm\u00fcz Rattan model olmas\u0131 ile kolay ta\u015f\u0131nmas\u0131, kolay temizlenmesi ile tercih edilmektedir. Kullan\u0131lan alanlara sadeli\u011fi ile \u015f\u0131kl\u0131k katacak bir tasar\u0131ma sahip olmas\u0131yla be\u011fenilen modelimiz stoklar\u0131nda yerini alm\u0131\u015f bulunmaktad\u0131r.&lt;\/p&gt;<\/p>\n","protected":false},"featured_media":9671,"comment_status":"closed","ping_status":"open","template":"","meta":{"_joinchat":[]},"product_cat":[209],"product_tag":[],"class_list":{"0":"post-9670","1":"product","2":"type-product","3":"status-publish","4":"has-post-thumbnail","6":"product_cat-rattan-koltuklar","8":"first","9":"instock","10":"product-type-simple"},"_links":{"self":[{"href":"https:\/\/palmiyesusleme.com\/index.php\/wp-json\/wp\/v2\/product\/9670","targetHints":{"allow":["GET"]}}],"collection":[{"href":"https:\/\/palmiyesusleme.com\/index.php\/wp-json\/wp\/v2\/product"}],"about":[{"href":"https:\/\/palmiyesusleme.com\/index.php\/wp-json\/wp\/v2\/types\/product"}],"replies":[{"embeddable":true,"href":"https:\/\/palmiyesusleme.com\/index.php\/wp-json\/wp\/v2\/comments?post=9670"}],"wp:featuredmedia":[{"embeddable":true,"href":"https:\/\/palmiyesusleme.com\/index.php\/wp-json\/wp\/v2\/media\/9671"}],"wp:attachment":[{"href":"https:\/\/palmiyesusleme.com\/index.php\/wp-json\/wp\/v2\/media?parent=9670"}],"wp:term":[{"taxonomy":"product_cat","embeddable":true,"href":"https:\/\/palmiyesusleme.com\/index.php\/wp-json\/wp\/v2\/product_cat?post=9670"},{"taxonomy":"product_tag","embeddable":true,"href":"https:\/\/palmiyesusleme.com\/index.php\/wp-json\/wp\/v2\/product_tag?post=9670"}],"curies":[{"name":"wp","href":"https:\/\/api.w.org\/{rel}","templated":true}]}}