{"id":9672,"date":"2024-03-07T16:34:35","date_gmt":"2024-03-07T13:34:35","guid":{"rendered":"https:\/\/palmiyesusleme.com\/index.php\/urun\/gri-orme-rattan-bahce-grubu-rtob853\/"},"modified":"2024-03-07T16:34:49","modified_gmt":"2024-03-07T13:34:49","slug":"gri-orme-rattan-bahce-grubu-rtob853","status":"publish","type":"product","link":"https:\/\/palmiyesusleme.com\/index.php\/urun\/gri-orme-rattan-bahce-grubu-rtob853\/","title":{"rendered":"Gri  \u00d6rme Rattan Bah\u00e7e Grubu rtob853"},"content":{"rendered":"<p>&lt;p&gt;Gir \u00f6rme rattan bah\u00e7e grubu ile kar\u015f\u0131n\u0131zday\u0131z temizli\u011fi ve sa\u011flaml\u0131\u011f\u0131 ile dikkat \u00e7eken \u00fcr\u00fcn\u00fcm\u00fcz stoklarda yerini alm\u0131\u015f bulunmakta. Bah\u00e7e ve a\u00e7\u0131k alanlar\u0131n\u0131za tasar\u0131m\u0131 ile fark\u0131ndal\u0131k katacak \u00fcr\u00fcn\u00fcm\u00fcz m\u00fc\u015fterilerimiz taraf\u0131ndan ilgi oda\u011f\u0131 haline gelmi\u015ftir. \u015eehir hayat\u0131ndan uzakla\u015famayan m\u00fc\u015fterilerimiz i\u00e7in rattan \u00fcr\u00fcnlerimiz do\u011fa ile bulu\u015fturma \u00e7abas\u0131nda olmaktay\u0131z. \u0130stekleriniz bizim i\u00e7in memnuniyettir.&lt;\/p&gt;<\/p>\n","protected":false},"excerpt":{"rendered":"<p>&lt;p&gt;Gir \u00f6rme rattan bah\u00e7e grubu ile kar\u015f\u0131n\u0131zday\u0131z temizli\u011fi ve sa\u011flaml\u0131\u011f\u0131 ile dikkat \u00e7eken \u00fcr\u00fcn\u00fcm\u00fcz stoklarda yerini alm\u0131\u015f bulunmakta. Bah\u00e7e ve a\u00e7\u0131k alanlar\u0131n\u0131za tasar\u0131m\u0131 ile fark\u0131ndal\u0131k katacak \u00fcr\u00fcn\u00fcm\u00fcz m\u00fc\u015fterilerimiz taraf\u0131ndan ilgi oda\u011f\u0131 haline gelmi\u015ftir. \u015eehir hayat\u0131ndan uzakla\u015famayan m\u00fc\u015fterilerimiz i\u00e7in rattan \u00fcr\u00fcnlerimiz do\u011fa ile bulu\u015fturma \u00e7abas\u0131nda olmaktay\u0131z. \u0130stekleriniz bizim i\u00e7in memnuniyettir.&lt;\/p&gt;<\/p>\n","protected":false},"featured_media":9673,"comment_status":"closed","ping_status":"open","template":"","meta":{"_joinchat":[]},"product_cat":[209],"product_tag":[],"class_list":{"0":"post-9672","1":"product","2":"type-product","3":"status-publish","4":"has-post-thumbnail","6":"product_cat-rattan-koltuklar","8":"first","9":"instock","10":"product-type-simple"},"_links":{"self":[{"href":"https:\/\/palmiyesusleme.com\/index.php\/wp-json\/wp\/v2\/product\/9672","targetHints":{"allow":["GET"]}}],"collection":[{"href":"https:\/\/palmiyesusleme.com\/index.php\/wp-json\/wp\/v2\/product"}],"about":[{"href":"https:\/\/palmiyesusleme.com\/index.php\/wp-json\/wp\/v2\/types\/product"}],"replies":[{"embeddable":true,"href":"https:\/\/palmiyesusleme.com\/index.php\/wp-json\/wp\/v2\/comments?post=9672"}],"wp:featuredmedia":[{"embeddable":true,"href":"https:\/\/palmiyesusleme.com\/index.php\/wp-json\/wp\/v2\/media\/9673"}],"wp:attachment":[{"href":"https:\/\/palmiyesusleme.com\/index.php\/wp-json\/wp\/v2\/media?parent=9672"}],"wp:term":[{"taxonomy":"product_cat","embeddable":true,"href":"https:\/\/palmiyesusleme.com\/index.php\/wp-json\/wp\/v2\/product_cat?post=9672"},{"taxonomy":"product_tag","embeddable":true,"href":"https:\/\/palmiyesusleme.com\/index.php\/wp-json\/wp\/v2\/product_tag?post=9672"}],"curies":[{"name":"wp","href":"https:\/\/api.w.org\/{rel}","templated":true}]}}