{"id":9674,"date":"2024-03-07T16:34:35","date_gmt":"2024-03-07T13:34:35","guid":{"rendered":"https:\/\/palmiyesusleme.com\/index.php\/urun\/beyaz-orme-rattan-kose-koltuk-rtob856\/"},"modified":"2024-03-07T16:34:50","modified_gmt":"2024-03-07T13:34:50","slug":"beyaz-orme-rattan-kose-koltuk-rtob856","status":"publish","type":"product","link":"https:\/\/palmiyesusleme.com\/index.php\/urun\/beyaz-orme-rattan-kose-koltuk-rtob856\/","title":{"rendered":"Beyaz \u00d6rme Rattan K\u00f6\u015fe Koltuk rtob856"},"content":{"rendered":"<p>&lt;p&gt;Beyaz \u00d6rme Rattan K\u00f6\u015fe Koltuk Temizli\u011fi ve \u015f\u0131kl\u0131\u011f\u0131 ile dikkat \u00e7eken&amp;nbsp; \u00fcr\u00fcn\u00fcm\u00fcz stoklarda yerini alm\u0131\u015f bulunmaktad\u0131r. Bah\u00e7e ve a\u00e7\u0131k alanlarda kullan\u0131lan modelimiz Rahatl\u0131\u011f\u0131 ile t\u00fcm be\u011feniyi \u00fczerinde toplam\u0131\u015ft\u0131r.&lt;br&gt;&lt;\/p&gt;<\/p>\n","protected":false},"excerpt":{"rendered":"<p>&lt;p&gt;Beyaz \u00d6rme Rattan K\u00f6\u015fe Koltuk Temizli\u011fi ve \u015f\u0131kl\u0131\u011f\u0131 ile dikkat \u00e7eken&amp;nbsp; \u00fcr\u00fcn\u00fcm\u00fcz stoklarda yerini alm\u0131\u015f bulunmaktad\u0131r. Bah\u00e7e ve a\u00e7\u0131k alanlarda kullan\u0131lan modelimiz Rahatl\u0131\u011f\u0131 ile t\u00fcm be\u011feniyi \u00fczerinde toplam\u0131\u015ft\u0131r.&lt;br&gt;&lt;\/p&gt;<\/p>\n","protected":false},"featured_media":9675,"comment_status":"closed","ping_status":"open","template":"","meta":{"_joinchat":[]},"product_cat":[209],"product_tag":[],"class_list":{"0":"post-9674","1":"product","2":"type-product","3":"status-publish","4":"has-post-thumbnail","6":"product_cat-rattan-koltuklar","8":"first","9":"instock","10":"product-type-simple"},"_links":{"self":[{"href":"https:\/\/palmiyesusleme.com\/index.php\/wp-json\/wp\/v2\/product\/9674","targetHints":{"allow":["GET"]}}],"collection":[{"href":"https:\/\/palmiyesusleme.com\/index.php\/wp-json\/wp\/v2\/product"}],"about":[{"href":"https:\/\/palmiyesusleme.com\/index.php\/wp-json\/wp\/v2\/types\/product"}],"replies":[{"embeddable":true,"href":"https:\/\/palmiyesusleme.com\/index.php\/wp-json\/wp\/v2\/comments?post=9674"}],"wp:featuredmedia":[{"embeddable":true,"href":"https:\/\/palmiyesusleme.com\/index.php\/wp-json\/wp\/v2\/media\/9675"}],"wp:attachment":[{"href":"https:\/\/palmiyesusleme.com\/index.php\/wp-json\/wp\/v2\/media?parent=9674"}],"wp:term":[{"taxonomy":"product_cat","embeddable":true,"href":"https:\/\/palmiyesusleme.com\/index.php\/wp-json\/wp\/v2\/product_cat?post=9674"},{"taxonomy":"product_tag","embeddable":true,"href":"https:\/\/palmiyesusleme.com\/index.php\/wp-json\/wp\/v2\/product_tag?post=9674"}],"curies":[{"name":"wp","href":"https:\/\/api.w.org\/{rel}","templated":true}]}}