{"id":9676,"date":"2024-03-07T16:34:35","date_gmt":"2024-03-07T13:34:35","guid":{"rendered":"https:\/\/palmiyesusleme.com\/index.php\/urun\/siyah-orme-beyaz-minderli-kose-koltuk-rtob857\/"},"modified":"2024-03-07T16:34:51","modified_gmt":"2024-03-07T13:34:51","slug":"siyah-orme-beyaz-minderli-kose-koltuk-rtob857","status":"publish","type":"product","link":"https:\/\/palmiyesusleme.com\/index.php\/urun\/siyah-orme-beyaz-minderli-kose-koltuk-rtob857\/","title":{"rendered":"Siyah \u00d6rme Beyaz Minderli K\u00f6\u015fe Koltuk rtob857"},"content":{"rendered":"<p>&lt;p&gt;Siyah \u00d6rme Beyaz Minderli K\u00f6\u015fe Koltuk Bah\u00e7e ve a\u00e7\u0131k alanlar\u0131n\u0131z i\u00e7in kullan\u0131ma uygun temizli\u011fi kolay \u00fcr\u00fcn\u00fcm\u00fcz tasar\u0131m\u0131 ile kullan\u0131lan her mekana farkl\u0131 bir hava katacakt\u0131r. Be\u011fenilen \u00fcr\u00fcn\u00fcm\u00fcz stoklarda yerini alm\u0131\u015f bulunmaktad\u0131r.&lt;br&gt;&lt;\/p&gt;<\/p>\n","protected":false},"excerpt":{"rendered":"<p>&lt;p&gt;Siyah \u00d6rme Beyaz Minderli K\u00f6\u015fe Koltuk Bah\u00e7e ve a\u00e7\u0131k alanlar\u0131n\u0131z i\u00e7in kullan\u0131ma uygun temizli\u011fi kolay \u00fcr\u00fcn\u00fcm\u00fcz tasar\u0131m\u0131 ile kullan\u0131lan her mekana farkl\u0131 bir hava katacakt\u0131r. Be\u011fenilen \u00fcr\u00fcn\u00fcm\u00fcz stoklarda yerini alm\u0131\u015f bulunmaktad\u0131r.&lt;br&gt;&lt;\/p&gt;<\/p>\n","protected":false},"featured_media":9677,"comment_status":"closed","ping_status":"open","template":"","meta":{"_joinchat":[]},"product_cat":[209],"product_tag":[],"class_list":{"0":"post-9676","1":"product","2":"type-product","3":"status-publish","4":"has-post-thumbnail","6":"product_cat-rattan-koltuklar","8":"first","9":"instock","10":"product-type-simple"},"_links":{"self":[{"href":"https:\/\/palmiyesusleme.com\/index.php\/wp-json\/wp\/v2\/product\/9676","targetHints":{"allow":["GET"]}}],"collection":[{"href":"https:\/\/palmiyesusleme.com\/index.php\/wp-json\/wp\/v2\/product"}],"about":[{"href":"https:\/\/palmiyesusleme.com\/index.php\/wp-json\/wp\/v2\/types\/product"}],"replies":[{"embeddable":true,"href":"https:\/\/palmiyesusleme.com\/index.php\/wp-json\/wp\/v2\/comments?post=9676"}],"wp:featuredmedia":[{"embeddable":true,"href":"https:\/\/palmiyesusleme.com\/index.php\/wp-json\/wp\/v2\/media\/9677"}],"wp:attachment":[{"href":"https:\/\/palmiyesusleme.com\/index.php\/wp-json\/wp\/v2\/media?parent=9676"}],"wp:term":[{"taxonomy":"product_cat","embeddable":true,"href":"https:\/\/palmiyesusleme.com\/index.php\/wp-json\/wp\/v2\/product_cat?post=9676"},{"taxonomy":"product_tag","embeddable":true,"href":"https:\/\/palmiyesusleme.com\/index.php\/wp-json\/wp\/v2\/product_tag?post=9676"}],"curies":[{"name":"wp","href":"https:\/\/api.w.org\/{rel}","templated":true}]}}