{"id":9678,"date":"2024-03-07T16:34:53","date_gmt":"2024-03-07T13:34:53","guid":{"rendered":"https:\/\/palmiyesusleme.com\/index.php\/urun\/kollu-kahve-orme-rattan-sehpa-takimi-rtob858\/"},"modified":"2024-03-07T16:34:53","modified_gmt":"2024-03-07T13:34:53","slug":"kollu-kahve-orme-rattan-sehpa-takimi-rtob858","status":"publish","type":"product","link":"https:\/\/palmiyesusleme.com\/index.php\/urun\/kollu-kahve-orme-rattan-sehpa-takimi-rtob858\/","title":{"rendered":"Kollu Kahve \u00d6rme Rattan Sehpa Tak\u0131m\u0131 rtob858"},"content":{"rendered":"<p>&lt;p&gt;Kollu Kahve \u00d6rme Rattan Sehpa Tak\u0131m\u0131&amp;nbsp; a\u00e7\u0131k alan ve bah\u00e7e tarz\u0131 mekanlar\u0131n\u0131zda kolay kullan\u0131m ve kolay temizlik sa\u011flayan \u00fcr\u00fcn\u00fcm\u00fcz ile kar\u015f\u0131n\u0131zday\u0131z, Kullan\u0131lan her mekana farkl\u0131 bir hava katan \u00fcr\u00fcn\u00fcm\u00fcz tekrar stoklar\u0131m\u0131zda yerini alm\u0131\u015f bulunmaktad\u0131r.&lt;br&gt;&lt;\/p&gt;<\/p>\n","protected":false},"excerpt":{"rendered":"<p>&lt;p&gt;Kollu Kahve \u00d6rme Rattan Sehpa Tak\u0131m\u0131&amp;nbsp; a\u00e7\u0131k alan ve bah\u00e7e tarz\u0131 mekanlar\u0131n\u0131zda kolay kullan\u0131m ve kolay temizlik sa\u011flayan \u00fcr\u00fcn\u00fcm\u00fcz ile kar\u015f\u0131n\u0131zday\u0131z, Kullan\u0131lan her mekana farkl\u0131 bir hava katan \u00fcr\u00fcn\u00fcm\u00fcz tekrar stoklar\u0131m\u0131zda yerini alm\u0131\u015f bulunmaktad\u0131r.&lt;br&gt;&lt;\/p&gt;<\/p>\n","protected":false},"featured_media":9679,"comment_status":"closed","ping_status":"open","template":"","meta":{"_joinchat":[]},"product_cat":[209],"product_tag":[],"class_list":{"0":"post-9678","1":"product","2":"type-product","3":"status-publish","4":"has-post-thumbnail","6":"product_cat-rattan-koltuklar","8":"first","9":"instock","10":"product-type-simple"},"_links":{"self":[{"href":"https:\/\/palmiyesusleme.com\/index.php\/wp-json\/wp\/v2\/product\/9678","targetHints":{"allow":["GET"]}}],"collection":[{"href":"https:\/\/palmiyesusleme.com\/index.php\/wp-json\/wp\/v2\/product"}],"about":[{"href":"https:\/\/palmiyesusleme.com\/index.php\/wp-json\/wp\/v2\/types\/product"}],"replies":[{"embeddable":true,"href":"https:\/\/palmiyesusleme.com\/index.php\/wp-json\/wp\/v2\/comments?post=9678"}],"wp:featuredmedia":[{"embeddable":true,"href":"https:\/\/palmiyesusleme.com\/index.php\/wp-json\/wp\/v2\/media\/9679"}],"wp:attachment":[{"href":"https:\/\/palmiyesusleme.com\/index.php\/wp-json\/wp\/v2\/media?parent=9678"}],"wp:term":[{"taxonomy":"product_cat","embeddable":true,"href":"https:\/\/palmiyesusleme.com\/index.php\/wp-json\/wp\/v2\/product_cat?post=9678"},{"taxonomy":"product_tag","embeddable":true,"href":"https:\/\/palmiyesusleme.com\/index.php\/wp-json\/wp\/v2\/product_tag?post=9678"}],"curies":[{"name":"wp","href":"https:\/\/api.w.org\/{rel}","templated":true}]}}