{"id":9712,"date":"2024-03-07T16:34:53","date_gmt":"2024-03-07T13:34:53","guid":{"rendered":"https:\/\/palmiyesusleme.com\/index.php\/urun\/siyah-rattan-orme-sandalye-rtt02\/"},"modified":"2024-03-07T16:35:07","modified_gmt":"2024-03-07T13:35:07","slug":"siyah-rattan-orme-sandalye-rtt02","status":"publish","type":"product","link":"https:\/\/palmiyesusleme.com\/index.php\/urun\/siyah-rattan-orme-sandalye-rtt02\/","title":{"rendered":"Siyah Rattan \u00d6rme Sandalye rtt02"},"content":{"rendered":"<p>&lt;p&gt;Siyah Rattan \u00d6rme Sandalye&amp;nbsp; kullan\u0131lan her mekana farkl\u0131 bir hava katmakla beraber temizli\u011fi, kolay ta\u015f\u0131nmas\u0131 ve istiflenmesi gibi avantajlar sayesinde bah\u00e7e ve a\u00e7\u0131k alanlarda kullan\u0131ma uygunlu\u011fu sayesinde tercih edilmektedir.&lt;br&gt;&lt;\/p&gt;<\/p>\n","protected":false},"excerpt":{"rendered":"<p>&lt;p&gt;Siyah Rattan \u00d6rme Sandalye&amp;nbsp; kullan\u0131lan her mekana farkl\u0131 bir hava katmakla beraber temizli\u011fi, kolay ta\u015f\u0131nmas\u0131 ve istiflenmesi gibi avantajlar sayesinde bah\u00e7e ve a\u00e7\u0131k alanlarda kullan\u0131ma uygunlu\u011fu sayesinde tercih edilmektedir.&lt;br&gt;&lt;\/p&gt;<\/p>\n","protected":false},"featured_media":9713,"comment_status":"closed","ping_status":"open","template":"","meta":{"_joinchat":[]},"product_cat":[19],"product_tag":[],"class_list":{"0":"post-9712","1":"product","2":"type-product","3":"status-publish","4":"has-post-thumbnail","6":"product_cat-rattan-sandalyeler","8":"first","9":"instock","10":"product-type-simple"},"_links":{"self":[{"href":"https:\/\/palmiyesusleme.com\/index.php\/wp-json\/wp\/v2\/product\/9712","targetHints":{"allow":["GET"]}}],"collection":[{"href":"https:\/\/palmiyesusleme.com\/index.php\/wp-json\/wp\/v2\/product"}],"about":[{"href":"https:\/\/palmiyesusleme.com\/index.php\/wp-json\/wp\/v2\/types\/product"}],"replies":[{"embeddable":true,"href":"https:\/\/palmiyesusleme.com\/index.php\/wp-json\/wp\/v2\/comments?post=9712"}],"wp:featuredmedia":[{"embeddable":true,"href":"https:\/\/palmiyesusleme.com\/index.php\/wp-json\/wp\/v2\/media\/9713"}],"wp:attachment":[{"href":"https:\/\/palmiyesusleme.com\/index.php\/wp-json\/wp\/v2\/media?parent=9712"}],"wp:term":[{"taxonomy":"product_cat","embeddable":true,"href":"https:\/\/palmiyesusleme.com\/index.php\/wp-json\/wp\/v2\/product_cat?post=9712"},{"taxonomy":"product_tag","embeddable":true,"href":"https:\/\/palmiyesusleme.com\/index.php\/wp-json\/wp\/v2\/product_tag?post=9712"}],"curies":[{"name":"wp","href":"https:\/\/api.w.org\/{rel}","templated":true}]}}