{"id":9716,"date":"2024-03-07T16:34:53","date_gmt":"2024-03-07T13:34:53","guid":{"rendered":"https:\/\/palmiyesusleme.com\/index.php\/urun\/beyaz-rattan-orme-kollu-sandalye-rtt04\/"},"modified":"2024-03-07T16:35:08","modified_gmt":"2024-03-07T13:35:08","slug":"beyaz-rattan-orme-kollu-sandalye-rtt04","status":"publish","type":"product","link":"https:\/\/palmiyesusleme.com\/index.php\/urun\/beyaz-rattan-orme-kollu-sandalye-rtt04\/","title":{"rendered":"Beyaz Rattan \u00d6rme Kollu Sandalye rtt04"},"content":{"rendered":"<p>&lt;p&gt;Beyaz Rattan \u00d6rme Kollu Sandalye&amp;nbsp;bah\u00e7e ve a\u00e7\u0131k alanlarda kullan\u0131ma uygun olmas\u0131 sebebiyle tercih edilen modelimiz kolay ta\u015f\u0131nmas\u0131 ve kolay temizlenmesi gibi avantajlar\u0131 sayesinde de tercih edilen modellerden olmu\u015ftur.&lt;br&gt;&lt;\/p&gt;<\/p>\n","protected":false},"excerpt":{"rendered":"<p>&lt;p&gt;Beyaz Rattan \u00d6rme Kollu Sandalye&amp;nbsp;bah\u00e7e ve a\u00e7\u0131k alanlarda kullan\u0131ma uygun olmas\u0131 sebebiyle tercih edilen modelimiz kolay ta\u015f\u0131nmas\u0131 ve kolay temizlenmesi gibi avantajlar\u0131 sayesinde de tercih edilen modellerden olmu\u015ftur.&lt;br&gt;&lt;\/p&gt;<\/p>\n","protected":false},"featured_media":9717,"comment_status":"closed","ping_status":"open","template":"","meta":{"_joinchat":[]},"product_cat":[48,21,19],"product_tag":[],"class_list":{"0":"post-9716","1":"product","2":"type-product","3":"status-publish","4":"has-post-thumbnail","6":"product_cat-bahce-sandalyeleri","7":"product_cat-rattan-enjeksiyon-sandalye","8":"product_cat-rattan-sandalyeler","10":"first","11":"instock","12":"product-type-simple"},"_links":{"self":[{"href":"https:\/\/palmiyesusleme.com\/index.php\/wp-json\/wp\/v2\/product\/9716","targetHints":{"allow":["GET"]}}],"collection":[{"href":"https:\/\/palmiyesusleme.com\/index.php\/wp-json\/wp\/v2\/product"}],"about":[{"href":"https:\/\/palmiyesusleme.com\/index.php\/wp-json\/wp\/v2\/types\/product"}],"replies":[{"embeddable":true,"href":"https:\/\/palmiyesusleme.com\/index.php\/wp-json\/wp\/v2\/comments?post=9716"}],"wp:featuredmedia":[{"embeddable":true,"href":"https:\/\/palmiyesusleme.com\/index.php\/wp-json\/wp\/v2\/media\/9717"}],"wp:attachment":[{"href":"https:\/\/palmiyesusleme.com\/index.php\/wp-json\/wp\/v2\/media?parent=9716"}],"wp:term":[{"taxonomy":"product_cat","embeddable":true,"href":"https:\/\/palmiyesusleme.com\/index.php\/wp-json\/wp\/v2\/product_cat?post=9716"},{"taxonomy":"product_tag","embeddable":true,"href":"https:\/\/palmiyesusleme.com\/index.php\/wp-json\/wp\/v2\/product_tag?post=9716"}],"curies":[{"name":"wp","href":"https:\/\/api.w.org\/{rel}","templated":true}]}}