{"id":9718,"date":"2024-03-07T16:35:11","date_gmt":"2024-03-07T13:35:11","guid":{"rendered":"https:\/\/palmiyesusleme.com\/index.php\/urun\/ahsap-kollu-rattan-orme-sandalye-rtt05\/"},"modified":"2024-03-07T16:35:11","modified_gmt":"2024-03-07T13:35:11","slug":"ahsap-kollu-rattan-orme-sandalye-rtt05","status":"publish","type":"product","link":"https:\/\/palmiyesusleme.com\/index.php\/urun\/ahsap-kollu-rattan-orme-sandalye-rtt05\/","title":{"rendered":"Ah\u015fap Kollu Rattan \u00d6rme Sandalye rtt05"},"content":{"rendered":"<p>&lt;p&gt;Ah\u015fap Kollu Rattan \u00d6rme Sandalye&amp;nbsp; bah\u00e7e ve a\u00e7\u0131k alanlarda kullan\u0131ma uygunluk ve kendince olu\u015fan avantajlar\u0131 sayesinde kolay silinmesi, kolay ta\u015f\u0131nmas\u0131 ve kolayca istiflenmesi gibi avantajlar\u0131 sayesinde m\u00fc\u015fterilerimiz taraf\u0131ndan \u00e7ok\u00e7a be\u011fenilen ve tercih edilen \u00fcr\u00fcn\u00fcm\u00fcz stoklarda yerini alm\u0131\u015f bulunmaktad\u0131r.&amp;nbsp;&lt;br&gt;&lt;\/p&gt;<\/p>\n","protected":false},"excerpt":{"rendered":"<p>&lt;p&gt;Ah\u015fap Kollu Rattan \u00d6rme Sandalye&amp;nbsp; bah\u00e7e ve a\u00e7\u0131k alanlarda kullan\u0131ma uygunluk ve kendince olu\u015fan avantajlar\u0131 sayesinde kolay silinmesi, kolay ta\u015f\u0131nmas\u0131 ve kolayca istiflenmesi gibi avantajlar\u0131 sayesinde m\u00fc\u015fterilerimiz taraf\u0131ndan \u00e7ok\u00e7a be\u011fenilen ve tercih edilen \u00fcr\u00fcn\u00fcm\u00fcz stoklarda yerini alm\u0131\u015f bulunmaktad\u0131r.&amp;nbsp;&lt;br&gt;&lt;\/p&gt;<\/p>\n","protected":false},"featured_media":9719,"comment_status":"closed","ping_status":"open","template":"","meta":{"_joinchat":[]},"product_cat":[21,19],"product_tag":[],"class_list":{"0":"post-9718","1":"product","2":"type-product","3":"status-publish","4":"has-post-thumbnail","6":"product_cat-rattan-enjeksiyon-sandalye","7":"product_cat-rattan-sandalyeler","9":"first","10":"instock","11":"product-type-simple"},"_links":{"self":[{"href":"https:\/\/palmiyesusleme.com\/index.php\/wp-json\/wp\/v2\/product\/9718","targetHints":{"allow":["GET"]}}],"collection":[{"href":"https:\/\/palmiyesusleme.com\/index.php\/wp-json\/wp\/v2\/product"}],"about":[{"href":"https:\/\/palmiyesusleme.com\/index.php\/wp-json\/wp\/v2\/types\/product"}],"replies":[{"embeddable":true,"href":"https:\/\/palmiyesusleme.com\/index.php\/wp-json\/wp\/v2\/comments?post=9718"}],"wp:featuredmedia":[{"embeddable":true,"href":"https:\/\/palmiyesusleme.com\/index.php\/wp-json\/wp\/v2\/media\/9719"}],"wp:attachment":[{"href":"https:\/\/palmiyesusleme.com\/index.php\/wp-json\/wp\/v2\/media?parent=9718"}],"wp:term":[{"taxonomy":"product_cat","embeddable":true,"href":"https:\/\/palmiyesusleme.com\/index.php\/wp-json\/wp\/v2\/product_cat?post=9718"},{"taxonomy":"product_tag","embeddable":true,"href":"https:\/\/palmiyesusleme.com\/index.php\/wp-json\/wp\/v2\/product_tag?post=9718"}],"curies":[{"name":"wp","href":"https:\/\/api.w.org\/{rel}","templated":true}]}}