{"id":9724,"date":"2024-03-07T16:35:11","date_gmt":"2024-03-07T13:35:11","guid":{"rendered":"https:\/\/palmiyesusleme.com\/index.php\/urun\/rattan-ormeli-kollu-enjeksiyon-sandalye-rtt08\/"},"modified":"2024-03-07T16:35:12","modified_gmt":"2024-03-07T13:35:12","slug":"rattan-ormeli-kollu-enjeksiyon-sandalye-rtt08","status":"publish","type":"product","link":"https:\/\/palmiyesusleme.com\/index.php\/urun\/rattan-ormeli-kollu-enjeksiyon-sandalye-rtt08\/","title":{"rendered":"Rattan \u00d6rmeli Kollu Enjeksiyon Sandalye rtt08"},"content":{"rendered":"<p>&lt;p&gt;&amp;nbsp;Rattan \u00d6rmeli Kollu Enjeksiyon Sandalye Bah\u00e7e ve a\u00e7\u0131k alanlarda kullan\u0131ma uygun olmakla beraber avantajlar\u0131 sayesinde fazlaca ra\u011fbet g\u00f6ren \u00fcr\u00fcn\u00fcm\u00fcz yeniden stoklarda yerini alm\u0131\u015f bulunmaktad\u0131r.&lt;\/p&gt;<\/p>\n","protected":false},"excerpt":{"rendered":"<p>&lt;p&gt;&amp;nbsp;Rattan \u00d6rmeli Kollu Enjeksiyon Sandalye Bah\u00e7e ve a\u00e7\u0131k alanlarda kullan\u0131ma uygun olmakla beraber avantajlar\u0131 sayesinde fazlaca ra\u011fbet g\u00f6ren \u00fcr\u00fcn\u00fcm\u00fcz yeniden stoklarda yerini alm\u0131\u015f bulunmaktad\u0131r.&lt;\/p&gt;<\/p>\n","protected":false},"featured_media":9725,"comment_status":"closed","ping_status":"open","template":"","meta":{"_joinchat":[]},"product_cat":[48,21,19],"product_tag":[],"class_list":{"0":"post-9724","1":"product","2":"type-product","3":"status-publish","4":"has-post-thumbnail","6":"product_cat-bahce-sandalyeleri","7":"product_cat-rattan-enjeksiyon-sandalye","8":"product_cat-rattan-sandalyeler","10":"first","11":"instock","12":"product-type-simple"},"_links":{"self":[{"href":"https:\/\/palmiyesusleme.com\/index.php\/wp-json\/wp\/v2\/product\/9724","targetHints":{"allow":["GET"]}}],"collection":[{"href":"https:\/\/palmiyesusleme.com\/index.php\/wp-json\/wp\/v2\/product"}],"about":[{"href":"https:\/\/palmiyesusleme.com\/index.php\/wp-json\/wp\/v2\/types\/product"}],"replies":[{"embeddable":true,"href":"https:\/\/palmiyesusleme.com\/index.php\/wp-json\/wp\/v2\/comments?post=9724"}],"wp:featuredmedia":[{"embeddable":true,"href":"https:\/\/palmiyesusleme.com\/index.php\/wp-json\/wp\/v2\/media\/9725"}],"wp:attachment":[{"href":"https:\/\/palmiyesusleme.com\/index.php\/wp-json\/wp\/v2\/media?parent=9724"}],"wp:term":[{"taxonomy":"product_cat","embeddable":true,"href":"https:\/\/palmiyesusleme.com\/index.php\/wp-json\/wp\/v2\/product_cat?post=9724"},{"taxonomy":"product_tag","embeddable":true,"href":"https:\/\/palmiyesusleme.com\/index.php\/wp-json\/wp\/v2\/product_tag?post=9724"}],"curies":[{"name":"wp","href":"https:\/\/api.w.org\/{rel}","templated":true}]}}