{"id":9726,"date":"2024-03-07T16:35:11","date_gmt":"2024-03-07T13:35:11","guid":{"rendered":"https:\/\/palmiyesusleme.com\/index.php\/urun\/rattan-enjeksiyon-desenli-sandalye-rtt09\/"},"modified":"2024-03-07T16:35:13","modified_gmt":"2024-03-07T13:35:13","slug":"rattan-enjeksiyon-desenli-sandalye-rtt09","status":"publish","type":"product","link":"https:\/\/palmiyesusleme.com\/index.php\/urun\/rattan-enjeksiyon-desenli-sandalye-rtt09\/","title":{"rendered":"Rattan Enjeksiyon Desenli Sandalye rtt09"},"content":{"rendered":"<p>&lt;p&gt;Rattan Enjeksiyon Desenli Sandalye&amp;nbsp; \u00f6rme yerine desen tasar\u0131m\u0131 ile dikkat \u00e7eken \u00fcr\u00fcn\u00fcm\u00fcz stoklarda m\u00fc\u015fterilerimizin be\u011fenisine sunulmaktad\u0131r.&lt;br&gt;&lt;\/p&gt;<\/p>\n","protected":false},"excerpt":{"rendered":"<p>&lt;p&gt;Rattan Enjeksiyon Desenli Sandalye&amp;nbsp; \u00f6rme yerine desen tasar\u0131m\u0131 ile dikkat \u00e7eken \u00fcr\u00fcn\u00fcm\u00fcz stoklarda m\u00fc\u015fterilerimizin be\u011fenisine sunulmaktad\u0131r.&lt;br&gt;&lt;\/p&gt;<\/p>\n","protected":false},"featured_media":9727,"comment_status":"closed","ping_status":"open","template":"","meta":{"_joinchat":[]},"product_cat":[207,20,21,19],"product_tag":[],"class_list":{"0":"post-9726","1":"product","2":"type-product","3":"status-publish","4":"has-post-thumbnail","6":"product_cat-bahce-rattan-kollu-sandalye","7":"product_cat-bahce-rattan-sandalyeleri","8":"product_cat-rattan-enjeksiyon-sandalye","9":"product_cat-rattan-sandalyeler","11":"first","12":"instock","13":"product-type-simple"},"_links":{"self":[{"href":"https:\/\/palmiyesusleme.com\/index.php\/wp-json\/wp\/v2\/product\/9726","targetHints":{"allow":["GET"]}}],"collection":[{"href":"https:\/\/palmiyesusleme.com\/index.php\/wp-json\/wp\/v2\/product"}],"about":[{"href":"https:\/\/palmiyesusleme.com\/index.php\/wp-json\/wp\/v2\/types\/product"}],"replies":[{"embeddable":true,"href":"https:\/\/palmiyesusleme.com\/index.php\/wp-json\/wp\/v2\/comments?post=9726"}],"wp:featuredmedia":[{"embeddable":true,"href":"https:\/\/palmiyesusleme.com\/index.php\/wp-json\/wp\/v2\/media\/9727"}],"wp:attachment":[{"href":"https:\/\/palmiyesusleme.com\/index.php\/wp-json\/wp\/v2\/media?parent=9726"}],"wp:term":[{"taxonomy":"product_cat","embeddable":true,"href":"https:\/\/palmiyesusleme.com\/index.php\/wp-json\/wp\/v2\/product_cat?post=9726"},{"taxonomy":"product_tag","embeddable":true,"href":"https:\/\/palmiyesusleme.com\/index.php\/wp-json\/wp\/v2\/product_tag?post=9726"}],"curies":[{"name":"wp","href":"https:\/\/api.w.org\/{rel}","templated":true}]}}