{"id":9728,"date":"2024-03-07T16:35:11","date_gmt":"2024-03-07T13:35:11","guid":{"rendered":"https:\/\/palmiyesusleme.com\/index.php\/urun\/kollu-orme-rattan-enjeksiyon-sandalye-rtt10\/"},"modified":"2024-03-07T16:35:13","modified_gmt":"2024-03-07T13:35:13","slug":"kollu-orme-rattan-enjeksiyon-sandalye-rtt10","status":"publish","type":"product","link":"https:\/\/palmiyesusleme.com\/index.php\/urun\/kollu-orme-rattan-enjeksiyon-sandalye-rtt10\/","title":{"rendered":"Kollu \u00d6rme Rattan enjeksiyon sandalye rtt10"},"content":{"rendered":"<p>&lt;p&gt;Kollu \u00d6rme Rattan enjeksiyon sandalye konforu ve rahatl\u0131k konusunda ki avantajlar\u0131 nedeniyle \u00e7ok fazla tercih edilmektedir. Kol k\u0131sm\u0131ndaki ah\u015fap par\u00e7a sayesinde ise rahatl\u0131k artmaktad\u0131r. \u00dcr\u00fcn\u00fcm\u00fcz stoklarda yerini alm\u0131\u015f bulunmaktad\u0131r.&lt;br&gt;&lt;\/p&gt;<\/p>\n","protected":false},"excerpt":{"rendered":"<p>&lt;p&gt;Kollu \u00d6rme Rattan enjeksiyon sandalye konforu ve rahatl\u0131k konusunda ki avantajlar\u0131 nedeniyle \u00e7ok fazla tercih edilmektedir. Kol k\u0131sm\u0131ndaki ah\u015fap par\u00e7a sayesinde ise rahatl\u0131k artmaktad\u0131r. \u00dcr\u00fcn\u00fcm\u00fcz stoklarda yerini alm\u0131\u015f bulunmaktad\u0131r.&lt;br&gt;&lt;\/p&gt;<\/p>\n","protected":false},"featured_media":9729,"comment_status":"closed","ping_status":"open","template":"","meta":{"_joinchat":[]},"product_cat":[48,21,19],"product_tag":[],"class_list":{"0":"post-9728","1":"product","2":"type-product","3":"status-publish","4":"has-post-thumbnail","6":"product_cat-bahce-sandalyeleri","7":"product_cat-rattan-enjeksiyon-sandalye","8":"product_cat-rattan-sandalyeler","10":"first","11":"instock","12":"product-type-simple"},"_links":{"self":[{"href":"https:\/\/palmiyesusleme.com\/index.php\/wp-json\/wp\/v2\/product\/9728","targetHints":{"allow":["GET"]}}],"collection":[{"href":"https:\/\/palmiyesusleme.com\/index.php\/wp-json\/wp\/v2\/product"}],"about":[{"href":"https:\/\/palmiyesusleme.com\/index.php\/wp-json\/wp\/v2\/types\/product"}],"replies":[{"embeddable":true,"href":"https:\/\/palmiyesusleme.com\/index.php\/wp-json\/wp\/v2\/comments?post=9728"}],"wp:featuredmedia":[{"embeddable":true,"href":"https:\/\/palmiyesusleme.com\/index.php\/wp-json\/wp\/v2\/media\/9729"}],"wp:attachment":[{"href":"https:\/\/palmiyesusleme.com\/index.php\/wp-json\/wp\/v2\/media?parent=9728"}],"wp:term":[{"taxonomy":"product_cat","embeddable":true,"href":"https:\/\/palmiyesusleme.com\/index.php\/wp-json\/wp\/v2\/product_cat?post=9728"},{"taxonomy":"product_tag","embeddable":true,"href":"https:\/\/palmiyesusleme.com\/index.php\/wp-json\/wp\/v2\/product_tag?post=9728"}],"curies":[{"name":"wp","href":"https:\/\/api.w.org\/{rel}","templated":true}]}}