{"id":9730,"date":"2024-03-07T16:35:11","date_gmt":"2024-03-07T13:35:11","guid":{"rendered":"https:\/\/palmiyesusleme.com\/index.php\/urun\/bambu-kollu-rattan-ormeli-sandalye-rtt11\/"},"modified":"2024-03-07T16:35:14","modified_gmt":"2024-03-07T13:35:14","slug":"bambu-kollu-rattan-ormeli-sandalye-rtt11","status":"publish","type":"product","link":"https:\/\/palmiyesusleme.com\/index.php\/urun\/bambu-kollu-rattan-ormeli-sandalye-rtt11\/","title":{"rendered":"Bambu Kollu Rattan \u00d6rmeli Sandalye rtt11"},"content":{"rendered":"<p>&lt;p&gt;Bambu Kollu Rattan \u00d6rmeli Sandalye \u00c7ok tercih edilen ayr\u0131ca kolay temizlenmesi kolay ta\u015f\u0131n\u0131p, istiflenmesi gibi avantajlar\u0131 sayesinde m\u00fc\u015fterilerimiz taraf\u0131ndan \u00e7ok\u00e7a ra\u011fbet g\u00f6rmektedir.&lt;br&gt;&lt;\/p&gt;<\/p>\n","protected":false},"excerpt":{"rendered":"<p>&lt;p&gt;Bambu Kollu Rattan \u00d6rmeli Sandalye \u00c7ok tercih edilen ayr\u0131ca kolay temizlenmesi kolay ta\u015f\u0131n\u0131p, istiflenmesi gibi avantajlar\u0131 sayesinde m\u00fc\u015fterilerimiz taraf\u0131ndan \u00e7ok\u00e7a ra\u011fbet g\u00f6rmektedir.&lt;br&gt;&lt;\/p&gt;<\/p>\n","protected":false},"featured_media":9731,"comment_status":"closed","ping_status":"open","template":"","meta":{"_joinchat":[]},"product_cat":[48,21,19],"product_tag":[],"class_list":{"0":"post-9730","1":"product","2":"type-product","3":"status-publish","4":"has-post-thumbnail","6":"product_cat-bahce-sandalyeleri","7":"product_cat-rattan-enjeksiyon-sandalye","8":"product_cat-rattan-sandalyeler","10":"first","11":"instock","12":"product-type-simple"},"_links":{"self":[{"href":"https:\/\/palmiyesusleme.com\/index.php\/wp-json\/wp\/v2\/product\/9730","targetHints":{"allow":["GET"]}}],"collection":[{"href":"https:\/\/palmiyesusleme.com\/index.php\/wp-json\/wp\/v2\/product"}],"about":[{"href":"https:\/\/palmiyesusleme.com\/index.php\/wp-json\/wp\/v2\/types\/product"}],"replies":[{"embeddable":true,"href":"https:\/\/palmiyesusleme.com\/index.php\/wp-json\/wp\/v2\/comments?post=9730"}],"wp:featuredmedia":[{"embeddable":true,"href":"https:\/\/palmiyesusleme.com\/index.php\/wp-json\/wp\/v2\/media\/9731"}],"wp:attachment":[{"href":"https:\/\/palmiyesusleme.com\/index.php\/wp-json\/wp\/v2\/media?parent=9730"}],"wp:term":[{"taxonomy":"product_cat","embeddable":true,"href":"https:\/\/palmiyesusleme.com\/index.php\/wp-json\/wp\/v2\/product_cat?post=9730"},{"taxonomy":"product_tag","embeddable":true,"href":"https:\/\/palmiyesusleme.com\/index.php\/wp-json\/wp\/v2\/product_tag?post=9730"}],"curies":[{"name":"wp","href":"https:\/\/api.w.org\/{rel}","templated":true}]}}