{"id":9732,"date":"2024-03-07T16:35:11","date_gmt":"2024-03-07T13:35:11","guid":{"rendered":"https:\/\/palmiyesusleme.com\/index.php\/urun\/rattan-enjeksiyon-orme-sandalye-rtt12\/"},"modified":"2024-03-07T16:35:14","modified_gmt":"2024-03-07T13:35:14","slug":"rattan-enjeksiyon-orme-sandalye-rtt12","status":"publish","type":"product","link":"https:\/\/palmiyesusleme.com\/index.php\/urun\/rattan-enjeksiyon-orme-sandalye-rtt12\/","title":{"rendered":"Rattan Enjeksiyon \u00d6rme Sandalye rtt12"},"content":{"rendered":"<p>&lt;p&gt;Rattan Enjeksiyon \u00d6rme Sandalye&amp;nbsp; Plastik enjeksiyon olmas\u0131 ile kolay temizlenmesi, kolay ta\u015f\u0131nmas\u0131 ve kolay temizlenmesi gibi avantajlar\u0131 sayesinde m\u00fc\u015fterilerimiz taraf\u0131ndan be\u011fenilip ra\u011fbet g\u00f6rmektedir. \u00dcr\u00fcn\u00fcm\u00fcz stoklarda yerini alm\u0131\u015f bulunmaktad\u0131r.&lt;br&gt;&lt;\/p&gt;<\/p>\n","protected":false},"excerpt":{"rendered":"<p>&lt;p&gt;Rattan Enjeksiyon \u00d6rme Sandalye&amp;nbsp; Plastik enjeksiyon olmas\u0131 ile kolay temizlenmesi, kolay ta\u015f\u0131nmas\u0131 ve kolay temizlenmesi gibi avantajlar\u0131 sayesinde m\u00fc\u015fterilerimiz taraf\u0131ndan be\u011fenilip ra\u011fbet g\u00f6rmektedir. \u00dcr\u00fcn\u00fcm\u00fcz stoklarda yerini alm\u0131\u015f bulunmaktad\u0131r.&lt;br&gt;&lt;\/p&gt;<\/p>\n","protected":false},"featured_media":9733,"comment_status":"closed","ping_status":"open","template":"","meta":{"_joinchat":[]},"product_cat":[20,21,19],"product_tag":[],"class_list":{"0":"post-9732","1":"product","2":"type-product","3":"status-publish","4":"has-post-thumbnail","6":"product_cat-bahce-rattan-sandalyeleri","7":"product_cat-rattan-enjeksiyon-sandalye","8":"product_cat-rattan-sandalyeler","10":"first","11":"instock","12":"product-type-simple"},"_links":{"self":[{"href":"https:\/\/palmiyesusleme.com\/index.php\/wp-json\/wp\/v2\/product\/9732","targetHints":{"allow":["GET"]}}],"collection":[{"href":"https:\/\/palmiyesusleme.com\/index.php\/wp-json\/wp\/v2\/product"}],"about":[{"href":"https:\/\/palmiyesusleme.com\/index.php\/wp-json\/wp\/v2\/types\/product"}],"replies":[{"embeddable":true,"href":"https:\/\/palmiyesusleme.com\/index.php\/wp-json\/wp\/v2\/comments?post=9732"}],"wp:featuredmedia":[{"embeddable":true,"href":"https:\/\/palmiyesusleme.com\/index.php\/wp-json\/wp\/v2\/media\/9733"}],"wp:attachment":[{"href":"https:\/\/palmiyesusleme.com\/index.php\/wp-json\/wp\/v2\/media?parent=9732"}],"wp:term":[{"taxonomy":"product_cat","embeddable":true,"href":"https:\/\/palmiyesusleme.com\/index.php\/wp-json\/wp\/v2\/product_cat?post=9732"},{"taxonomy":"product_tag","embeddable":true,"href":"https:\/\/palmiyesusleme.com\/index.php\/wp-json\/wp\/v2\/product_tag?post=9732"}],"curies":[{"name":"wp","href":"https:\/\/api.w.org\/{rel}","templated":true}]}}