{"id":9738,"date":"2024-03-07T16:35:11","date_gmt":"2024-03-07T13:35:11","guid":{"rendered":"https:\/\/palmiyesusleme.com\/index.php\/urun\/desenli-kollu-rattan-orme-sandalye-rtt18\/"},"modified":"2024-03-07T16:35:16","modified_gmt":"2024-03-07T13:35:16","slug":"desenli-kollu-rattan-orme-sandalye-rtt18","status":"publish","type":"product","link":"https:\/\/palmiyesusleme.com\/index.php\/urun\/desenli-kollu-rattan-orme-sandalye-rtt18\/","title":{"rendered":"Desenli Kollu Rattan \u00d6rme Sandalye rtt18"},"content":{"rendered":"<p>&lt;p&gt;Desenli Kollu Rattan \u00d6rme Sandalye desenleri sayesinde rattan sandalye klasik modellerine yeni bir tasar\u0131m getirmi\u015ftir. \u015e\u0131k bir desen tasar\u0131m\u0131na sahip olan \u00fcr\u00fcn\u00fcm\u00fcz stoklarda yerini alm\u0131\u015f bulunmaktad\u0131r. Kolay ta\u015f\u0131nmas\u0131, kolay temizlenmesi ve kullan\u0131lan alana \u015f\u0131kl\u0131k katacak \u00fcr\u00fcn\u00fcm\u00fcz ile kar\u015f\u0131n\u0131zday\u0131z.&lt;br&gt;&lt;\/p&gt;<\/p>\n","protected":false},"excerpt":{"rendered":"<p>&lt;p&gt;Desenli Kollu Rattan \u00d6rme Sandalye desenleri sayesinde rattan sandalye klasik modellerine yeni bir tasar\u0131m getirmi\u015ftir. \u015e\u0131k bir desen tasar\u0131m\u0131na sahip olan \u00fcr\u00fcn\u00fcm\u00fcz stoklarda yerini alm\u0131\u015f bulunmaktad\u0131r. Kolay ta\u015f\u0131nmas\u0131, kolay temizlenmesi ve kullan\u0131lan alana \u015f\u0131kl\u0131k katacak \u00fcr\u00fcn\u00fcm\u00fcz ile kar\u015f\u0131n\u0131zday\u0131z.&lt;br&gt;&lt;\/p&gt;<\/p>\n","protected":false},"featured_media":9739,"comment_status":"closed","ping_status":"open","template":"","meta":{"_joinchat":[]},"product_cat":[48,21,19],"product_tag":[],"class_list":{"0":"post-9738","1":"product","2":"type-product","3":"status-publish","4":"has-post-thumbnail","6":"product_cat-bahce-sandalyeleri","7":"product_cat-rattan-enjeksiyon-sandalye","8":"product_cat-rattan-sandalyeler","10":"first","11":"instock","12":"product-type-simple"},"_links":{"self":[{"href":"https:\/\/palmiyesusleme.com\/index.php\/wp-json\/wp\/v2\/product\/9738","targetHints":{"allow":["GET"]}}],"collection":[{"href":"https:\/\/palmiyesusleme.com\/index.php\/wp-json\/wp\/v2\/product"}],"about":[{"href":"https:\/\/palmiyesusleme.com\/index.php\/wp-json\/wp\/v2\/types\/product"}],"replies":[{"embeddable":true,"href":"https:\/\/palmiyesusleme.com\/index.php\/wp-json\/wp\/v2\/comments?post=9738"}],"wp:featuredmedia":[{"embeddable":true,"href":"https:\/\/palmiyesusleme.com\/index.php\/wp-json\/wp\/v2\/media\/9739"}],"wp:attachment":[{"href":"https:\/\/palmiyesusleme.com\/index.php\/wp-json\/wp\/v2\/media?parent=9738"}],"wp:term":[{"taxonomy":"product_cat","embeddable":true,"href":"https:\/\/palmiyesusleme.com\/index.php\/wp-json\/wp\/v2\/product_cat?post=9738"},{"taxonomy":"product_tag","embeddable":true,"href":"https:\/\/palmiyesusleme.com\/index.php\/wp-json\/wp\/v2\/product_tag?post=9738"}],"curies":[{"name":"wp","href":"https:\/\/api.w.org\/{rel}","templated":true}]}}