{"id":9740,"date":"2024-03-07T16:35:11","date_gmt":"2024-03-07T13:35:11","guid":{"rendered":"https:\/\/palmiyesusleme.com\/index.php\/urun\/beyaz-kalin-orme-rattan-kollu-sandalye-rtt20\/"},"modified":"2024-03-07T16:35:17","modified_gmt":"2024-03-07T13:35:17","slug":"beyaz-kalin-orme-rattan-kollu-sandalye-rtt20","status":"publish","type":"product","link":"https:\/\/palmiyesusleme.com\/index.php\/urun\/beyaz-kalin-orme-rattan-kollu-sandalye-rtt20\/","title":{"rendered":"Beyaz Kal\u0131n \u00d6rme Rattan Kollu Sandalye rtt20"},"content":{"rendered":"<p>&lt;p&gt;Beyaz Kal\u0131n \u00d6rme Rattan Kollu Sandalye&amp;nbsp; &amp;nbsp;Rahatl\u0131\u011f\u0131 ve konforu ile dikkat \u00e7ekmektedir,&amp;nbsp; kolay ta\u015f\u0131nmas\u0131 ve kolay temizlenmesin ya\u011fmura ve neme kar\u015f\u0131 dayan\u0131kl\u0131 olmas\u0131 gibi etkenlerden dolay\u0131 tercih edilen modeller aras\u0131ndad\u0131r.&lt;br&gt;&lt;\/p&gt;<\/p>\n","protected":false},"excerpt":{"rendered":"<p>&lt;p&gt;Beyaz Kal\u0131n \u00d6rme Rattan Kollu Sandalye&amp;nbsp; &amp;nbsp;Rahatl\u0131\u011f\u0131 ve konforu ile dikkat \u00e7ekmektedir,&amp;nbsp; kolay ta\u015f\u0131nmas\u0131 ve kolay temizlenmesin ya\u011fmura ve neme kar\u015f\u0131 dayan\u0131kl\u0131 olmas\u0131 gibi etkenlerden dolay\u0131 tercih edilen modeller aras\u0131ndad\u0131r.&lt;br&gt;&lt;\/p&gt;<\/p>\n","protected":false},"featured_media":9741,"comment_status":"closed","ping_status":"open","template":"","meta":{"_joinchat":[]},"product_cat":[20,48,21,19],"product_tag":[],"class_list":{"0":"post-9740","1":"product","2":"type-product","3":"status-publish","4":"has-post-thumbnail","6":"product_cat-bahce-rattan-sandalyeleri","7":"product_cat-bahce-sandalyeleri","8":"product_cat-rattan-enjeksiyon-sandalye","9":"product_cat-rattan-sandalyeler","11":"first","12":"instock","13":"product-type-simple"},"_links":{"self":[{"href":"https:\/\/palmiyesusleme.com\/index.php\/wp-json\/wp\/v2\/product\/9740","targetHints":{"allow":["GET"]}}],"collection":[{"href":"https:\/\/palmiyesusleme.com\/index.php\/wp-json\/wp\/v2\/product"}],"about":[{"href":"https:\/\/palmiyesusleme.com\/index.php\/wp-json\/wp\/v2\/types\/product"}],"replies":[{"embeddable":true,"href":"https:\/\/palmiyesusleme.com\/index.php\/wp-json\/wp\/v2\/comments?post=9740"}],"wp:featuredmedia":[{"embeddable":true,"href":"https:\/\/palmiyesusleme.com\/index.php\/wp-json\/wp\/v2\/media\/9741"}],"wp:attachment":[{"href":"https:\/\/palmiyesusleme.com\/index.php\/wp-json\/wp\/v2\/media?parent=9740"}],"wp:term":[{"taxonomy":"product_cat","embeddable":true,"href":"https:\/\/palmiyesusleme.com\/index.php\/wp-json\/wp\/v2\/product_cat?post=9740"},{"taxonomy":"product_tag","embeddable":true,"href":"https:\/\/palmiyesusleme.com\/index.php\/wp-json\/wp\/v2\/product_tag?post=9740"}],"curies":[{"name":"wp","href":"https:\/\/api.w.org\/{rel}","templated":true}]}}