{"id":9742,"date":"2024-03-07T16:35:11","date_gmt":"2024-03-07T13:35:11","guid":{"rendered":"https:\/\/palmiyesusleme.com\/index.php\/urun\/desenli-ince-orme-rattan-kollu-sandalye-rtt22\/"},"modified":"2024-03-07T16:35:17","modified_gmt":"2024-03-07T13:35:17","slug":"desenli-ince-orme-rattan-kollu-sandalye-rtt22","status":"publish","type":"product","link":"https:\/\/palmiyesusleme.com\/index.php\/urun\/desenli-ince-orme-rattan-kollu-sandalye-rtt22\/","title":{"rendered":"Desenli \u0130nce \u00d6rme Rattan Kollu Sandalye rtt22"},"content":{"rendered":"<p>&lt;p&gt;Desenli \u0130nce \u00d6rme Rattan Kollu Sandalye&amp;nbsp; desen tasar\u0131m\u0131 ile dikkat \u00e7eken ve \u00e7ok\u00e7a tercih edilen \u00fcr\u00fcn\u00fcm\u00fcz stoklarda yerini alm\u0131\u015f bulunmaktad\u0131r. Kolay temizlenmesi ve kolay ta\u015f\u0131nmas\u0131 gibi avantajlar sayesinde a\u00e7\u0131k alan ve bah\u00e7e gibi mekanlara uyum sa\u011flayabilmektedir.&lt;br&gt;&lt;\/p&gt;<\/p>\n","protected":false},"excerpt":{"rendered":"<p>&lt;p&gt;Desenli \u0130nce \u00d6rme Rattan Kollu Sandalye&amp;nbsp; desen tasar\u0131m\u0131 ile dikkat \u00e7eken ve \u00e7ok\u00e7a tercih edilen \u00fcr\u00fcn\u00fcm\u00fcz stoklarda yerini alm\u0131\u015f bulunmaktad\u0131r. Kolay temizlenmesi ve kolay ta\u015f\u0131nmas\u0131 gibi avantajlar sayesinde a\u00e7\u0131k alan ve bah\u00e7e gibi mekanlara uyum sa\u011flayabilmektedir.&lt;br&gt;&lt;\/p&gt;<\/p>\n","protected":false},"featured_media":9743,"comment_status":"closed","ping_status":"open","template":"","meta":{"_joinchat":[]},"product_cat":[48,21,19],"product_tag":[],"class_list":{"0":"post-9742","1":"product","2":"type-product","3":"status-publish","4":"has-post-thumbnail","6":"product_cat-bahce-sandalyeleri","7":"product_cat-rattan-enjeksiyon-sandalye","8":"product_cat-rattan-sandalyeler","10":"first","11":"instock","12":"product-type-simple"},"_links":{"self":[{"href":"https:\/\/palmiyesusleme.com\/index.php\/wp-json\/wp\/v2\/product\/9742","targetHints":{"allow":["GET"]}}],"collection":[{"href":"https:\/\/palmiyesusleme.com\/index.php\/wp-json\/wp\/v2\/product"}],"about":[{"href":"https:\/\/palmiyesusleme.com\/index.php\/wp-json\/wp\/v2\/types\/product"}],"replies":[{"embeddable":true,"href":"https:\/\/palmiyesusleme.com\/index.php\/wp-json\/wp\/v2\/comments?post=9742"}],"wp:featuredmedia":[{"embeddable":true,"href":"https:\/\/palmiyesusleme.com\/index.php\/wp-json\/wp\/v2\/media\/9743"}],"wp:attachment":[{"href":"https:\/\/palmiyesusleme.com\/index.php\/wp-json\/wp\/v2\/media?parent=9742"}],"wp:term":[{"taxonomy":"product_cat","embeddable":true,"href":"https:\/\/palmiyesusleme.com\/index.php\/wp-json\/wp\/v2\/product_cat?post=9742"},{"taxonomy":"product_tag","embeddable":true,"href":"https:\/\/palmiyesusleme.com\/index.php\/wp-json\/wp\/v2\/product_tag?post=9742"}],"curies":[{"name":"wp","href":"https:\/\/api.w.org\/{rel}","templated":true}]}}